{"id":5593,"date":"2026-02-05T16:28:23","date_gmt":"2026-02-05T08:28:23","guid":{"rendered":"https:\/\/minghanggroup.com\/?post_type=product&#038;p=5593"},"modified":"2026-02-05T16:29:37","modified_gmt":"2026-02-05T08:29:37","slug":"customized-clear-wine-bottles-for-brands-bulk","status":"publish","type":"product","link":"https:\/\/minghanggroup.com\/it\/prodotto\/customized-clear-wine-bottles-for-brands-bulk\/","title":{"rendered":"Bottiglie di vino trasparenti personalizzate da 750 ml per marchi all&#039;ingrosso"},"content":{"rendered":"<p>Metti il \u200b\u200bcuore in ogni annata: ora lascia che il mondo lo veda. Le nostre bottiglie di vino trasparenti da 750 ml mettono in mostra la vera anima del tuo vino: il bagliore rubino del claret, l&#039;ambrato intenso del borgogna, persino il sussurro dorato del vino fatto in casa. Nessun filtro. Pura fiducia. Come tuo partner per il vetro, creiamo bottiglie di vino davvero personalizzate che si adattano alla tua storia, non a un modello. Che tu stia imbottigliando vini rossi, spumanti o bottiglie di liquori artigianali, questa \u00e8 la tua tela.<\/p>\n<h2>Caratteristiche del prodotto<\/h2>\n<ul>\n<li><strong>Colori veri, mostrati in modo semplice:<\/strong> La bottiglia di vetro flint ad alta trasparenza \u00e8 come una finestra che consente ai clienti di vedere con certezza e di fidarsi del vero colore del vino ancor prima di berne il primo sorso.<\/li>\n<li><strong>Design stabile della base concava:<\/strong> La base concava rinforzata della bottiglia ne garantisce la stabilit\u00e0 sugli scaffali, nelle casse di vino o come vaso dopo essere stata svuotata. Un ottimo mix di tradizione e fiducia.<\/li>\n<li><strong>Forma della bottiglia arrotondata:<\/strong> La forma perfettamente arrotondata della bottiglia \u00e8 di moda e pu\u00f2 adattarsi bene a una vasta gamma di vini.<\/li>\n<\/ul>\n<h2>Specifiche chiave<\/h2>\n<table style=\"border-collapse: collapse; width: 80%; margin-left: auto; margin-right: auto;\" border=\"0\" width=\"144\" cellspacing=\"0\" cellpadding=\"0\">\n<tbody>\n<tr style=\"height: 13.50pt;\">\n<td style=\"height: 13.5pt; width: 54pt; text-align: center;\" width=\"72\" height=\"18\">Caratteristica<\/td>\n<td style=\"width: 54pt; text-align: center;\" width=\"72\">Dettaglio<\/td>\n<\/tr>\n<tr style=\"height: 13.50pt;\">\n<td style=\"height: 13.5pt; text-align: center;\" height=\"18\">Capacit\u00e0<\/td>\n<td style=\"text-align: center;\">750 ml<\/td>\n<\/tr>\n<tr style=\"height: 13.50pt;\">\n<td style=\"height: 13.5pt; text-align: center;\" height=\"18\">Dimensioni<\/td>\n<td style=\"text-align: center;\">9,5 \u00d7 30,0 centimetri<\/td>\n<\/tr>\n<tr style=\"height: 13.50pt;\">\n<td style=\"height: 13.5pt; text-align: center;\" height=\"18\">Finitura del manico<\/td>\n<td style=\"text-align: center;\">1,8 centimetri<\/td>\n<\/tr>\n<tr style=\"height: 13.50pt;\">\n<td style=\"height: 13.5pt; text-align: center;\" height=\"18\">Colore<\/td>\n<td style=\"text-align: center;\">Trasparente o personalizzato<\/td>\n<\/tr>\n<\/tbody>\n<\/table>\n<h2>Caso di successo<\/h2>\n<p>Una delle enoteche con un mercato al dettaglio di fascia medio-alta ha scelto di utilizzare le nostre bottiglie di vino trasparenti da 750 ml. Il cliente ha scelto un vetro flint alto e trasparente per valorizzare al meglio il colore del vino; anche la profondit\u00e0 del suono della bottiglia e la lunghezza del collo erano ottime e sono state adattate per conferire al pezzo un aspetto lussuoso sullo scaffale. Un logo del marchio splendidamente in rilievo \u00e8 stato inoltre inserito sulla spalla della bottiglia, migliorandone cos\u00ec la riconoscibilit\u00e0.<\/p>\n<p>Dopo l&#039;introduzione delle nuove bottiglie, le vendite della cantina sono aumentate del 32 percento nei primi due trimestri e il tasso di riordino si \u00e8 attestato al 45 percento, dimostrando cos\u00ec che le bottiglie progettate e realizzate su misura non solo hanno migliorato l&#039;immagine del marchio, ma hanno anche portato a una significativa crescita aziendale.<\/p>\n<h2>Le tue opzioni di personalizzazione<\/h2>\n<ol>\n<li><strong>Formulazione in vetro ad alta trasparenza:<\/strong> La composizione del vetro flint deve essere variata per aumentarne la brillantezza e la limpidezza cristallina, consentendo al colore naturale del vino di essere il protagonista assoluto sullo scaffale.<\/li>\n<li><strong>Elementi del branding integrato:<\/strong> \u00c8 possibile che sulla spalla o sul fondo della bottiglia sia presente una piccola goffratura per rappresentare un logo, delle iniziali o l&#039;annata, senza che ci\u00f2 modifichi il design dell&#039;etichetta.<\/li>\n<li><strong>Opzioni di texture superficiale:<\/strong> Presentano finiture parzialmente satinate o satinate che creeranno un buon contrasto senza per\u00f2 interferire con l&#039;area di esposizione del vino.<\/li>\n<\/ol>","protected":false},"excerpt":{"rendered":"<p>Bottiglie di vino trasparenti prodotte direttamente dalla fabbrica, con soluzioni personalizzate per ogni marchio. Ordini all&#039;ingrosso supportati, consegna rapida e campioni gratuiti disponibili.<\/p>","protected":false},"featured_media":5606,"template":"","meta":{"postBodyCss":"","postBodyMargin":[],"postBodyPadding":[],"postBodyBackground":{"backgroundType":"classic","gradient":""}},"product_brand":[],"product_cat":[15,16,84],"product_tag":[],"class_list":{"0":"post-5593","1":"product","2":"type-product","3":"status-publish","4":"has-post-thumbnail","6":"product_cat-glass-containers","7":"product_cat-glass-bottles","8":"product_cat-wine-bottles","10":"first","11":"instock","12":"shipping-taxable","13":"product-type-simple"},"jetpack_sharing_enabled":true,"_links":{"self":[{"href":"https:\/\/minghanggroup.com\/it\/wp-json\/wp\/v2\/product\/5593","targetHints":{"allow":["GET"]}}],"collection":[{"href":"https:\/\/minghanggroup.com\/it\/wp-json\/wp\/v2\/product"}],"about":[{"href":"https:\/\/minghanggroup.com\/it\/wp-json\/wp\/v2\/types\/product"}],"wp:featuredmedia":[{"embeddable":true,"href":"https:\/\/minghanggroup.com\/it\/wp-json\/wp\/v2\/media\/5606"}],"wp:attachment":[{"href":"https:\/\/minghanggroup.com\/it\/wp-json\/wp\/v2\/media?parent=5593"}],"wp:term":[{"taxonomy":"product_brand","embeddable":true,"href":"https:\/\/minghanggroup.com\/it\/wp-json\/wp\/v2\/product_brand?post=5593"},{"taxonomy":"product_cat","embeddable":true,"href":"https:\/\/minghanggroup.com\/it\/wp-json\/wp\/v2\/product_cat?post=5593"},{"taxonomy":"product_tag","embeddable":true,"href":"https:\/\/minghanggroup.com\/it\/wp-json\/wp\/v2\/product_tag?post=5593"}],"curies":[{"name":"wp","href":"https:\/\/api.w.org\/{rel}","templated":true}]}}