{"id":5588,"date":"2026-02-05T15:08:23","date_gmt":"2026-02-05T07:08:23","guid":{"rendered":"https:\/\/minghanggroup.com\/?post_type=product&#038;p=5588"},"modified":"2026-02-06T16:40:19","modified_gmt":"2026-02-06T08:40:19","slug":"amber-small-wine-bottles-wholesale","status":"publish","type":"product","link":"https:\/\/minghanggroup.com\/it\/prodotto\/amber-small-wine-bottles-wholesale\/","title":{"rendered":"Bottiglie di vino ambrate piccole da 210 ml all&#039;ingrosso"},"content":{"rendered":"<p>Si tratta di una bottiglia di vino compatta da 210 ml, realizzata in vetro ambrato di alta qualit\u00e0, resistente ai raggi UV. I suoi bordi lisci e dritti e la sua tonalit\u00e0 ambrata intensa offrono un&#039;ottima schermatura dalla luce, preservando cos\u00ec i delicati sapori e aromi del vino.<\/p>\n<h2>Caratteristiche del prodotto<\/h2>\n<ul>\n<li><strong>Migliore protezione dalla luce:<\/strong> La tonalit\u00e0 ambrata intensa offre una migliore protezione dalla luce, essenziale per la conservazione dei vini dolci e delicati.<\/li>\n<li><strong>Profilo classico e sottile:<\/strong> Il profilo sottile a forma di bottiglia \u00e8 leggero, sofisticato ed elegante, il che lo rende ideale per vini di alta qualit\u00e0 prodotti in piccole quantit\u00e0.<\/li>\n<li><strong>Capacit\u00e0 di 210 ml:<\/strong> Si tratta di una dimensione ideale per una degustazione generosa di vini da dessert o per un campione regalo di alta qualit\u00e0.<\/li>\n<\/ul>\n<h2 style=\"text-align: left;\">Specifiche chiave<\/h2>\n<table class=\"aligncenter\" style=\"border-collapse: collapse; width: 398.27pt;\" border=\"0\" width=\"531\" cellspacing=\"0\" cellpadding=\"0\">\n<tbody>\n<tr style=\"height: 13.50pt;\">\n<td style=\"height: 13.50pt; width: 115.50pt;\" width=\"154\" height=\"18\">Attributo<\/td>\n<td style=\"width: 282.75pt;\" width=\"377\">Dettagli<\/td>\n<\/tr>\n<tr style=\"height: 13.50pt;\">\n<td style=\"height: 13.50pt;\" height=\"18\">Capacit\u00e0<\/td>\n<td>210 ml<\/td>\n<\/tr>\n<tr style=\"height: 13.50pt;\">\n<td style=\"height: 13.50pt;\" height=\"18\">Materiale<\/td>\n<td>Vetro ambrato intenso<\/td>\n<\/tr>\n<tr style=\"height: 13.50pt;\">\n<td style=\"height: 13.50pt;\" height=\"18\">Forma della bottiglia<\/td>\n<td>Cilindro a corpo dritto con collo leggermente rastremato<\/td>\n<\/tr>\n<tr style=\"height: 13.50pt;\">\n<td style=\"height: 13.50pt;\" height=\"18\">Gamma di personalizzazione<\/td>\n<td>Dimensioni, colore, finitura, logo<\/td>\n<\/tr>\n<tr style=\"height: 13.50pt;\">\n<td style=\"height: 13.50pt;\" height=\"18\">Uso primario<\/td>\n<td>Bottiglie di vino ghiacciato, piccole bottiglie di vino<\/td>\n<\/tr>\n<tr style=\"height: 13.50pt;\">\n<td style=\"height: 13.50pt;\" height=\"18\">Settori target<\/td>\n<td>Cantine, produttori di bevande speciali<\/td>\n<\/tr>\n<\/tbody>\n<\/table>\n<h2>Storia di successo<\/h2>\n<p>La nostra piccola bottiglia di vino alta e color ambra \u00e8 stata selezionata da una famosa azienda vinicola canadese, che l&#039;ha modificata con una finitura satinata e il logo serigrafato in lamina d&#039;oro sul fondo. Il risultato \u00e8 stato sorprendente: la capacit\u00e0 di 210 ml l&#039;ha resa un prodotto di punta nei loro set regalo natalizi e tutte le vendite sono aumentate del 60%. Il vetro con protezione UV mantiene intatti gli aromi delicati del vino per un periodo di 24 mesi. L&#039;azienda vinicola \u00e8 stata molto soddisfatta della bottiglia e ne ha ordinato un altro lotto di 150.000 bottiglie.<\/p>\n<h2>Consigli per la personalizzazione delle bottiglie di vino all&#039;ingrosso<\/h2>\n<ul>\n<li>Scelta del colore: sono disponibili varie opzioni di colore ambra per soddisfare particolari esigenze di schermatura della luce.<\/li>\n<li>Regolazione della forma: dare alla bottiglia una forma conica pi\u00f9 marcata per ottenere un aspetto distintivo.<\/li>\n<li>Design del fondo: per aumentare la stabilit\u00e0, il fondo dovrebbe essere leggermente rientrante per dare la percezione di alta qualit\u00e0 del prodotto.<\/li>\n<\/ul>","protected":false},"excerpt":{"rendered":"<p>Bottiglie di vino all&#039;ingrosso realizzate in piccole bottiglie color ambra scuro con protezione UV. Supporto OEM per la personalizzazione di logo, finiture, peso della bottiglia e imballaggio in cartone.<\/p>","protected":false},"featured_media":5595,"template":"","meta":{"postBodyCss":"","postBodyMargin":[],"postBodyPadding":[],"postBodyBackground":{"backgroundType":"classic","gradient":""}},"product_brand":[],"product_cat":[15,16,84],"product_tag":[],"class_list":{"0":"post-5588","1":"product","2":"type-product","3":"status-publish","4":"has-post-thumbnail","6":"product_cat-glass-containers","7":"product_cat-glass-bottles","8":"product_cat-wine-bottles","10":"first","11":"instock","12":"shipping-taxable","13":"product-type-simple"},"jetpack_sharing_enabled":true,"_links":{"self":[{"href":"https:\/\/minghanggroup.com\/it\/wp-json\/wp\/v2\/product\/5588","targetHints":{"allow":["GET"]}}],"collection":[{"href":"https:\/\/minghanggroup.com\/it\/wp-json\/wp\/v2\/product"}],"about":[{"href":"https:\/\/minghanggroup.com\/it\/wp-json\/wp\/v2\/types\/product"}],"wp:featuredmedia":[{"embeddable":true,"href":"https:\/\/minghanggroup.com\/it\/wp-json\/wp\/v2\/media\/5595"}],"wp:attachment":[{"href":"https:\/\/minghanggroup.com\/it\/wp-json\/wp\/v2\/media?parent=5588"}],"wp:term":[{"taxonomy":"product_brand","embeddable":true,"href":"https:\/\/minghanggroup.com\/it\/wp-json\/wp\/v2\/product_brand?post=5588"},{"taxonomy":"product_cat","embeddable":true,"href":"https:\/\/minghanggroup.com\/it\/wp-json\/wp\/v2\/product_cat?post=5588"},{"taxonomy":"product_tag","embeddable":true,"href":"https:\/\/minghanggroup.com\/it\/wp-json\/wp\/v2\/product_tag?post=5588"}],"curies":[{"name":"wp","href":"https:\/\/api.w.org\/{rel}","templated":true}]}}