{"id":5583,"date":"2026-02-05T15:09:41","date_gmt":"2026-02-05T07:09:41","guid":{"rendered":"https:\/\/minghanggroup.com\/?post_type=product&#038;p=5583"},"modified":"2026-02-05T16:59:18","modified_gmt":"2026-02-05T08:59:18","slug":"clear-glass-bottles-for-wine-wine-bottle-suppliers","status":"publish","type":"product","link":"https:\/\/minghanggroup.com\/it\/prodotto\/clear-glass-bottles-for-wine-wine-bottle-suppliers\/","title":{"rendered":"Bottiglie di vetro trasparente da 750 ml per vino | Fornitori di bottiglie di vino"},"content":{"rendered":"<p>Vuoi che l&#039;anima del tuo vino brilli, e le nostre bottiglie in vetro cristallino lo rendono possibile. Ammira il bagliore rubino del tuo claret, l&#039;ambra intenso del borgogna, persino il sussurro dorato del vino fatto in casa. Come fornitori dedicati di bottiglie di vino, realizziamo bottiglie in vetro versatili che onorano la tradizione e si adattano al tuo flusso di lavoro. Che tu stia imbottigliando vini rossi, spumanti o bottiglie di liquori artigianali, questa \u00e8 la tua tela.<\/p>\n<h2>Caratteristiche del prodotto<\/h2>\n<ul>\n<li><strong>Vetrina dei colori reali:<\/strong> L&#039;uso del vetro trasparente e puro consente al cliente di vedere attraverso ogni colore, facendogli credere esattamente ci\u00f2 che vede prima del primo sorso.<\/li>\n<li><strong>Silhouette classica Bordeaux:<\/strong> Crea una bottiglia di vino senza tempo, con spalle lisce e collo slanciato. Si adatta facilmente ai portabottiglie standard. Dona una sensazione di lusso quando la si tiene in mano.<\/li>\n<li><strong>Chiusura Libert\u00e0, a modo tuo:<\/strong> Se amate i tradizionali tappi in sughero naturale, che si aprono a mano e si girano, in alluminio + guarnizione in silicone per una bottiglia sigillata e a prova di perdite, scegliete i tappi sintetici o i tappi lunghi pi\u00f9 eleganti.<\/li>\n<\/ul>\n<h2>Specifiche chiave<\/h2>\n<table style=\"border-collapse: collapse; width: 80%; margin-left: auto; margin-right: auto;\" border=\"0\" width=\"144\" cellspacing=\"0\" cellpadding=\"0\">\n<tbody>\n<tr style=\"height: 13.50pt;\">\n<td style=\"height: 13.5pt; width: 54pt; text-align: center;\" width=\"72\" height=\"18\">Caratteristica<\/td>\n<td style=\"width: 54pt; text-align: center;\" width=\"72\">Dettaglio<\/td>\n<\/tr>\n<tr style=\"height: 13.50pt;\">\n<td style=\"height: 13.5pt; text-align: center;\" height=\"18\">Capacit\u00e0<\/td>\n<td style=\"text-align: center;\">750 ml<\/td>\n<\/tr>\n<tr style=\"height: 13.50pt;\">\n<td style=\"height: 13.5pt; text-align: center;\" height=\"18\">Dimensioni (cm)<\/td>\n<td style=\"text-align: center;\">8,0 \u00d7 29,6<\/td>\n<\/tr>\n<tr style=\"height: 13.50pt;\">\n<td style=\"height: 13.5pt; text-align: center;\" height=\"18\">Finitura del manico (cm)<\/td>\n<td style=\"text-align: center;\" align=\"right\">1.8<\/td>\n<\/tr>\n<tr style=\"height: 13.50pt;\">\n<td style=\"height: 13.5pt; text-align: center;\" height=\"18\">Colore<\/td>\n<td style=\"text-align: center;\">Vetro trasparente Flint<\/td>\n<\/tr>\n<tr style=\"height: 13.50pt;\">\n<td style=\"height: 13.5pt; text-align: center;\" height=\"18\">Opzioni di chiusura<\/td>\n<td style=\"text-align: center;\">Tappi di sughero naturali per vino, tappo sintetico, guarnizione in alluminio + silicone a torsione manuale, tappo lungo<\/td>\n<\/tr>\n<\/tbody>\n<\/table>\n<h2>Caso di successo<\/h2>\n<p>Un&#039;azienda vinicola boutique europea ha utilizzato la nostra bottiglia da 750 ml per vino rosso come soluzione di confezionamento principale per la sua edizione speciale di vino rosso secco. La bottiglia presenta diverse caratteristiche, come il vetro bianco ad alta trasparenza che enfatizza il fascino del colore del vino, un fondo profondamente arcuato per una migliore maneggevolezza e una maggiore stabilit\u00e0 durante l&#039;esposizione, e un design della spalla appositamente studiato per una silhouette ancora pi\u00f9 raffinata. Per la finitura superficiale, il cliente ha optato per una sabbiatura parziale abbinata alla serigrafia, alla stampa degli emblemi della cantina e a una soluzione di sigillatura personalizzata nella stessa combinazione di colori dell&#039;etichetta principale del vino.<\/p>\n<p>Nel primo trimestre di vendita dopo il lancio, le vendite di questa serie di vini rossi sono cresciute di circa il 38% su base annua nei principali canali di distribuzione. Sulla base del feedback positivo del mercato e dell&#039;affidabilit\u00e0 delle forniture del cliente, quest&#039;ultimo ha effettuato altri due ordini nello stesso anno, portando il quantitativo complessivo riacquistato a circa il 60% in pi\u00f9 rispetto all&#039;ordine iniziale.<\/p>\n<h2>I tuoi percorsi di personalizzazione<\/h2>\n<ol>\n<li><strong>Modello antiscivolo:<\/strong> Per garantire una presa migliore ed evitare che la bottiglia scivoli, le parti del corpo della bottiglia possono essere dotate di texture sottili o micro-goffrature. Questa caratteristica \u00e8 particolarmente adatta per la ristorazione e la degustazione.<\/li>\n<li><strong>Bottiglia personalizzata, codifica inferiore:<\/strong> Permette di aggiungere numeri di stampo, numeri di lotto o codici di tracciabilit\u00e0 interna ai fondi delle bottiglie, il che aiuter\u00e0 la catena di approvvigionamento e la gestione della qualit\u00e0 delle aziende vinicole.<\/li>\n<li><strong>Finiture superficiali migliorate:<\/strong> I loghi dei marchi o gli identificatori di serie possono essere evidenziati tramite opzioni personalizzabili come la serigrafia, l&#039;applicazione di decalcomanie, la satinatura, la spruzzatura o la finitura lucida selettiva.<\/li>\n<\/ol>","protected":false},"excerpt":{"rendered":"<p>Bottiglie di vetro di alta qualit\u00e0 per vino, provenienti da fornitori di fiducia. Direttamente dalla fabbrica, garantiamo consegne rapide, adatte a cantine e marchi.<\/p>","protected":false},"featured_media":5592,"template":"","meta":{"postBodyCss":"","postBodyMargin":[],"postBodyPadding":[],"postBodyBackground":{"backgroundType":"classic","gradient":""}},"product_brand":[],"product_cat":[15,16,84],"product_tag":[],"class_list":{"0":"post-5583","1":"product","2":"type-product","3":"status-publish","4":"has-post-thumbnail","6":"product_cat-glass-containers","7":"product_cat-glass-bottles","8":"product_cat-wine-bottles","10":"first","11":"instock","12":"shipping-taxable","13":"product-type-simple"},"jetpack_sharing_enabled":true,"_links":{"self":[{"href":"https:\/\/minghanggroup.com\/it\/wp-json\/wp\/v2\/product\/5583","targetHints":{"allow":["GET"]}}],"collection":[{"href":"https:\/\/minghanggroup.com\/it\/wp-json\/wp\/v2\/product"}],"about":[{"href":"https:\/\/minghanggroup.com\/it\/wp-json\/wp\/v2\/types\/product"}],"wp:featuredmedia":[{"embeddable":true,"href":"https:\/\/minghanggroup.com\/it\/wp-json\/wp\/v2\/media\/5592"}],"wp:attachment":[{"href":"https:\/\/minghanggroup.com\/it\/wp-json\/wp\/v2\/media?parent=5583"}],"wp:term":[{"taxonomy":"product_brand","embeddable":true,"href":"https:\/\/minghanggroup.com\/it\/wp-json\/wp\/v2\/product_brand?post=5583"},{"taxonomy":"product_cat","embeddable":true,"href":"https:\/\/minghanggroup.com\/it\/wp-json\/wp\/v2\/product_cat?post=5583"},{"taxonomy":"product_tag","embeddable":true,"href":"https:\/\/minghanggroup.com\/it\/wp-json\/wp\/v2\/product_tag?post=5583"}],"curies":[{"name":"wp","href":"https:\/\/api.w.org\/{rel}","templated":true}]}}