{"id":5542,"date":"2026-02-18T11:50:31","date_gmt":"2026-02-18T03:50:31","guid":{"rendered":"https:\/\/minghanggroup.com\/?post_type=product&#038;p=5542"},"modified":"2026-02-04T14:33:26","modified_gmt":"2026-02-04T06:33:26","slug":"16-oz-clear-glass-bottles-for-juices-with-lids-bulk","status":"publish","type":"product","link":"https:\/\/minghanggroup.com\/it\/prodotto\/16-oz-clear-glass-bottles-for-juices-with-lids-bulk\/","title":{"rendered":"Bottiglie di vetro trasparente da 16 once per succhi con coperchi sfusi"},"content":{"rendered":"<p>Si tratta di bottiglie di vetro per succhi, caratterizzate da un design cilindrico sottile e dritto, facili da tenere in mano e conservare. I tappi a vite garantiscono una chiusura ermetica.<\/p>\n<h2>Caratteristiche del prodotto<\/h2>\n<ul>\n<li><strong>Design snello, dritto e cilindrico:<\/strong> Il design cilindrico \u00e8 snello in verticale e garantisce il massimo sfruttamento dello spazio; il cilindro \u00e8 impilabile e pu\u00f2 contenere la maggior parte dei portabicchieri e delle borse.<\/li>\n<li><strong>Materiale trasparente e liscio:<\/strong> Il materiale del vetro \u00e8 perfetto e trasparente, cos\u00ec da permetterti di vedere la bevanda al suo interno.<\/li>\n<li><strong>Tappo a vite di sicurezza:<\/strong> Il tappo a vite in dotazione serve a garantire una tenuta salda e un tocco di classe.<\/li>\n<\/ul>\n<h2 style=\"text-align: left;\">Specifiche chiave<\/h2>\n<table class=\"aligncenter\" style=\"border-collapse: collapse; width: 408.77pt;\" border=\"0\" width=\"545\" cellspacing=\"0\" cellpadding=\"0\">\n<tbody>\n<tr style=\"height: 13.50pt;\">\n<td style=\"height: 13.50pt; width: 115.50pt;\" width=\"154\" height=\"18\">Attributo<\/td>\n<td style=\"width: 293.25pt;\" width=\"391\">Dettagli<\/td>\n<\/tr>\n<tr style=\"height: 13.50pt;\">\n<td style=\"height: 13.50pt;\" height=\"18\">Capacit\u00e0<\/td>\n<td>500 ml (16 once)<\/td>\n<\/tr>\n<tr style=\"height: 13.50pt;\">\n<td style=\"height: 13.50pt;\" height=\"18\">Dimensioni<\/td>\n<td>Diametro 65 mm \u00d7 altezza 150 mm<\/td>\n<\/tr>\n<tr style=\"height: 13.50pt;\">\n<td style=\"height: 13.50pt;\" height=\"18\">Materiale<\/td>\n<td>Vetro borosilicato alto<\/td>\n<\/tr>\n<tr style=\"height: 13.50pt;\">\n<td style=\"height: 13.50pt;\" height=\"18\">Forma della bottiglia<\/td>\n<td>Parete dritta, stile lattina<\/td>\n<\/tr>\n<tr style=\"height: 13.50pt;\">\n<td style=\"height: 13.50pt;\" height=\"18\">Gamma di personalizzazione<\/td>\n<td>Forma, dimensione, colore, finitura, tipo di coperchio, accessori<\/td>\n<\/tr>\n<tr style=\"height: 13.50pt;\">\n<td style=\"height: 13.50pt;\" height=\"18\">Artigianato<\/td>\n<td>Vetro liscio e senza giunzioni con base rinforzata<\/td>\n<\/tr>\n<tr style=\"height: 13.50pt;\">\n<td style=\"height: 13.50pt;\" height=\"18\">Uso primario<\/td>\n<td>Bottiglie di vetro per succhi, bottiglie per bevande ghiacciate<\/td>\n<\/tr>\n<tr style=\"height: 13.50pt;\">\n<td style=\"height: 13.50pt;\" height=\"18\">Settori target<\/td>\n<td>Commercio all&#039;ingrosso di bevande, bevande speciali<\/td>\n<\/tr>\n<\/tbody>\n<\/table>\n<h2>Storia di successo: una catena di frullati di frutta e verdura della Florida<\/h2>\n<p>Le bottiglie in vetro da 16 once per bevande sono state scelte da un grande negozio nazionale di alimenti naturali e personalizzate con un aspetto satinato e informazioni nutrizionali serigrafate. Il loro aspetto pulito e uniforme le ha fatte risaltare sugli scaffali, con un conseguente aumento delle vendite di un sorprendente 57%. Il formato da 500 ml \u00e8 stato il preferito dai clienti e la soddisfazione \u00e8 aumentata del 25%. Il successo \u00e8 stato tale che l&#039;azienda ha ordinato un&#039;altra fornitura di 3 milioni di bottiglie per garantire la fornitura ai propri negozi nei due anni successivi. Bottiglie di vetro personalizzate per succhi di frutta.<\/p>\n<h2>Personalizzazione di bottiglie di vetro per succhi<\/h2>\n<ul>\n<li>Coordinamento dei colori: conservare le bevande sensibili alla luce in bicchieri color ambra o verde.<\/li>\n<li>Design personalizzati per i tappi: possono essere di vari colori (nero, verde, trasparente) oppure possono riportare il timbro del tuo marchio.<\/li>\n<li>Serigrafia: stampa diretta di grafica di alta qualit\u00e0, informazioni nutrizionali o grafica a copertura totale.<\/li>\n<\/ul>","protected":false},"excerpt":{"rendered":"<p>Bottiglie in vetro per succhi realizzate come bottiglie trasparenti da 16 once per bevande con coperchi ermetici. Queste bottiglie per bevande offrono un profilo verticale sottile. Campioni gratuiti.<\/p>","protected":false},"featured_media":5552,"template":"","meta":{"postBodyCss":"","postBodyMargin":[],"postBodyPadding":[],"postBodyBackground":{"backgroundType":"classic","gradient":""}},"product_brand":[],"product_cat":[15,16,83],"product_tag":[],"class_list":{"0":"post-5542","1":"product","2":"type-product","3":"status-publish","4":"has-post-thumbnail","6":"product_cat-glass-containers","7":"product_cat-glass-bottles","8":"product_cat-glass-beverage-bottles","10":"first","11":"instock","12":"shipping-taxable","13":"product-type-simple"},"jetpack_sharing_enabled":true,"_links":{"self":[{"href":"https:\/\/minghanggroup.com\/it\/wp-json\/wp\/v2\/product\/5542","targetHints":{"allow":["GET"]}}],"collection":[{"href":"https:\/\/minghanggroup.com\/it\/wp-json\/wp\/v2\/product"}],"about":[{"href":"https:\/\/minghanggroup.com\/it\/wp-json\/wp\/v2\/types\/product"}],"wp:featuredmedia":[{"embeddable":true,"href":"https:\/\/minghanggroup.com\/it\/wp-json\/wp\/v2\/media\/5552"}],"wp:attachment":[{"href":"https:\/\/minghanggroup.com\/it\/wp-json\/wp\/v2\/media?parent=5542"}],"wp:term":[{"taxonomy":"product_brand","embeddable":true,"href":"https:\/\/minghanggroup.com\/it\/wp-json\/wp\/v2\/product_brand?post=5542"},{"taxonomy":"product_cat","embeddable":true,"href":"https:\/\/minghanggroup.com\/it\/wp-json\/wp\/v2\/product_cat?post=5542"},{"taxonomy":"product_tag","embeddable":true,"href":"https:\/\/minghanggroup.com\/it\/wp-json\/wp\/v2\/product_tag?post=5542"}],"curies":[{"name":"wp","href":"https:\/\/api.w.org\/{rel}","templated":true}]}}