{"id":5531,"date":"2026-02-14T10:11:35","date_gmt":"2026-02-14T02:11:35","guid":{"rendered":"https:\/\/minghanggroup.com\/?post_type=product&#038;p=5531"},"modified":"2026-03-02T13:36:10","modified_gmt":"2026-03-02T05:36:10","slug":"frosted-reusable-glass-juice-bottles-for-packaging-bulk","status":"publish","type":"product","link":"https:\/\/minghanggroup.com\/it\/prodotto\/frosted-reusable-glass-juice-bottles-for-packaging-bulk\/","title":{"rendered":"Bottiglie di succo in vetro riutilizzabili smerigliate da 9 oz, 12 oz e 16 oz per il confezionamento alla rinfusa"},"content":{"rendered":"<p>Le nostre bottiglie di vetro riutilizzabili per succhi sono realizzate in pregiato vetro satinato traslucido. Il corpo morbido e pieno si allarga fino a formare un collo sottile per facilitare il versamento, mentre il robusto tappo a vite in metallo mantiene la freschezza del prodotto e garantisce l&#039;assenza di perdite.<\/p>\n<h2>Caratteristiche del prodotto<\/h2>\n<ul>\n<li><strong>Texture smerigliata:<\/strong> La finitura opaca attenua i riflessi e le impronte digitali e aggiunge un tocco di lusso all&#039;esposizione dei tuoi prodotti.<\/li>\n<li><strong>Sigillatura superiore:<\/strong> Il tappo a vite in metallo \u00e8 molto stretto e il contenuto \u00e8 sigillato per evitare perdite.<\/li>\n<li><strong>Diverse dimensioni:<\/strong> Sono disponibili formati da 9 oz, 12 oz e 16 oz per soddisfare le diverse esigenze in fatto di bevande.<\/li>\n<\/ul>\n<h2 style=\"text-align: left;\">Specifiche chiave<\/h2>\n<table class=\"aligncenter\" style=\"border-collapse: collapse; width: 447.77pt;\" border=\"0\" width=\"597\" cellspacing=\"0\" cellpadding=\"0\">\n<tbody>\n<tr style=\"height: 13.50pt;\">\n<td style=\"height: 13.50pt; width: 115.50pt;\" width=\"154\" height=\"18\">Attributo<\/td>\n<td style=\"width: 332.25pt;\" width=\"443\">Dettagli<\/td>\n<\/tr>\n<tr style=\"height: 13.50pt;\">\n<td style=\"height: 13.50pt;\" height=\"18\">Capacit\u00e0<\/td>\n<td>270 ml (9 once), 350 ml (12 once), 500 ml (16 once)<\/td>\n<\/tr>\n<tr style=\"height: 13.50pt;\">\n<td style=\"height: 13.50pt;\" height=\"18\">Dimensioni<\/td>\n<td>65\u00d7136 mm, 70\u00d7147 mm, 78\u00d7163 mm<\/td>\n<\/tr>\n<tr style=\"height: 13.50pt;\">\n<td style=\"height: 13.50pt;\" height=\"18\">Materiale<\/td>\n<td>Vetro smerigliato<\/td>\n<\/tr>\n<tr style=\"height: 13.50pt;\">\n<td style=\"height: 13.50pt;\" height=\"18\">Forma della bottiglia<\/td>\n<td>Corpo largo, contorno arrotondato<\/td>\n<\/tr>\n<tr style=\"height: 13.50pt;\">\n<td style=\"height: 13.50pt;\" height=\"18\">Gamma di personalizzazione<\/td>\n<td>Dimensioni, finitura, colore del coperchio, goffratura, colorazione<\/td>\n<\/tr>\n<tr style=\"height: 13.50pt;\">\n<td style=\"height: 13.50pt;\" height=\"18\">Artigianato<\/td>\n<td>Spessore della parete uniforme, filettatura liscia<\/td>\n<\/tr>\n<tr style=\"height: 13.50pt;\">\n<td style=\"height: 13.50pt;\" height=\"18\">Uso primario<\/td>\n<td>Bottiglie di vetro riutilizzabili per succhi, bottiglie per bevande speciali<\/td>\n<\/tr>\n<tr style=\"height: 13.50pt;\">\n<td style=\"height: 13.50pt;\" height=\"18\">Settori target<\/td>\n<td>Commercio all&#039;ingrosso di bevande, vendita al dettaglio specializzata<\/td>\n<\/tr>\n<\/tbody>\n<\/table>\n<h2>Storia di successo: Storia di successo di un marchio europeo di bevande<\/h2>\n<p>Un&#039;azienda europea di bevande ha deciso di utilizzare la nostra bottiglia in vetro satinato da 350 ml con tappo dorato per il suo nuovo succo di frutta biologico appena spremuto. I risultati sono stati sorprendenti: secondo i sondaggi tra i clienti, l&#039;attrattiva a scaffale \u00e8 aumentata del 35% e l&#039;elegante confezione ha fatto lo stesso, con una condivisione sui social media dell&#039;80%. Pienamente soddisfatti del risultato, hanno ordinato altre 300.000 bottiglie.<\/p>\n<h2>Personalizzazione di bottiglie di succo in vetro riutilizzabili<\/h2>\n<ul>\n<li>Forma personalizzata: adatta il concetto wide-body alla forma Boston rotonda o quadrata per sfruttare al meglio lo spazio sugli scaffali.<\/li>\n<li>Coperchio: scegli diverse finiture metalliche o materiali pi\u00f9 ecologici come il bamb\u00f9.<\/li>\n<li>Colorazione: ai bicchieri delle persone sensibili alla luce si consiglia di aggiungere tonalit\u00e0 chiare come l&#039;ambra o il verde.<\/li>\n<\/ul>","protected":false},"excerpt":{"rendered":"<p>Bottiglie di succo riutilizzabili in vetro smerigliato, progettate come bottiglie di vetro resistenti per succhi, adatte per il branding e per imballaggi di bevande personalizzati tramite servizio OEM.<\/p>","protected":false},"featured_media":5538,"template":"","meta":{"postBodyCss":"","postBodyMargin":[],"postBodyPadding":[],"postBodyBackground":{"backgroundType":"classic","gradient":""}},"product_brand":[],"product_cat":[15,16,83],"product_tag":[92],"class_list":{"0":"post-5531","1":"product","2":"type-product","3":"status-publish","4":"has-post-thumbnail","6":"product_cat-glass-containers","7":"product_cat-glass-bottles","8":"product_cat-glass-beverage-bottles","9":"product_tag-glass-liquor-bottles","11":"first","12":"instock","13":"shipping-taxable","14":"product-type-simple"},"jetpack_sharing_enabled":true,"_links":{"self":[{"href":"https:\/\/minghanggroup.com\/it\/wp-json\/wp\/v2\/product\/5531","targetHints":{"allow":["GET"]}}],"collection":[{"href":"https:\/\/minghanggroup.com\/it\/wp-json\/wp\/v2\/product"}],"about":[{"href":"https:\/\/minghanggroup.com\/it\/wp-json\/wp\/v2\/types\/product"}],"wp:featuredmedia":[{"embeddable":true,"href":"https:\/\/minghanggroup.com\/it\/wp-json\/wp\/v2\/media\/5538"}],"wp:attachment":[{"href":"https:\/\/minghanggroup.com\/it\/wp-json\/wp\/v2\/media?parent=5531"}],"wp:term":[{"taxonomy":"product_brand","embeddable":true,"href":"https:\/\/minghanggroup.com\/it\/wp-json\/wp\/v2\/product_brand?post=5531"},{"taxonomy":"product_cat","embeddable":true,"href":"https:\/\/minghanggroup.com\/it\/wp-json\/wp\/v2\/product_cat?post=5531"},{"taxonomy":"product_tag","embeddable":true,"href":"https:\/\/minghanggroup.com\/it\/wp-json\/wp\/v2\/product_tag?post=5531"}],"curies":[{"name":"wp","href":"https:\/\/api.w.org\/{rel}","templated":true}]}}