{"id":5516,"date":"2026-02-03T16:18:25","date_gmt":"2026-02-03T08:18:25","guid":{"rendered":"https:\/\/minghanggroup.com\/?post_type=product&#038;p=5516"},"modified":"2026-04-14T09:42:22","modified_gmt":"2026-04-14T01:42:22","slug":"16-oz-juice-glass-bottles-with-wooden-lids-bulk","status":"publish","type":"product","link":"https:\/\/minghanggroup.com\/it\/prodotto\/16-oz-juice-glass-bottles-with-wooden-lids-bulk\/","title":{"rendered":"Bottiglie di vetro per succhi da 16 once con coperchi in legno sfuse"},"content":{"rendered":"<p>Le nostre bottiglie di vetro per succhi da 16 once, che sembrano lattine di alluminio, sono realizzate in vetro trasparente per alimenti con un tappo in bamb\u00f9 naturale e un porta cannuccia in acciaio inossidabile che si adatta facilmente per chiudere la bottiglia e mantenerla a prova di fuoriuscita.<\/p>\n<h2>Caratteristiche del prodotto<\/h2>\n<ul>\n<li><strong>Design a cilindro dritto in stile lattina:<\/strong> Il design verticale della lattina \u00e8 unico e pratico, in quanto si adatta bene a diversi portabicchieri, che possono essere facilmente impilati.<\/li>\n<li><strong>Vetro trasparente:<\/strong> Il vetro trasparente ti permetter\u00e0 di vedere esattamente cosa stai bevendo e di far risaltare la sua immagine fresca e attraente.<\/li>\n<li><strong>Tappo di chiusura in legno + cannuccia di metallo:<\/strong> Si tratta di un tappo in legno con un foro incorporato per bere e una cannuccia metallica flessibile incorporata, comodo da trasportare e da portare con s\u00e9 ovunque e in qualsiasi momento, evitando fuoriuscite.<\/li>\n<\/ul>\n<h2 style=\"text-align: left;\">Specifiche chiave<\/h2>\n<table class=\"aligncenter\" style=\"border-collapse: collapse; width: 408.77pt;\" border=\"0\" width=\"545\" cellspacing=\"0\" cellpadding=\"0\">\n<tbody>\n<tr style=\"height: 13.50pt;\">\n<td style=\"height: 13.50pt; width: 115.50pt;\" width=\"154\" height=\"18\">Attributo<\/td>\n<td style=\"width: 293.25pt;\" width=\"391\">Dettagli<\/td>\n<\/tr>\n<tr style=\"height: 13.50pt;\">\n<td style=\"height: 13.50pt;\" height=\"18\">Capacit\u00e0<\/td>\n<td>500 ml (16 once)<\/td>\n<\/tr>\n<tr style=\"height: 13.50pt;\">\n<td style=\"height: 13.50pt;\" height=\"18\">Dimensioni<\/td>\n<td>Diametro 65 mm \u00d7 altezza 150 mm<\/td>\n<\/tr>\n<tr style=\"height: 13.50pt;\">\n<td style=\"height: 13.50pt;\" height=\"18\">Materiale<\/td>\n<td>Vetro borosilicato alto<\/td>\n<\/tr>\n<tr style=\"height: 13.50pt;\">\n<td style=\"height: 13.50pt;\" height=\"18\">Forma della bottiglia<\/td>\n<td>Parete dritta, stile lattina<\/td>\n<\/tr>\n<tr style=\"height: 13.50pt;\">\n<td style=\"height: 13.50pt;\" height=\"18\">Gamma di personalizzazione<\/td>\n<td>Forma, dimensione, colore, finitura, tipo di coperchio, accessori<\/td>\n<\/tr>\n<tr style=\"height: 13.50pt;\">\n<td style=\"height: 13.50pt;\" height=\"18\">Artigianato<\/td>\n<td>Vetro liscio e senza giunzioni con base rinforzata<\/td>\n<\/tr>\n<tr style=\"height: 13.50pt;\">\n<td style=\"height: 13.50pt;\" height=\"18\">Uso primario<\/td>\n<td>Bottiglie di vetro per succhi, bottiglie per bevande ghiacciate<\/td>\n<\/tr>\n<tr style=\"height: 13.50pt;\">\n<td style=\"height: 13.50pt;\" height=\"18\">Settori target<\/td>\n<td>Commercio all&#039;ingrosso di bevande, bevande speciali<\/td>\n<\/tr>\n<\/tbody>\n<\/table>\n<h2>Storia di successo: una catena di frullati di frutta e verdura della Florida<\/h2>\n<p>Una delle catene di frullati di frutta della Florida ha scelto le nostre bottiglie di vetro da 16 once e ha differenziato il colore del tappo in legno. L&#039;intera gamma di prodotti (bottiglia, tappo, cannuccia) \u00e8 stata un successo e l&#039;80% dei clienti l&#039;ha preferita ai bicchieri usa e getta. La capacit\u00e0 di 500 ml \u00e8 perfetta per la loro normale capacit\u00e0 di bere. Il vetro \u00e8 molto resistente e ha una percentuale di riempimento del 95%. L&#039;iniziativa si \u00e8 rivelata un grande successo e in seguito hanno ordinato altre 500.000 bottiglie per soddisfare la domanda di tutti i loro 25 negozi durante tutto l&#039;anno.<\/p>\n<h2>Personalizzazione delle bottiglie di vetro per succhi<\/h2>\n<ul>\n<li>Colore del vetro: \u00e8 disponibile in trasparente, fum\u00e9, ambra o in un colore personalizzato, ad esempio verde chiaro o blu.<\/li>\n<li>Incisione laser: il laser pu\u00f2 essere utilizzato per incidere un codice, un logo o un disegno ornamentale sulla superficie del vetro.<\/li>\n<li>Design personalizzati per coperchi e cannucce: i coperchi e le cannucce possono essere realizzati in stili diversi (bamb\u00f9, noce) e anche i colori delle cannucce possono essere diversi (oro, nero).<\/li>\n<\/ul>","protected":false},"excerpt":{"rendered":"<p>Queste bottiglie di vetro da 475 ml per succhi presentano un design trasparente, simile a un barattolo, con coperchio in legno e cannuccia. Adatte a succhi, caff\u00e8 e bevande fredde, direttamente dalla fabbrica.<\/p>","protected":false},"featured_media":5521,"template":"","meta":{"postBodyCss":"","postBodyMargin":[],"postBodyPadding":[],"postBodyBackground":{"backgroundType":"classic","gradient":""}},"product_brand":[],"product_cat":[15,83,16],"product_tag":[95,91],"class_list":{"0":"post-5516","1":"product","2":"type-product","3":"status-publish","4":"has-post-thumbnail","6":"product_cat-glass-containers","7":"product_cat-glass-beverage-bottles","8":"product_cat-glass-bottles","9":"product_tag-coffee-tumblers","10":"product_tag-glass-soda-bottles","12":"first","13":"instock","14":"shipping-taxable","15":"product-type-simple"},"jetpack_sharing_enabled":true,"_links":{"self":[{"href":"https:\/\/minghanggroup.com\/it\/wp-json\/wp\/v2\/product\/5516","targetHints":{"allow":["GET"]}}],"collection":[{"href":"https:\/\/minghanggroup.com\/it\/wp-json\/wp\/v2\/product"}],"about":[{"href":"https:\/\/minghanggroup.com\/it\/wp-json\/wp\/v2\/types\/product"}],"wp:featuredmedia":[{"embeddable":true,"href":"https:\/\/minghanggroup.com\/it\/wp-json\/wp\/v2\/media\/5521"}],"wp:attachment":[{"href":"https:\/\/minghanggroup.com\/it\/wp-json\/wp\/v2\/media?parent=5516"}],"wp:term":[{"taxonomy":"product_brand","embeddable":true,"href":"https:\/\/minghanggroup.com\/it\/wp-json\/wp\/v2\/product_brand?post=5516"},{"taxonomy":"product_cat","embeddable":true,"href":"https:\/\/minghanggroup.com\/it\/wp-json\/wp\/v2\/product_cat?post=5516"},{"taxonomy":"product_tag","embeddable":true,"href":"https:\/\/minghanggroup.com\/it\/wp-json\/wp\/v2\/product_tag?post=5516"}],"curies":[{"name":"wp","href":"https:\/\/api.w.org\/{rel}","templated":true}]}}