{"id":5502,"date":"2026-02-03T13:51:21","date_gmt":"2026-02-03T05:51:21","guid":{"rendered":"https:\/\/minghanggroup.com\/?post_type=product&#038;p=5502"},"modified":"2026-04-22T15:49:14","modified_gmt":"2026-04-22T07:49:14","slug":"empty-flat-glass-soda-bottles-with-lids-bulk","status":"publish","type":"product","link":"https:\/\/minghanggroup.com\/it\/prodotto\/empty-flat-glass-soda-bottles-with-lids-bulk\/","title":{"rendered":"Bottiglie di vetro piatte vuote da 250 ml con tappo per bibite gassate (confezione multipla)"},"content":{"rendered":"<p>Si tratta di una bottiglia di vetro per soda stream dalla forma curva, rettangolare, con un tappo metallico filettato, che costituisce un&#039;eccellente guarnizione e riesce a trattenere le bolle.<\/p>\n<h2>Caratteristiche del prodotto<\/h2>\n<ul>\n<li><strong>Bottiglia dalla forma retr\u00f2, piatta e arrotondata:<\/strong> La bottiglia presenta una parte superiore piatta e arrotondata che ne facilita il trasporto e la conservazione, unita a tutti i suoi elementi di design retr\u00f2.<\/li>\n<li><strong>Vetro per alimenti ad alta trasparenza:<\/strong> Il prodotto \u00e8 realizzato in vetro alimentare senza piombo, che offre elevata trasparenza e sicurezza d&#039;uso poich\u00e9 pu\u00f2 essere pulito facilmente senza lasciare residui.<\/li>\n<li><strong>Chiusura con tappo a vite in metallo:<\/strong> Il prodotto utilizza un tappo a vite in metallo che garantisce un&#039;ottima tenuta, impedendo perdite e fuoriuscite.<\/li>\n<\/ul>\n<h2 style=\"text-align: left;\">Specifiche chiave<\/h2>\n<table class=\"aligncenter\" style=\"border-collapse: collapse; width: 491.27pt;\" border=\"0\" width=\"655\" cellspacing=\"0\" cellpadding=\"0\">\n<tbody>\n<tr style=\"height: 13.50pt;\">\n<td style=\"height: 13.50pt; width: 122.25pt;\" width=\"163\" height=\"18\">Specifica<\/td>\n<td style=\"width: 369.00pt;\" width=\"492\">Dettagli<\/td>\n<\/tr>\n<tr style=\"height: 13.50pt;\">\n<td style=\"height: 13.50pt;\" height=\"18\">Capacit\u00e0<\/td>\n<td>250 ml<\/td>\n<\/tr>\n<tr style=\"height: 13.50pt;\">\n<td style=\"height: 13.50pt;\" height=\"18\">Dimensioni<\/td>\n<td>83\u00d7145mm<\/td>\n<\/tr>\n<tr style=\"height: 13.50pt;\">\n<td style=\"height: 13.50pt;\" height=\"18\">Materiale<\/td>\n<td>Vetro trasparente, tappo in metallo<\/td>\n<\/tr>\n<tr style=\"height: 13.50pt;\">\n<td style=\"height: 13.50pt;\" height=\"18\">Forma della bottiglia<\/td>\n<td>Profilo rettangolare piatto e curvo<\/td>\n<\/tr>\n<tr style=\"height: 13.50pt;\">\n<td style=\"height: 13.50pt;\" height=\"18\">Ambito di personalizzazione<\/td>\n<td>Colore, dimensione, coperchi, forma<\/td>\n<\/tr>\n<tr style=\"height: 13.50pt;\">\n<td style=\"height: 13.50pt;\" height=\"18\">Artigianato<\/td>\n<td>Formatura di precisione del vetro per forme piatte curve, taglio filettato<\/td>\n<\/tr>\n<tr style=\"height: 13.50pt;\">\n<td style=\"height: 13.50pt;\" height=\"18\">Scopo del prodotto<\/td>\n<td>bottiglie di soda in vetro, bottiglie di acqua frizzante<\/td>\n<\/tr>\n<tr style=\"height: 13.50pt;\">\n<td style=\"height: 13.50pt;\" height=\"18\">Industrie adatte<\/td>\n<td>Marche di bevande, rivenditori di alimenti salutari<\/td>\n<\/tr>\n<\/tbody>\n<\/table>\n<h2>Caso di successo: un ordine personalizzato da un&#039;azienda di caff\u00e8 freddo di Brooklyn.<\/h2>\n<p>Un&#039;azienda di caff\u00e8 freddo di Brooklyn, New York, ha scelto la nostra bottiglia in vetro da 355 ml (12 once) per soda stream, personalizzandola con un tappo nero opaco e una stampa serigrafica. Il prodotto personalizzato ha dato risultati eccezionali: il design sottile e piatto della bottiglia ha aumentato del 40% lo spazio occupato sugli scaffali del frigorifero, il peso ridotto ha diminuito del 15% i costi di spedizione per bottiglia e l&#039;aspetto unico ha incrementato del 250% le menzioni sui social media. Dopo il successo del primo ordine, l&#039;azienda ha ordinato altre 520.000 bottiglie per supportare il lancio imminente di caff\u00e8 freddo in lattina infuso con azoto.<\/p>\n<h2>Personalizzazione delle bottiglie di vetro Soda Stream<\/h2>\n<ul>\n<li>Regolazione della forma della bottiglia: modifica la forma della bottiglia, curva o rettangolare, oppure modificala per adattarla a particolari esigenze di confezionamento.<\/li>\n<li>Serigrafia: applica indirettamente grafiche di alta qualit\u00e0, loghi o disegni a copertura totale su uno schermo.<\/li>\n<li>Disegni personalizzati per cappellini: disponibili in vari colori (nero, oro, argento) o con timbri personalizzati.<\/li>\n<\/ul>","protected":false},"excerpt":{"rendered":"<p>Bottiglia per soda in vetro resistente, con corpo trasparente, tappo in metallo e chiusura ermetica. Ideale per grandi quantit\u00e0. Spedizione rapida in tutto il mondo.<\/p>","protected":false},"featured_media":5510,"template":"","meta":{"postBodyCss":"","postBodyMargin":[],"postBodyPadding":[],"postBodyBackground":{"backgroundType":"classic","gradient":""}},"product_brand":[],"product_cat":[83,16,15],"product_tag":[92],"class_list":{"0":"post-5502","1":"product","2":"type-product","3":"status-publish","4":"has-post-thumbnail","6":"product_cat-glass-beverage-bottles","7":"product_cat-glass-bottles","8":"product_cat-glass-containers","9":"product_tag-glass-liquor-bottles","11":"first","12":"instock","13":"shipping-taxable","14":"product-type-simple"},"jetpack_sharing_enabled":true,"_links":{"self":[{"href":"https:\/\/minghanggroup.com\/it\/wp-json\/wp\/v2\/product\/5502","targetHints":{"allow":["GET"]}}],"collection":[{"href":"https:\/\/minghanggroup.com\/it\/wp-json\/wp\/v2\/product"}],"about":[{"href":"https:\/\/minghanggroup.com\/it\/wp-json\/wp\/v2\/types\/product"}],"wp:featuredmedia":[{"embeddable":true,"href":"https:\/\/minghanggroup.com\/it\/wp-json\/wp\/v2\/media\/5510"}],"wp:attachment":[{"href":"https:\/\/minghanggroup.com\/it\/wp-json\/wp\/v2\/media?parent=5502"}],"wp:term":[{"taxonomy":"product_brand","embeddable":true,"href":"https:\/\/minghanggroup.com\/it\/wp-json\/wp\/v2\/product_brand?post=5502"},{"taxonomy":"product_cat","embeddable":true,"href":"https:\/\/minghanggroup.com\/it\/wp-json\/wp\/v2\/product_cat?post=5502"},{"taxonomy":"product_tag","embeddable":true,"href":"https:\/\/minghanggroup.com\/it\/wp-json\/wp\/v2\/product_tag?post=5502"}],"curies":[{"name":"wp","href":"https:\/\/api.w.org\/{rel}","templated":true}]}}