{"id":5500,"date":"2026-02-03T15:51:04","date_gmt":"2026-02-03T07:51:04","guid":{"rendered":"https:\/\/minghanggroup.com\/?post_type=product&#038;p=5500"},"modified":"2026-02-03T16:43:30","modified_gmt":"2026-02-03T08:43:30","slug":"sleek-dark-wine-glass-bottles-for-branding-bulk","status":"publish","type":"product","link":"https:\/\/minghanggroup.com\/it\/prodotto\/sleek-dark-wine-glass-bottles-for-branding-bulk\/","title":{"rendered":"Bottiglie di vetro per vino scuro elegante da 500 ml per il branding all&#039;ingrosso"},"content":{"rendered":"<p>Produci vino con il cuore: ora regalagli un contenitore che ne valorizzi ogni goccia. Le nostre bottiglie in vetro da 500 ml uniscono l&#039;eleganza intramontabile delle bottiglie di vino bordeaux alla protezione di un intenso color ambra. Spalle lisce, collo slanciato e quella silhouette affidabile? Pura sicurezza da scaffale. Come tuo partner diretto per le bottiglie in vetro, trasformiamo le bottiglie di vino vuote in un&#039;eredit\u00e0 del marchio, perfette per vini rossi, chiaretto, borgogna o per la tua prossima avventura enologica fatta in casa. Non si tratta solo di un packaging. \u00c8 la tua storia in vetro.<\/p>\n<h2>Caratteristiche del prodotto<\/h2>\n<ul>\n<li><strong>La vera tradizione di Bordeaux:<\/strong> La tradizionale forma della bottiglia di vino, caratterizzata da spalle leggermente inclinate e un collo elegante, si adatta facilmente ai portabottiglie e offre una sensazione di qualit\u00e0 al tatto.<\/li>\n<li><strong>Scudo di luce ambrata:<\/strong> Il vetro ambrato profondo e di grande intensit\u00e0 filtra la luce UV molto pi\u00f9 efficacemente delle bottiglie trasparenti, proteggendo cos\u00ec il delicato aroma del claret o il carattere potente del bordeaux.<\/li>\n<li><strong>Base stabile per il punt:<\/strong> La piccola rientranza sul fondo fornisce una base solida per la bottiglia, sia che si trovi in \u200b\u200buna scatola, in una carta da regalo o semplicemente sul tavolo.<\/li>\n<\/ul>\n<h2>Specifiche chiave<\/h2>\n<table style=\"border-collapse: collapse; width: 80%; margin-left: auto; margin-right: auto;\" border=\"0\" width=\"144\" cellspacing=\"0\" cellpadding=\"0\">\n<tbody>\n<tr style=\"height: 13.50pt;\">\n<td style=\"height: 13.5pt; width: 54pt; text-align: center;\" width=\"72\" height=\"18\">Caratteristica<\/td>\n<td style=\"width: 54pt; text-align: center;\" width=\"72\">Dettaglio<\/td>\n<\/tr>\n<tr style=\"height: 13.50pt;\">\n<td style=\"height: 13.5pt; text-align: center;\" height=\"18\">Capacit\u00e0 (ml)<\/td>\n<td style=\"text-align: center;\" align=\"right\">500<\/td>\n<\/tr>\n<tr style=\"height: 13.50pt;\">\n<td style=\"height: 13.5pt; text-align: center;\" height=\"18\">Dimensioni (cm)<\/td>\n<td style=\"text-align: center;\">6,8 \u00d7 33,0<\/td>\n<\/tr>\n<tr style=\"height: 13.50pt;\">\n<td style=\"height: 13.5pt; text-align: center;\" height=\"18\">Finitura del manico (cm)<\/td>\n<td style=\"text-align: center;\" align=\"right\">1.8<\/td>\n<\/tr>\n<tr style=\"height: 13.50pt;\">\n<td style=\"height: 13.5pt; text-align: center;\" height=\"18\">Colore<\/td>\n<td style=\"text-align: center;\">Ambra profonda<\/td>\n<\/tr>\n<tr style=\"height: 13.50pt;\">\n<td style=\"height: 13.5pt; text-align: center;\" height=\"18\">Opzioni di chiusura<\/td>\n<td style=\"text-align: center;\">Tappi di sughero naturali per vino, alluminio ritorto a mano, parte superiore in legno, tappo lungo<\/td>\n<\/tr>\n<\/tbody>\n<\/table>\n<h2>Caso di successo<\/h2>\n<p>Un&#039;azienda vinicola boutique in Europa ha deciso di utilizzare la bottiglia in vetro da 500 ml come confezione standard per la sua nuova linea di prodotti. Per mantenere la sua immagine premium, abbiamo modificato il contorno della spalla della bottiglia, conferendole un profilo pi\u00f9 sottile. Inoltre, abbiamo reso la base pi\u00f9 spessa e l&#039;abbiamo marchiata con un logo proprietario non solo per rafforzare la riconoscibilit\u00e0 del marchio, ma anche per presentare caratteristiche anticontraffazione. Inoltre, l&#039;azienda vinicola ha modificato le specifiche del collo della bottiglia per garantire una completa compatibilit\u00e0 della bottiglia con la sua linea di riempimento automatizzata e con tappi di alta qualit\u00e0.<\/p>\n<p>Le vendite della nuova serie sono aumentate di circa il 32% su base annua nei canali retail solo nel primo trimestre successivo al lancio. Incoraggiato da una reazione cos\u00ec positiva del mercato, il cliente ha addirittura effettuato due ordini ripetuti nel giro di sei mesi.<\/p>\n<h2>I tuoi percorsi di personalizzazione<\/h2>\n<ol>\n<li><strong>Personalizzazione del colore della bottiglia:<\/strong> Per proteggere dalla luce, \u00e8 possibile scegliere il colore della bottiglia: verde oliva, marrone scuro, grigio fum\u00e9 o vetro sfumato; in questo modo si rafforzer\u00e0 anche la differenziazione della linea di prodotti e l&#039;identit\u00e0 del marchio.<\/li>\n<li><strong>Marcature sulla base e sul corpo della bottiglia:<\/strong> I loghi dei marchi, gli anni o i simboli anticontraffazione possono essere impressi sulla base della bottiglia o sul corpo della bottiglia in una determinata area per aumentare il riconoscimento e la tracciabilit\u00e0 del marchio.<\/li>\n<li><strong>Specifiche del collo della bottiglia e soluzioni di tenuta:<\/strong> Le dimensioni personalizzabili del collo della bottiglia ti consentiranno di utilizzare tappi di sughero naturale, tappi sintetici o tappi a vite e allo stesso tempo di soddisfare le diverse esigenze della linea di riempimento.<\/li>\n<\/ol>","protected":false},"excerpt":{"rendered":"<p>Bottiglie di vino in vetro di alta qualit\u00e0 per marchi. Spedizione diretta dalla fabbrica, bottiglie di vino in vetro personalizzabili in grandi quantit\u00e0, adatte a soluzioni di imballaggio.<\/p>","protected":false},"featured_media":5506,"template":"","meta":{"postBodyCss":"","postBodyMargin":[],"postBodyPadding":[],"postBodyBackground":{"backgroundType":"classic","gradient":""}},"product_brand":[],"product_cat":[15,16,84],"product_tag":[],"class_list":{"0":"post-5500","1":"product","2":"type-product","3":"status-publish","4":"has-post-thumbnail","6":"product_cat-glass-containers","7":"product_cat-glass-bottles","8":"product_cat-wine-bottles","10":"first","11":"instock","12":"shipping-taxable","13":"product-type-simple"},"jetpack_sharing_enabled":true,"_links":{"self":[{"href":"https:\/\/minghanggroup.com\/it\/wp-json\/wp\/v2\/product\/5500","targetHints":{"allow":["GET"]}}],"collection":[{"href":"https:\/\/minghanggroup.com\/it\/wp-json\/wp\/v2\/product"}],"about":[{"href":"https:\/\/minghanggroup.com\/it\/wp-json\/wp\/v2\/types\/product"}],"wp:featuredmedia":[{"embeddable":true,"href":"https:\/\/minghanggroup.com\/it\/wp-json\/wp\/v2\/media\/5506"}],"wp:attachment":[{"href":"https:\/\/minghanggroup.com\/it\/wp-json\/wp\/v2\/media?parent=5500"}],"wp:term":[{"taxonomy":"product_brand","embeddable":true,"href":"https:\/\/minghanggroup.com\/it\/wp-json\/wp\/v2\/product_brand?post=5500"},{"taxonomy":"product_cat","embeddable":true,"href":"https:\/\/minghanggroup.com\/it\/wp-json\/wp\/v2\/product_cat?post=5500"},{"taxonomy":"product_tag","embeddable":true,"href":"https:\/\/minghanggroup.com\/it\/wp-json\/wp\/v2\/product_tag?post=5500"}],"curies":[{"name":"wp","href":"https:\/\/api.w.org\/{rel}","templated":true}]}}