{"id":5495,"date":"2026-02-03T11:56:50","date_gmt":"2026-02-03T03:56:50","guid":{"rendered":"https:\/\/minghanggroup.com\/?post_type=product&#038;p=5495"},"modified":"2026-03-02T13:34:21","modified_gmt":"2026-03-02T05:34:21","slug":"flat-square-juice-glass-bottles-for-juicing-bulk","status":"publish","type":"product","link":"https:\/\/minghanggroup.com\/it\/prodotto\/flat-square-juice-glass-bottles-for-juicing-bulk\/","title":{"rendered":"Bottiglie di vetro per succhi quadrate piatte da 200 ml e 280 ml per la spremitura all&#039;ingrosso"},"content":{"rendered":"<p>Questi piatti, rettangolari\u00a0<span class=\"text-[#00CEC8]\">cuboide,<\/span> bottiglie di vetro sagomate per la spremitura sono\u00a0<span class=\"text-[#00CEC8]\">offerto<\/span>\u00a0in due misure e pu\u00f2 essere\u00a0<span class=\"text-[#00CEC8]\">equipaggiato<\/span>\u00a0con tappi a vite in metallo o tappi di sughero,\u00a0<span class=\"text-[#00CEC8]\">fondendo cos\u00ec la funzionalit\u00e0<\/span>\u00a0E\u00a0<span class=\"text-[#00CEC8]\">moda.<\/span><\/p>\n<h2>Caratteristiche del prodotto<\/h2>\n<ul>\n<li><strong>Rettangolare piatto:<\/strong> Sono piatti e rettangolari e non occupano molto spazio quando vengono riposti, quindi possono essere trasportati in borse della spesa o esposti sugli scaffali.<\/li>\n<li><strong>Materiale trasparente e liscio:<\/strong> Il vetro trasparente consente di vedere molto bene il colore e la consistenza del liquido all&#039;interno ed \u00e8 anche facile applicare etichette o stampare loghi di marchi.<\/li>\n<li><strong>Due misure pratiche:<\/strong> \u00c8 disponibile in tappi da 200 ml e 280 ml, pratici per contenere succhi o altre bevande.<\/li>\n<\/ul>\n<h2 style=\"text-align: left;\">Specifiche chiave<\/h2>\n<table class=\"aligncenter\" style=\"border-collapse: collapse; width: 458.27pt;\" border=\"0\" width=\"611\" cellspacing=\"0\" cellpadding=\"0\">\n<tbody>\n<tr style=\"height: 13.50pt;\">\n<td style=\"height: 13.50pt; width: 122.25pt;\" width=\"163\" height=\"18\">Specifica<\/td>\n<td style=\"width: 336.00pt;\" width=\"448\">Dettagli<\/td>\n<\/tr>\n<tr style=\"height: 13.50pt;\">\n<td style=\"height: 13.50pt;\" height=\"18\">Capacit\u00e0<\/td>\n<td>200 ml \/ 280 ml<\/td>\n<\/tr>\n<tr style=\"height: 13.50pt;\">\n<td style=\"height: 13.50pt;\" height=\"18\">Dimensioni<\/td>\n<td>72\u00d750\u00d7116mm \/ 80\u00d750\u00d7145mm<\/td>\n<\/tr>\n<tr style=\"height: 13.50pt;\">\n<td style=\"height: 13.50pt;\" height=\"18\">Materiale<\/td>\n<td>Coperchio in vetro trasparente, metallo o legno<\/td>\n<\/tr>\n<tr style=\"height: 13.50pt;\">\n<td style=\"height: 13.50pt;\" height=\"18\">Forma della bottiglia<\/td>\n<td>Profilo quadrato, leggermente appiattito<\/td>\n<\/tr>\n<tr style=\"height: 13.50pt;\">\n<td style=\"height: 13.50pt;\" height=\"18\">Ambito di personalizzazione<\/td>\n<td>Colore, forma, dimensione, coperchi<\/td>\n<\/tr>\n<tr style=\"height: 13.50pt;\">\n<td style=\"height: 13.50pt;\" height=\"18\">Artigianato<\/td>\n<td>Formatura di precisione del vetro per forme quadrate, taglio filettato<\/td>\n<\/tr>\n<tr style=\"height: 13.50pt;\">\n<td style=\"height: 13.50pt;\" height=\"18\">Scopo del prodotto<\/td>\n<td>Bottiglie di vetro per succhi, bottiglie di acqua aromatizzata<\/td>\n<\/tr>\n<tr style=\"height: 13.50pt;\">\n<td style=\"height: 13.50pt;\" height=\"18\">Industrie adatte<\/td>\n<td>Marche di succhi, fornitori di cibo gourmet<\/td>\n<\/tr>\n<\/tbody>\n<\/table>\n<h2>Storia di successo<\/h2>\n<p>Le nostre bottiglie di vetro piatte e rettangolari da 280 ml con tappo a vite in metallo sono state selezionate per un juice bar a Londra. L&#039;etichettatura \u00e8 stata rapida e semplice grazie alla loro forma piatta e ha avuto un tasso di successo del 100%. Il design riutilizzabile e moderno \u00e8 stato molto apprezzato dai clienti, con il 60% che \u00e8 tornato ad acquistare il prodotto grazie all&#039;aspetto pulito. Il juice bar si \u00e8 rivelato un enorme successo e in seguito sono state ordinate altre bottiglie per un totale di 250.000 unit\u00e0, estendendo il progetto a tre nuovi punti vendita.<\/p>\n<h2>Bottiglie di vetro per succhi per la personalizzazione della spremitura<\/h2>\n<ul>\n<li>Logo\/capacit\u00e0 impressi: applicare un piccolo logo o una piccola indicazione di capacit\u00e0 in rilievo sul lato piatto della bottiglia.<\/li>\n<li>Disegni personalizzati in sughero: possono essere realizzati con altri materiali (bamb\u00f9, quercia) o recare un marchio.<\/li>\n<li>Manico testurizzato: sul lato pi\u00f9 sottile della bottiglia \u00e8 presente una leggera texture in rilievo che ne facilita la presa.<\/li>\n<\/ul>","protected":false},"excerpt":{"rendered":"<p>Bottiglia quadrata in vetro per succhi con profilo piatto, abbinata a coperchi in metallo o legno. Campioni gratuiti disponibili per bottiglie in vetro per succhi a supporto dei test di prodotto.<\/p>","protected":false},"featured_media":5498,"template":"","meta":{"postBodyCss":"","postBodyMargin":[],"postBodyPadding":[],"postBodyBackground":{"backgroundType":"classic","gradient":""}},"product_brand":[],"product_cat":[15,83,16],"product_tag":[92],"class_list":{"0":"post-5495","1":"product","2":"type-product","3":"status-publish","4":"has-post-thumbnail","6":"product_cat-glass-containers","7":"product_cat-glass-beverage-bottles","8":"product_cat-glass-bottles","9":"product_tag-glass-liquor-bottles","11":"first","12":"instock","13":"shipping-taxable","14":"product-type-simple"},"jetpack_sharing_enabled":true,"_links":{"self":[{"href":"https:\/\/minghanggroup.com\/it\/wp-json\/wp\/v2\/product\/5495","targetHints":{"allow":["GET"]}}],"collection":[{"href":"https:\/\/minghanggroup.com\/it\/wp-json\/wp\/v2\/product"}],"about":[{"href":"https:\/\/minghanggroup.com\/it\/wp-json\/wp\/v2\/types\/product"}],"wp:featuredmedia":[{"embeddable":true,"href":"https:\/\/minghanggroup.com\/it\/wp-json\/wp\/v2\/media\/5498"}],"wp:attachment":[{"href":"https:\/\/minghanggroup.com\/it\/wp-json\/wp\/v2\/media?parent=5495"}],"wp:term":[{"taxonomy":"product_brand","embeddable":true,"href":"https:\/\/minghanggroup.com\/it\/wp-json\/wp\/v2\/product_brand?post=5495"},{"taxonomy":"product_cat","embeddable":true,"href":"https:\/\/minghanggroup.com\/it\/wp-json\/wp\/v2\/product_cat?post=5495"},{"taxonomy":"product_tag","embeddable":true,"href":"https:\/\/minghanggroup.com\/it\/wp-json\/wp\/v2\/product_tag?post=5495"}],"curies":[{"name":"wp","href":"https:\/\/api.w.org\/{rel}","templated":true}]}}