{"id":5490,"date":"2026-02-03T11:47:26","date_gmt":"2026-02-03T03:47:26","guid":{"rendered":"https:\/\/minghanggroup.com\/?post_type=product&#038;p=5490"},"modified":"2026-02-03T11:47:30","modified_gmt":"2026-02-03T03:47:30","slug":"empty-red-wine-bottles-for-sale-wholesale","status":"publish","type":"product","link":"https:\/\/minghanggroup.com\/it\/prodotto\/empty-red-wine-bottles-for-sale-wholesale\/","title":{"rendered":"Bottiglie di vino rosso vuote da 500 ml in vendita all&#039;ingrosso"},"content":{"rendered":"<p>Metti passione in ogni annata: ora regalale un contenitore che onori la tua arte e che crei un legame con i clienti. Le nostre bottiglie di vino rosso verde oliva da 500 ml uniscono l&#039;eleganza intramontabile delle bottiglie di vino bordeaux a un&#039;intelligente protezione UV. Spalle lisce, collo snello e quella caratteristica pendenza? Puro fascino da scaffale. Come tuo partner diretto per le bottiglie di vetro, facciamo in modo che le bottiglie di vino vuote in vendita sembrino intenzionali, non inventariate. Che tu stia imbottigliando claret, borgogna o vino fatto in casa, \u00e8 qui che la tradizione incontra la tua storia.<\/p>\n<h2>Caratteristiche del prodotto<\/h2>\n<ul>\n<li><strong>Design della bottiglia:<\/strong> Il design sottile e lungo della bottiglia ne migliora l&#039;esposizione sugli scaffali e mette in risalto il design pulito e di alta qualit\u00e0 del vino.<\/li>\n<li><strong>Superficie della bottiglia:<\/strong> Si tratta di una bottiglia semplice, senza decorazioni, che pu\u00f2 essere facilmente etichettata, serigrafata o personalizzata in altri modi.<\/li>\n<li><strong>Tappo a vite:<\/strong> Il collo normale e il tappo a vite sono compatibili con i tappi standard o con i tappi a vite che garantiscono un&#039;eccellente tenuta.<\/li>\n<\/ul>\n<h2>Specifiche chiave<\/h2>\n<table style=\"border-collapse: collapse; width: 80%; margin-left: auto; margin-right: auto;\" border=\"0\" width=\"144\" cellspacing=\"0\" cellpadding=\"0\">\n<tbody>\n<tr style=\"height: 13.50pt;\">\n<td style=\"height: 13.5pt; width: 54pt; text-align: center;\" width=\"72\" height=\"18\">Caratteristica<\/td>\n<td style=\"width: 54pt; text-align: center;\" width=\"72\">Dettaglio<\/td>\n<\/tr>\n<tr style=\"height: 13.50pt;\">\n<td style=\"height: 13.5pt; text-align: center;\" height=\"18\">Capacit\u00e0 (ml)<\/td>\n<td style=\"text-align: center;\" align=\"right\">500<\/td>\n<\/tr>\n<tr style=\"height: 13.50pt;\">\n<td style=\"height: 13.5pt; text-align: center;\" height=\"18\">Dimensioni (cm)<\/td>\n<td style=\"text-align: center;\">6,7 \u00d7 30<\/td>\n<\/tr>\n<tr style=\"height: 13.50pt;\">\n<td style=\"height: 13.5pt; text-align: center;\" height=\"18\">Finitura del manico (cm)<\/td>\n<td style=\"text-align: center;\" align=\"right\">1.8<\/td>\n<\/tr>\n<tr style=\"height: 13.50pt;\">\n<td style=\"height: 13.5pt; text-align: center;\" height=\"18\">Colore<\/td>\n<td style=\"text-align: center;\">Verde oliva (anche: verde bordeaux, verde selce, verde champagne)<\/td>\n<\/tr>\n<tr style=\"height: 13.50pt;\">\n<td style=\"height: 13.5pt; text-align: center;\" height=\"18\">Opzioni di chiusura<\/td>\n<td style=\"text-align: center;\">Tappo a vite<\/td>\n<\/tr>\n<\/tbody>\n<\/table>\n<h2>Caso di successo<\/h2>\n<p>Una piccola cantina boutique, la cui produzione principale \u00e8 concentrata su vini rossi in piccole quantit\u00e0, ha scelto di utilizzare le nostre bottiglie da 500 ml in vetro verde oliva (ovidiano) per il lancio della sua nuova annata. Hanno reso le bottiglie pi\u00f9 personali, ad esempio rendendo la tacca inferiore pi\u00f9 prominente, allungando leggermente il collo e incidendo il logo del marchio sulla spalla per renderlo pi\u00f9 visibile. Il colore del vetro \u00e8 stato schiarito per massimizzare l&#039;effetto di protezione dalla luce, e al posto delle tradizionali etichette di carta \u00e8 stata utilizzata una stampa serigrafica leggera, creando cos\u00ec un aspetto pi\u00f9 raffinato e pulito.<\/p>\n<p>Dopo il lancio del prodotto, l&#039;azienda vinicola ha aumentato le vendite al dettaglio del 35 percento e ha ottenuto una risposta positiva nella distribuzione del prodotto, il che l&#039;ha spinta a fare della bottiglia personalizzata la sua linea di prodotti principale e a effettuare frequenti ordini delle classi di produzione successive.<\/p>\n<h2>Percorsi di personalizzazione intelligenti<\/h2>\n<ol>\n<li><strong>Colori del vetro personalizzati:<\/strong> Seleziona il colore dei bicchieri per aumentare il livello di protezione dalla luce e abbinarlo allo stile e alla marca del vino: il colore dei bicchieri pu\u00f2 essere verde oliva, verde antico, ambra o selce intenso.<\/li>\n<li><strong>Stampa serigrafica:<\/strong> Aggiungere meno testo, indicazioni del vigneto o dettagli del lotto direttamente sul bicchiere per eliminare qualsiasi etichetta.<\/li>\n<li><strong>Finiture Finiture:<\/strong> Scegli tra finiture lisce, opache o satinate per distinguere tra edizioni limitate e collezioni di riserva.<\/li>\n<\/ol>","protected":false},"excerpt":{"rendered":"<p>Bottiglie di vino rosso di alta qualit\u00e0, dalla forma classica e dal vetro spesso. Fornitura diretta dalla fabbrica, campioni gratuiti, bottiglie di vino vuote in vendita per marchi globali.<\/p>","protected":false},"featured_media":5494,"template":"","meta":{"postBodyCss":"","postBodyMargin":[],"postBodyPadding":[],"postBodyBackground":{"backgroundType":"classic","gradient":""}},"product_brand":[],"product_cat":[15,16,84],"product_tag":[],"class_list":{"0":"post-5490","1":"product","2":"type-product","3":"status-publish","4":"has-post-thumbnail","6":"product_cat-glass-containers","7":"product_cat-glass-bottles","8":"product_cat-wine-bottles","10":"first","11":"instock","12":"shipping-taxable","13":"product-type-simple"},"jetpack_sharing_enabled":true,"_links":{"self":[{"href":"https:\/\/minghanggroup.com\/it\/wp-json\/wp\/v2\/product\/5490","targetHints":{"allow":["GET"]}}],"collection":[{"href":"https:\/\/minghanggroup.com\/it\/wp-json\/wp\/v2\/product"}],"about":[{"href":"https:\/\/minghanggroup.com\/it\/wp-json\/wp\/v2\/types\/product"}],"wp:featuredmedia":[{"embeddable":true,"href":"https:\/\/minghanggroup.com\/it\/wp-json\/wp\/v2\/media\/5494"}],"wp:attachment":[{"href":"https:\/\/minghanggroup.com\/it\/wp-json\/wp\/v2\/media?parent=5490"}],"wp:term":[{"taxonomy":"product_brand","embeddable":true,"href":"https:\/\/minghanggroup.com\/it\/wp-json\/wp\/v2\/product_brand?post=5490"},{"taxonomy":"product_cat","embeddable":true,"href":"https:\/\/minghanggroup.com\/it\/wp-json\/wp\/v2\/product_cat?post=5490"},{"taxonomy":"product_tag","embeddable":true,"href":"https:\/\/minghanggroup.com\/it\/wp-json\/wp\/v2\/product_tag?post=5490"}],"curies":[{"name":"wp","href":"https:\/\/api.w.org\/{rel}","templated":true}]}}