{"id":5481,"date":"2026-02-12T10:09:29","date_gmt":"2026-02-12T02:09:29","guid":{"rendered":"https:\/\/minghanggroup.com\/?post_type=product&#038;p=5481"},"modified":"2026-02-03T16:41:40","modified_gmt":"2026-02-03T08:41:40","slug":"dark-glass-customized-wine-bottles-for-sale-bulk","status":"publish","type":"product","link":"https:\/\/minghanggroup.com\/it\/prodotto\/dark-glass-customized-wine-bottles-for-sale-bulk\/","title":{"rendered":"Bottiglie di vino personalizzate in vetro scuro da 500 ml in vendita all&#039;ingrosso"},"content":{"rendered":"<p>Se crei il vino con il cuore, ora dagli un contenitore che parli prima ancora di versarlo. Le nostre bottiglie di vino verde oliva da 500 ml in vendita onorano l&#039;eleganza classica delle bottiglie di vino bordolesi, adattandosi perfettamente agli stili di vita moderni. Che tu stia imbottigliando chiaretto, borgogna o vino fatto in casa, queste bottiglie di vino in vetro proteggono il sapore ed esaltano la tua storia. Come tuo partner diretto per le bottiglie di vetro, rendiamo le bottiglie di vino in vendita personali, funzionali e pronte per la tua etichetta.<\/p>\n<h2>Caratteristiche del prodotto<\/h2>\n<ul>\n<li><strong>Silhouette Bordeaux vera:<\/strong> Una bottiglia con spalle leggermente inclinate e collo sottile ha la classica forma della bottiglia di vino che i clienti associano sempre alla fiducia.<\/li>\n<li><strong>Guardiano verde oliva:<\/strong> \u00c8 noto che un vetro color oliva scuro pu\u00f2 bloccare i raggi UV in misura maggiore rispetto a una bottiglia trasparente e quindi aiuta a preservare al meglio le delicate note di un vino rosso dal momento in cui si trova in cantina fino a quando raggiunge lo scaffale.<\/li>\n<li><strong>Base stabile per il punt:<\/strong> Il fondo della bottiglia di vino \u00e8 leggermente rientrante, cos\u00ec da poterla posizionare saldamente anche in una cassa di legno, in una scatola regalo o su un tavolo da pranzo, senza il rischio che cada.<\/li>\n<\/ul>\n<h2>Specifiche chiave<\/h2>\n<table style=\"border-collapse: collapse; width: 80%; margin-left: auto; margin-right: auto;\" border=\"0\" width=\"144\" cellspacing=\"0\" cellpadding=\"0\">\n<tbody>\n<tr style=\"height: 13.50pt;\">\n<td style=\"height: 13.5pt; width: 54pt; text-align: center;\" width=\"72\" height=\"18\">Caratteristica<\/td>\n<td style=\"width: 54pt; text-align: center;\" width=\"72\">Dettaglio<\/td>\n<\/tr>\n<tr style=\"height: 13.50pt;\">\n<td style=\"height: 13.5pt; text-align: center;\" height=\"18\">Capacit\u00e0 (ml)<\/td>\n<td style=\"text-align: center;\" align=\"right\">500<\/td>\n<\/tr>\n<tr style=\"height: 13.50pt;\">\n<td style=\"height: 13.5pt; text-align: center;\" height=\"18\">Dimensioni (cm)<\/td>\n<td style=\"text-align: center;\">7,1 \u00d7 26,7<\/td>\n<\/tr>\n<tr style=\"height: 13.50pt;\">\n<td style=\"height: 13.5pt; text-align: center;\" height=\"18\">Finitura del manico (cm)<\/td>\n<td style=\"text-align: center;\" align=\"right\">1.8<\/td>\n<\/tr>\n<tr style=\"height: 13.50pt;\">\n<td style=\"height: 13.5pt; text-align: center;\" height=\"18\">Colore<\/td>\n<td style=\"text-align: center;\">Verde oliva<\/td>\n<\/tr>\n<tr style=\"height: 13.50pt;\">\n<td style=\"height: 13.5pt; text-align: center;\" height=\"18\">Chiusura<\/td>\n<td style=\"text-align: center;\">Tappo a vite (su richiesta tappi di sughero naturali)<\/td>\n<\/tr>\n<tr style=\"height: 13.50pt;\">\n<td style=\"height: 13.5pt; text-align: center;\" height=\"18\">Ideale per<\/td>\n<td style=\"text-align: center;\">Vini rossi, Claret, vino fatto in casa, bottiglie di liquore<\/td>\n<\/tr>\n<\/tbody>\n<\/table>\n<h2>Caso di successo<\/h2>\n<p>Una piccola azienda vinicola che produceva principalmente vini rossi artigianali in piccole quantit\u00e0 aveva bisogno di una bottiglia che raccontasse immediatamente la storia dell&#039;arte e del posizionamento premium del prodotto sullo scaffale. Per la loro nuova annata hanno scelto le nostre bottiglie da 500 ml in vetro scuro e le hanno realizzate con un intenso colore oliva per una migliore protezione dai raggi UV, un logo in rilievo sulla spalla e una grafica serigrafata molto leggera al posto delle tradizionali etichette di carta. Il fondo pi\u00f9 spesso e la finitura del collo pi\u00f9 elegante hanno reso l&#039;esperienza di mescita pi\u00f9 piacevole e, allo stesso tempo, hanno rafforzato l&#039;immagine di qualit\u00e0 del marchio.<\/p>\n<p>Il feedback dei clienti dopo il lancio del prodotto ha evidenziato il fatto che l&#039;attrattiva sullo scaffale e il valore percepito sono stati notevolmente migliorati, portando a un aumento del 35% degli ordini ripetuti.<\/p>\n<h2>Le tue opzioni di personalizzazione<\/h2>\n<ol>\n<li><strong>Marchio in rilievo o a secco:<\/strong> Si pu\u00f2 prendere in considerazione un logo in rilievo o incassato sulla spalla o sulla parte inferiore della bottiglia per creare una presenza duratura del marchio, senza etichetta.<\/li>\n<li><strong>Dettagli stampati in seta:<\/strong> Applica alcune parole, pittogrammi o motivi geometrici direttamente sulla superficie della bottiglia, come sostituto elegante e alla moda delle etichette di carta.<\/li>\n<li><strong>Variazioni di manico e finitura:<\/strong> Adattare il collo della bottiglia al tappo a vite o alle chiusure sintetiche in base ai diversi stili di vino e mercati.<\/li>\n<\/ol>","protected":false},"excerpt":{"rendered":"<p>Bottiglie di vino in vetro scuro di alta qualit\u00e0 in vendita, dalla forma elegante e con base stabile. Bottiglie di vino personalizzate direttamente dalla fabbrica con campioni gratuiti disponibili.<\/p>","protected":false},"featured_media":5485,"template":"","meta":{"postBodyCss":"","postBodyMargin":[],"postBodyPadding":[],"postBodyBackground":{"backgroundType":"classic","gradient":""}},"product_brand":[],"product_cat":[15,16,84],"product_tag":[],"class_list":{"0":"post-5481","1":"product","2":"type-product","3":"status-publish","4":"has-post-thumbnail","6":"product_cat-glass-containers","7":"product_cat-glass-bottles","8":"product_cat-wine-bottles","10":"first","11":"instock","12":"shipping-taxable","13":"product-type-simple"},"jetpack_sharing_enabled":true,"_links":{"self":[{"href":"https:\/\/minghanggroup.com\/it\/wp-json\/wp\/v2\/product\/5481","targetHints":{"allow":["GET"]}}],"collection":[{"href":"https:\/\/minghanggroup.com\/it\/wp-json\/wp\/v2\/product"}],"about":[{"href":"https:\/\/minghanggroup.com\/it\/wp-json\/wp\/v2\/types\/product"}],"wp:featuredmedia":[{"embeddable":true,"href":"https:\/\/minghanggroup.com\/it\/wp-json\/wp\/v2\/media\/5485"}],"wp:attachment":[{"href":"https:\/\/minghanggroup.com\/it\/wp-json\/wp\/v2\/media?parent=5481"}],"wp:term":[{"taxonomy":"product_brand","embeddable":true,"href":"https:\/\/minghanggroup.com\/it\/wp-json\/wp\/v2\/product_brand?post=5481"},{"taxonomy":"product_cat","embeddable":true,"href":"https:\/\/minghanggroup.com\/it\/wp-json\/wp\/v2\/product_cat?post=5481"},{"taxonomy":"product_tag","embeddable":true,"href":"https:\/\/minghanggroup.com\/it\/wp-json\/wp\/v2\/product_tag?post=5481"}],"curies":[{"name":"wp","href":"https:\/\/api.w.org\/{rel}","templated":true}]}}