{"id":5463,"date":"2026-02-02T15:32:04","date_gmt":"2026-02-02T07:32:04","guid":{"rendered":"https:\/\/minghanggroup.com\/?post_type=product&#038;p=5463"},"modified":"2026-04-14T09:42:46","modified_gmt":"2026-04-14T01:42:46","slug":"conical-clear-glass-soda-bottles-wholesale","status":"publish","type":"product","link":"https:\/\/minghanggroup.com\/it\/prodotto\/conical-clear-glass-soda-bottles-wholesale\/","title":{"rendered":"Bottiglie di soda in vetro trasparente conico da 250 ml e 330 ml all&#039;ingrosso"},"content":{"rendered":"<p>Queste bottiglie di vetro per bibite gassate hanno una forma conica e sono realizzate in vetro liscio, con un profilo conico impressionante. Sono solide e larghe alla base, che si restringe in un collo stretto, e sono dotate di un robusto tappo metallico filettato che sigilla le bollicine e preserva la bevanda.<\/p>\n<h2>Caratteristiche del prodotto<\/h2>\n<ul>\n<li><strong>Corpo conico:<\/strong> Il design conico \u00e8 estetico e funzionale, con una base larga e un collo stretto, che garantiscono al corpo stabilit\u00e0 in termini di facile presa e versamento.<\/li>\n<li><strong>Tappo filettato sigillato:<\/strong> Il tappo metallico filettato garantisce un buon meccanismo di chiusura del prodotto, evitando di conseguenza perdite e migliorando la durata di conservazione della bevanda.<\/li>\n<li><strong>Due misure pratiche:<\/strong> Il prodotto \u00e8 disponibile in due pratici formati: 250 ml e 330 ml, adatti sia per l&#039;uso personale che per la somministrazione in porzioni.<\/li>\n<\/ul>\n<h2 style=\"text-align: left;\">Specifiche chiave<\/h2>\n<table class=\"aligncenter\" style=\"border-collapse: collapse; width: 464.27pt;\" border=\"0\" width=\"619\" cellspacing=\"0\" cellpadding=\"0\">\n<tbody>\n<tr style=\"height: 13.50pt;\">\n<td style=\"height: 13.50pt; width: 121.50pt;\" width=\"162\" height=\"18\">Specifica<\/td>\n<td style=\"width: 342.75pt;\" width=\"457\">Dettagli<\/td>\n<\/tr>\n<tr style=\"height: 13.50pt;\">\n<td style=\"height: 13.50pt;\" height=\"18\">Capacit\u00e0<\/td>\n<td>250 ml \/ 330 ml<\/td>\n<\/tr>\n<tr style=\"height: 13.50pt;\">\n<td style=\"height: 13.50pt;\" height=\"18\">Dimensioni<\/td>\n<td>62\u00d7220\u00d728mm \/ 70\u00d7240\u00d728mm<\/td>\n<\/tr>\n<tr style=\"height: 13.50pt;\">\n<td style=\"height: 13.50pt;\" height=\"18\">Materiale<\/td>\n<td>Vetro trasparente, tappo in metallo<\/td>\n<\/tr>\n<tr style=\"height: 13.50pt;\">\n<td style=\"height: 13.50pt;\" height=\"18\">Forma della bottiglia<\/td>\n<td>Cilindro conico<\/td>\n<\/tr>\n<tr style=\"height: 13.50pt;\">\n<td style=\"height: 13.50pt;\" height=\"18\">Ambito di personalizzazione<\/td>\n<td>Colore, dimensioni, coperchi, finitura<\/td>\n<\/tr>\n<tr style=\"height: 13.50pt;\">\n<td style=\"height: 13.50pt;\" height=\"18\">Artigianato<\/td>\n<td>Formatura di precisione del vetro per forme coniche, taglio filettato<\/td>\n<\/tr>\n<tr style=\"height: 13.50pt;\">\n<td style=\"height: 13.50pt;\" height=\"18\">Scopo del prodotto<\/td>\n<td>Bottiglie di vetro Soda Stream, bottiglie di acqua frizzante<\/td>\n<\/tr>\n<tr style=\"height: 13.50pt;\">\n<td style=\"height: 13.50pt;\" height=\"18\">Industrie adatte<\/td>\n<td>Marche di bevande, caff\u00e8<\/td>\n<\/tr>\n<\/tbody>\n<\/table>\n<h2>Storia di successo: la serie Signature di un&#039;azienda di bibite artigianali del New England<\/h2>\n<p>La nostra bottiglia conica in vetro da 330 ml \u00e8 stata scelta da un&#039;azienda di bibite artigianali del New England e personalizzata con un corpo satinato e un&#039;etichetta dall&#039;aspetto invecchiato serigrafata. La sofisticata struttura della bottiglia \u00e8 diventata un classico, con un aumento del 60% delle vendite sugli scaffali rispetto alla vecchia struttura. La riutilizzabilit\u00e0 delle bottiglie \u00e8 un punto di forza fondamentale: il 70% dei clienti ha scelto di riutilizzarle. Questo ha soddisfatto molto l&#039;azienda, che ha ordinato oltre 400.000 bottiglie per garantire la fornitura alla crescente rete di distributori.<\/p>\n<h2>Personalizzazione del vetro delle bottiglie Soda Stream<\/h2>\n<ul>\n<li>Colori e tonalit\u00e0 del vetro: pu\u00f2 essere trasparente o grigio fum\u00e9, ambrato o di colore personalizzato come azzurro o verde.<\/li>\n<li>Finiture satinate o opache: \u00e8 disponibile con finitura completamente satinata o opaca per un tocco morbido e di alta qualit\u00e0.<\/li>\n<li>Marcatura del volume in rilievo: presenta piccole marcature in rilievo sul fondo della bottiglia con volume di 250 ml o 330 ml.<\/li>\n<li>Design personalizzato del berretto: puoi avere i cappelli colorati (nero, oro, argento) o con il logo della tua azienda.<\/li>\n<\/ul>","protected":false},"excerpt":{"rendered":"<p>Resistenti bottiglie in vetro per bevande gassate, con elegante forma conica e coperchi di sicurezza. Bottiglie in vetro per bevande gassate con spedizione rapida per ordini di confezioni di bevande all&#039;ingrosso.<\/p>","protected":false},"featured_media":5467,"template":"","meta":{"postBodyCss":"","postBodyMargin":[],"postBodyPadding":[],"postBodyBackground":{"backgroundType":"classic","gradient":""}},"product_brand":[],"product_cat":[15,83,16],"product_tag":[93,91],"class_list":{"0":"post-5463","1":"product","2":"type-product","3":"status-publish","4":"has-post-thumbnail","6":"product_cat-glass-containers","7":"product_cat-glass-beverage-bottles","8":"product_cat-glass-bottles","9":"product_tag-glass-gatorade-bottles","10":"product_tag-glass-soda-bottles","12":"first","13":"instock","14":"shipping-taxable","15":"product-type-simple"},"jetpack_sharing_enabled":true,"_links":{"self":[{"href":"https:\/\/minghanggroup.com\/it\/wp-json\/wp\/v2\/product\/5463","targetHints":{"allow":["GET"]}}],"collection":[{"href":"https:\/\/minghanggroup.com\/it\/wp-json\/wp\/v2\/product"}],"about":[{"href":"https:\/\/minghanggroup.com\/it\/wp-json\/wp\/v2\/types\/product"}],"wp:featuredmedia":[{"embeddable":true,"href":"https:\/\/minghanggroup.com\/it\/wp-json\/wp\/v2\/media\/5467"}],"wp:attachment":[{"href":"https:\/\/minghanggroup.com\/it\/wp-json\/wp\/v2\/media?parent=5463"}],"wp:term":[{"taxonomy":"product_brand","embeddable":true,"href":"https:\/\/minghanggroup.com\/it\/wp-json\/wp\/v2\/product_brand?post=5463"},{"taxonomy":"product_cat","embeddable":true,"href":"https:\/\/minghanggroup.com\/it\/wp-json\/wp\/v2\/product_cat?post=5463"},{"taxonomy":"product_tag","embeddable":true,"href":"https:\/\/minghanggroup.com\/it\/wp-json\/wp\/v2\/product_tag?post=5463"}],"curies":[{"name":"wp","href":"https:\/\/api.w.org\/{rel}","templated":true}]}}