{"id":5462,"date":"2026-02-03T13:49:04","date_gmt":"2026-02-03T05:49:04","guid":{"rendered":"https:\/\/minghanggroup.com\/?post_type=product&#038;p=5462"},"modified":"2026-04-14T09:31:24","modified_gmt":"2026-04-14T01:31:24","slug":"custom-small-wine-bottles-for-branding-bulk","status":"publish","type":"product","link":"https:\/\/minghanggroup.com\/it\/prodotto\/custom-small-wine-bottles-for-branding-bulk\/","title":{"rendered":"Bottiglie di vino piccole personalizzate da 375 ml per il branding all&#039;ingrosso"},"content":{"rendered":"<p>Hai bisogno di piccole bottiglie di vino che siano un segno distintivo, non un ripensamento. Le nostre bottiglie di vino da 375 ml rappresentano l&#039;eleganza delle classiche bottiglie di vino bordolesi in una versione da mezza bottiglia, ideale per campioni, degustazioni o piccoli regali personali. Realizzate in vetro verde oliva protettivo e dotate di versatili opzioni di chiusura, queste bottiglie di vino in vetro non solo proteggono il tuo vino fatto in casa, ma rendono anche memorabile il tuo marchio. Essendo il tuo partner diretto per le bottiglie di vetro, stiamo trasformando le bottiglie di vino vuote in momenti preziosi per le persone.<\/p>\n<h2>Caratteristiche del prodotto<\/h2>\n<ul>\n<li><strong>Eredit\u00e0 di mezza taglia:<\/strong> Bottiglia di vino dalla forma autentica, perfettamente dimensionata per 375 ml. Condividi il tuo chiaretto, borgogna o spumante senza impegno: ideale per degustazioni o regali.<\/li>\n<li><strong>Custode del vetro d&#039;oliva:<\/strong> La tonalit\u00e0 oliva intenso blocca i raggi UV meglio delle bottiglie trasparenti. Protegge le note delicate dei vini rossi durante lo stoccaggio, il trasporto o la conservazione.<\/li>\n<li><strong>Libert\u00e0 di chiusura:<\/strong> Tappi di sughero naturali per un fascino tradizionale o tappi a vite in alluminio per una praticit\u00e0 moderna. La tua bottiglia di vino da 375 ml si chiude esattamente come la immagini.<\/li>\n<li><strong>Base stabile per il punt:<\/strong> Il fondo leggermente rientrante garantisce stabilit\u00e0 verticale in casse, scatole regalo o vassoi di degustazione. Nessuna oscillazione, solo sicurezza.<\/li>\n<\/ul>\n<h2>Specifiche chiave<\/h2>\n<table style=\"border-collapse: collapse; width: 80%; margin-left: auto; margin-right: auto;\" border=\"0\" width=\"144\" cellspacing=\"0\" cellpadding=\"0\">\n<tbody>\n<tr style=\"height: 13.50pt;\">\n<td style=\"height: 13.5pt; width: 54pt; text-align: center;\" width=\"72\" height=\"18\">Caratteristica<\/td>\n<td style=\"width: 54pt; text-align: center;\" width=\"72\">Dettaglio<\/td>\n<\/tr>\n<tr style=\"height: 13.50pt;\">\n<td style=\"height: 13.5pt; text-align: center;\" height=\"18\">Capacit\u00e0 (ml)<\/td>\n<td style=\"text-align: center;\" align=\"right\">375<\/td>\n<\/tr>\n<tr style=\"height: 13.50pt;\">\n<td style=\"height: 13.5pt; text-align: center;\" height=\"18\">Dimensioni (cm)<\/td>\n<td style=\"text-align: center;\">6,5 \u00d7 24,2<\/td>\n<\/tr>\n<tr style=\"height: 13.50pt;\">\n<td style=\"height: 13.5pt; text-align: center;\" height=\"18\">Finitura del manico (cm)<\/td>\n<td style=\"text-align: center;\">1.8<\/td>\n<\/tr>\n<tr style=\"height: 13.50pt;\">\n<td style=\"height: 13.5pt; text-align: center;\" height=\"18\">Colore<\/td>\n<td style=\"text-align: center;\">Verde oliva<\/td>\n<\/tr>\n<tr style=\"height: 13.50pt;\">\n<td style=\"height: 13.5pt; text-align: center;\" height=\"18\">Opzioni di chiusura<\/td>\n<td style=\"text-align: center;\">Tappi per vino naturali, tappo a vite in alluminio<\/td>\n<\/tr>\n<tr style=\"height: 13.50pt;\">\n<td style=\"height: 13.5pt; text-align: center;\" height=\"18\">Ideale per<\/td>\n<td style=\"text-align: center;\">Campioni di vino, set regalo, degustazioni, bottiglie di liquore<\/td>\n<\/tr>\n<\/tbody>\n<\/table>\n<h2>Caso di successo<\/h2>\n<p>Le bottiglie di vino da 375 ml sono state scoperte da una piccola azienda vinicola di Portland. Hanno anche fatto un grande sforzo per personalizzare ogni componente: tappi di sughero incisi al laser con splendidi motivi a vite e la data di vendemmia; etichette opache con una leggera finitura in rilievo; e un nastro argentato \u00e8 stato legato al collo di ogni bottiglia.<\/p>\n<p>Ha venduto solo 2.850 unit\u00e0 in cinque settimane, il che \u00e8 incredibile, il 78% in pi\u00f9 rispetto a prima. Ci\u00f2 che \u00e8 ancora pi\u00f9 sorprendente \u00e8 che la cantina ha continuato a ordinare bottiglie vuote ogni trimestre, senza alcuna riserva.<\/p>\n<h2>I tuoi suggerimenti per la personalizzazione<\/h2>\n<ol>\n<li><strong>Bottiglie di vetro sfumate:<\/strong> La superficie della bottiglia si colora gradualmente, dalla parte superiore con un intenso verde oliva fino al fondo con una selce trasparente, conferendo al vino un tocco di esposizione, un luccichio di raggi solari, ma soprattutto il verde oliva fornir\u00e0 al vino la migliore protezione dai raggi nocivi del sole.<\/li>\n<li><strong>Tag della storia:<\/strong> Con il laser puoi incidere il tuo logo o la storia del tuo marchio sulla bottiglia e immediatamente i consumatori assoceranno il marchio allo stile, riflettendo l&#039;alta qualit\u00e0 del marchio.<\/li>\n<li><strong>Combinazione del sistema di chiusura:<\/strong> Con il posizionamento, potrai scegliere tra sughero naturale, tappo sintetico o tappo a vite e potrai personalizzare il colore del tappo, il materiale utilizzato e la consistenza della superficie.<\/li>\n<\/ol>","protected":false},"excerpt":{"rendered":"<p>Piccole bottiglie di vino da 375 ml, ideali per degustazioni e confezioni regalo. Fornitura diretta dalla fabbrica con personalizzazione all&#039;ingrosso e consegna rapida per gli acquirenti.<\/p>","protected":false},"featured_media":5477,"template":"","meta":{"postBodyCss":"","postBodyMargin":[],"postBodyPadding":[],"postBodyBackground":{"backgroundType":"classic","gradient":""}},"product_brand":[],"product_cat":[15,16,84],"product_tag":[109],"class_list":{"0":"post-5462","1":"product","2":"type-product","3":"status-publish","4":"has-post-thumbnail","6":"product_cat-glass-containers","7":"product_cat-glass-bottles","8":"product_cat-wine-bottles","9":"product_tag-glass-champagne-bottles","11":"first","12":"instock","13":"shipping-taxable","14":"product-type-simple"},"jetpack_sharing_enabled":true,"_links":{"self":[{"href":"https:\/\/minghanggroup.com\/it\/wp-json\/wp\/v2\/product\/5462","targetHints":{"allow":["GET"]}}],"collection":[{"href":"https:\/\/minghanggroup.com\/it\/wp-json\/wp\/v2\/product"}],"about":[{"href":"https:\/\/minghanggroup.com\/it\/wp-json\/wp\/v2\/types\/product"}],"wp:featuredmedia":[{"embeddable":true,"href":"https:\/\/minghanggroup.com\/it\/wp-json\/wp\/v2\/media\/5477"}],"wp:attachment":[{"href":"https:\/\/minghanggroup.com\/it\/wp-json\/wp\/v2\/media?parent=5462"}],"wp:term":[{"taxonomy":"product_brand","embeddable":true,"href":"https:\/\/minghanggroup.com\/it\/wp-json\/wp\/v2\/product_brand?post=5462"},{"taxonomy":"product_cat","embeddable":true,"href":"https:\/\/minghanggroup.com\/it\/wp-json\/wp\/v2\/product_cat?post=5462"},{"taxonomy":"product_tag","embeddable":true,"href":"https:\/\/minghanggroup.com\/it\/wp-json\/wp\/v2\/product_tag?post=5462"}],"curies":[{"name":"wp","href":"https:\/\/api.w.org\/{rel}","templated":true}]}}