{"id":5452,"date":"2026-02-02T13:41:49","date_gmt":"2026-02-02T05:41:49","guid":{"rendered":"https:\/\/minghanggroup.com\/?post_type=product&#038;p=5452"},"modified":"2026-03-02T13:52:10","modified_gmt":"2026-03-02T05:52:10","slug":"cactus-shaped-glass-juice-bottles-with-lids-wholesale","status":"publish","type":"product","link":"https:\/\/minghanggroup.com\/it\/prodotto\/cactus-shaped-glass-juice-bottles-with-lids-wholesale\/","title":{"rendered":"Bottiglie di succo in vetro a forma di cactus da 450 ml con coperchi all&#039;ingrosso"},"content":{"rendered":"<p>Queste graziose bottiglie di vetro per succhi a forma di cactus hanno un corpo trasparente con nervature verticali e una trama finemente punteggiata, mentre i lati presentano sporgenze a forma di pagaia che offrono una presa bilanciata.<\/p>\n<h2>Caratteristiche del prodotto<\/h2>\n<ul>\n<li><strong>Design ispirato ai cactus:<\/strong> il manico a forma di palma e la texture punteggiata sulla bottiglia imitano fedelmente la forma di un cactus, rendendoli cos\u00ec molto riconoscibili e aggiungendo un aspetto divertente al consumo.<\/li>\n<li><strong>Design a prova di perdite:<\/strong> il tappo metallico filettato garantisce una tenuta stagna del prodotto e il design del foro per la cannuccia non perde nulla, consentendo comunque l&#039;inserimento della cannuccia con facilit\u00e0.<\/li>\n<li><strong>Design multiuso e pratico:<\/strong> Queste bottiglie possono anche essere utilizzate come bottiglie decorative da tavolo, per picnic, feste, per uso domestico e cos\u00ec via.<\/li>\n<\/ul>\n<h2 style=\"text-align: left;\">Specifiche chiave<\/h2>\n<table class=\"aligncenter\" style=\"border-collapse: collapse; width: 430.52pt;\" border=\"0\" width=\"574\" cellspacing=\"0\" cellpadding=\"0\">\n<tbody>\n<tr style=\"height: 13.50pt;\">\n<td style=\"height: 13.50pt; width: 131.25pt;\" width=\"175\" height=\"18\">Specifica<\/td>\n<td style=\"width: 299.25pt;\" width=\"399\">Dettagli<\/td>\n<\/tr>\n<tr style=\"height: 13.50pt;\">\n<td style=\"height: 13.50pt;\" height=\"18\">Capacit\u00e0<\/td>\n<td>450 ml<\/td>\n<\/tr>\n<tr style=\"height: 13.50pt;\">\n<td style=\"height: 13.50pt;\" height=\"18\">Dimensioni dell&#039;imballaggio<\/td>\n<td>100\u00d7100\u00d7150 mm<\/td>\n<\/tr>\n<tr style=\"height: 13.50pt;\">\n<td style=\"height: 13.50pt;\" height=\"18\">Materiale<\/td>\n<td>Vetro trasparente<\/td>\n<\/tr>\n<tr style=\"height: 13.50pt;\">\n<td style=\"height: 13.50pt;\" height=\"18\">Forma della bottiglia<\/td>\n<td>Ispirato ai cactus<\/td>\n<\/tr>\n<tr style=\"height: 13.50pt;\">\n<td style=\"height: 13.50pt;\" height=\"18\">Ambito di personalizzazione<\/td>\n<td>Colore, Motivo della trama, Forma, Coperchi, Paglia<\/td>\n<\/tr>\n<tr style=\"height: 13.50pt;\">\n<td style=\"height: 13.50pt;\" height=\"18\">Scopo del prodotto<\/td>\n<td>Bottiglie di vetro per succhi con coperchio, bottiglie di vetro per bibite<\/td>\n<\/tr>\n<tr style=\"height: 13.50pt;\">\n<td style=\"height: 13.50pt;\" height=\"18\">Industrie adatte<\/td>\n<td>Marche di succhi, caff\u00e8, marche di bevande<\/td>\n<\/tr>\n<\/tbody>\n<\/table>\n<h2>Storia di successo: promozione estiva di una catena di succhi di frutta sulla costa occidentale<\/h2>\n<p>Una delle catene di succhi della costa occidentale ha deciso di utilizzare le nostre bottiglie di vetro a forma di cactus con tappo e ha progettato un corpo di bottiglia verde chiaro, facendo s\u00ec che il logo del marchio fosse stampato uniformemente sui bracci del cactus. Questo design distintivo ha riscosso un enorme successo; pu\u00f2 essere trasportato facilmente dai clienti grazie alla maniglia integrata e il numero di persone che si lamentavano per le fuoriuscite \u00e8 diminuito di 90 unit\u00e0. Il design era cos\u00ec insolito che ha generato clamore sui social media, con oltre 10.000 messaggi pubblicati a riguardo. L&#039;enorme successo di questa catena ha portato all&#039;ordine di un altro ordine di 500.000 bottiglie nel suo menu fisso e ad ulteriori promozioni stagionali.<\/p>\n<h2>Personalizzazione delle bottiglie di succo in vetro<\/h2>\n<ul>\n<li>Colori e tonalit\u00e0 del vetro: \u00e8 disponibile trasparente, verde o in altri colori, a seconda del tema delle bevande.<\/li>\n<li>Texture e motivi individuali: modifica la texture o inserisci motivi alternativi, ad esempio fiori o motivi geometrici.<\/li>\n<li>Variazioni nella forma del manico: cambia la forma del manico della pagaia per cactus rendendolo pi\u00f9 arrotondato, pi\u00f9 lungo o di qualsiasi altra forma.<\/li>\n<li>Scelta del colore del tappo e della cannuccia: i tappi e le cannucce sono disponibili in molti colori (ad esempio rosa, giallo, argento).<\/li>\n<\/ul>","protected":false},"excerpt":{"rendered":"<p>Bottiglie di succo in vetro trasparente con divertenti manici a forma di cactus e coperchi a vite in metallo. Le bottiglie di succo in vetro con coperchio possono essere personalizzate tramite OEM per esigenze di branding o capacit\u00e0.<\/p>","protected":false},"featured_media":5457,"template":"","meta":{"postBodyCss":"","postBodyMargin":[],"postBodyPadding":[],"postBodyBackground":{"backgroundType":"classic","gradient":""}},"product_brand":[],"product_cat":[15,83,16],"product_tag":[95],"class_list":{"0":"post-5452","1":"product","2":"type-product","3":"status-publish","4":"has-post-thumbnail","6":"product_cat-glass-containers","7":"product_cat-glass-beverage-bottles","8":"product_cat-glass-bottles","9":"product_tag-coffee-tumblers","11":"first","12":"instock","13":"shipping-taxable","14":"product-type-simple"},"jetpack_sharing_enabled":true,"_links":{"self":[{"href":"https:\/\/minghanggroup.com\/it\/wp-json\/wp\/v2\/product\/5452","targetHints":{"allow":["GET"]}}],"collection":[{"href":"https:\/\/minghanggroup.com\/it\/wp-json\/wp\/v2\/product"}],"about":[{"href":"https:\/\/minghanggroup.com\/it\/wp-json\/wp\/v2\/types\/product"}],"wp:featuredmedia":[{"embeddable":true,"href":"https:\/\/minghanggroup.com\/it\/wp-json\/wp\/v2\/media\/5457"}],"wp:attachment":[{"href":"https:\/\/minghanggroup.com\/it\/wp-json\/wp\/v2\/media?parent=5452"}],"wp:term":[{"taxonomy":"product_brand","embeddable":true,"href":"https:\/\/minghanggroup.com\/it\/wp-json\/wp\/v2\/product_brand?post=5452"},{"taxonomy":"product_cat","embeddable":true,"href":"https:\/\/minghanggroup.com\/it\/wp-json\/wp\/v2\/product_cat?post=5452"},{"taxonomy":"product_tag","embeddable":true,"href":"https:\/\/minghanggroup.com\/it\/wp-json\/wp\/v2\/product_tag?post=5452"}],"curies":[{"name":"wp","href":"https:\/\/api.w.org\/{rel}","templated":true}]}}