{"id":5447,"date":"2026-02-02T16:48:08","date_gmt":"2026-02-02T08:48:08","guid":{"rendered":"https:\/\/minghanggroup.com\/?post_type=product&#038;p=5447"},"modified":"2026-02-02T17:00:51","modified_gmt":"2026-02-02T09:00:51","slug":"dark-glass-wine-bottles-and-corks-wholesale","status":"publish","type":"product","link":"https:\/\/minghanggroup.com\/it\/prodotto\/dark-glass-wine-bottles-and-corks-wholesale\/","title":{"rendered":"Bottiglie di vino in vetro scuro da 750 ml e tappi all&#039;ingrosso"},"content":{"rendered":"<p>Se crei vino con anima, ora regalagli un contenitore che ne valorizzi ogni goccia. La nostra bottiglia da 750 ml unisce l&#039;eleganza classica del Bordeaux con la protezione del vetro oliva. Abbinata a bottiglie di vino e tappi di sughero di alta qualit\u00e0, \u00e8 pronta per accompagnare i tuoi vini rossi, il tuo claret o il tuo viaggio enologico fatto in casa. Nessuna incertezza. Solo sicurezza, dalla cantina allo scaffale.<\/p>\n<h2>Caratteristiche del prodotto<\/h2>\n<ul>\n<li><strong>Autentica tradizione di Bordeaux:<\/strong> Quelle morbide curve delle spalle della bottiglia? Sono un segno distintivo della lavorazione artigianale tradizionale. La bottiglia \u00e8 realizzata su misura per i tipici tappi di sughero, trasmettendo cos\u00ec un sentore di &#034;vino fatto con cura&#034; ancor prima di assaggiare il primo bicchiere.<\/li>\n<li><strong>Bottiglia di vetro marrone scuro:<\/strong> Oltre a bloccare efficacemente i raggi UV, il vetro marrone scuro si comporta molto meglio del vetro trasparente nel caso dei vini della Borgogna o dei ricchi vini di Bordeaux, poich\u00e9 i tannini sono leggermente esposti all&#039;ossigeno durante l&#039;invecchiamento o il trasporto e necessitano quindi di maggiore protezione.<\/li>\n<li><strong>Base stabile, senza oscillazioni:<\/strong> La base rinforzata \u00e8 stata progettata in modo che la bottiglia possa essere appoggiata senza problemi su diverse superfici, come scaffali, casse di vino o scatole regalo. La stabilit\u00e0 della tua bottiglia di vino da 750 ml \u00e8 garantita e rimarr\u00e0 in posizione verticale dove pi\u00f9 ne avrai bisogno.<\/li>\n<\/ul>\n<h2>Specifiche chiave<\/h2>\n<table style=\"border-collapse: collapse; width: 80%; margin-left: auto; margin-right: auto;\" border=\"0\" width=\"144\" cellspacing=\"0\" cellpadding=\"0\">\n<tbody>\n<tr style=\"height: 13.50pt;\">\n<td style=\"height: 13.5pt; width: 54pt; text-align: center;\" width=\"72\" height=\"18\">Caratteristica<\/td>\n<td style=\"width: 54pt; text-align: center;\" width=\"72\">Dettaglio<\/td>\n<\/tr>\n<tr style=\"height: 13.50pt;\">\n<td style=\"height: 13.5pt; text-align: center;\" height=\"18\">Capacit\u00e0 (ml)<\/td>\n<td style=\"text-align: center;\" align=\"right\">750<\/td>\n<\/tr>\n<tr style=\"height: 13.50pt;\">\n<td style=\"height: 13.5pt; text-align: center;\" height=\"18\">Dimensioni (cm)<\/td>\n<td style=\"text-align: center;\">8,5 \u00d7 31<\/td>\n<\/tr>\n<tr style=\"height: 13.50pt;\">\n<td style=\"height: 13.5pt; text-align: center;\" height=\"18\">Apertura del collo (cm)<\/td>\n<td style=\"text-align: center;\" align=\"right\">1.8<\/td>\n<\/tr>\n<tr style=\"height: 13.50pt;\">\n<td style=\"height: 13.5pt; text-align: center;\" height=\"18\">Colore<\/td>\n<td style=\"text-align: center;\">Si profondo<span class=\"HwtZe\" lang=\"en\"><span class=\"jCAhz ChMk0b\"><span class=\"ryNqvb\">noi veniamo<\/span><\/span><\/span><\/td>\n<\/tr>\n<tr style=\"height: 13.50pt;\">\n<td style=\"height: 13.5pt; text-align: center;\" height=\"18\">Opzioni di chiusura<\/td>\n<td style=\"text-align: center;\">Tappi di sughero naturali per vino, tappo a vite in alluminio, parte superiore in legno<\/td>\n<\/tr>\n<tr style=\"height: 13.50pt;\">\n<td style=\"height: 13.5pt; text-align: center;\" height=\"18\">Ideale per<\/td>\n<td style=\"text-align: center;\">Vini rossi, Claret, lotti fatti in casa, bottiglie di liquore<\/td>\n<\/tr>\n<\/tbody>\n<\/table>\n<h2>Caso di successo<\/h2>\n<p>Una piccola azienda vinicola dell&#039;Europa meridionale ha scelto le nostre bottiglie di vino in vetro scuro da 750 ml come packaging principale per la sua nuova linea di vini rossi di fascia media. Hanno deciso di puntare su una differenziazione di prodotto unica, con un design in rilievo e dettagli dorati sulle bottiglie rispetto a quelle comuni, per evidenziare l&#039;altissima qualit\u00e0 del prodotto. Il collo della bottiglia si abbinava perfettamente al tappo in sughero naturale, consentendo cos\u00ec una chiusura ermetica e una conservazione sicura a lungo termine.<\/p>\n<p>A soli tre mesi dal lancio, le vendite di questo vino, attraverso i punti vendita al dettaglio locali, erano aumentate di circa il 32% su base annua e i clienti erano addirittura riusciti a effettuare due acquisti ripetuti entro sei mesi dal primo acquisto.<\/p>\n<h2>I tuoi suggerimenti per la personalizzazione<\/h2>\n<ol>\n<li><strong>Opzioni per i tappi delle bottiglie:<\/strong> L&#039;apertura della bottiglia e il tappo di sughero possono essere realizzati in modo coordinato e quindi chiusi ermeticamente con sughero naturale o composito, per ridurre le perdite e garantire una migliore stabilit\u00e0 durante la conservazione.<\/li>\n<li><strong>Decorazione in rilievo:<\/strong> Pu\u00f2 essere utilizzato per la stampa a rilievo o a secco personalizzata in una determinata area del corpo della bottiglia, ad esempio con il logo della cantina, i simboli dell&#039;annata o linee decorative. Questa stampa del marchio \u00e8 cos\u00ec d&#039;impatto che non \u00e8 nemmeno necessario utilizzare un&#039;etichetta aggiuntiva, il che \u00e8 perfetto per prodotti di alta gamma o in edizione limitata.<\/li>\n<li><strong>Trattamento superficiale:<\/strong> \u00c8 possibile scegliere tra finiture lucide, opache o leggermente satinate, che offrono all&#039;utente varianti stilistiche senza dover cambiare lo stampo della bottiglia; in questo modo, i clienti possono riconoscere facilmente le diverse linee di prodotto.<\/li>\n<\/ol>","protected":false},"excerpt":{"rendered":"<p>Bottiglie e tappi di vino di alta qualit\u00e0, inclusa la classica bottiglia da 750 ml. Fornitura diretta dalla fabbrica, qualit\u00e0 costante, supporto per la personalizzazione in grandi quantit\u00e0 e consegna rapida.<\/p>","protected":false},"featured_media":5451,"template":"","meta":{"postBodyCss":"","postBodyMargin":[],"postBodyPadding":[],"postBodyBackground":{"backgroundType":"classic","gradient":""}},"product_brand":[],"product_cat":[15,16,84],"product_tag":[],"class_list":{"0":"post-5447","1":"product","2":"type-product","3":"status-publish","4":"has-post-thumbnail","6":"product_cat-glass-containers","7":"product_cat-glass-bottles","8":"product_cat-wine-bottles","10":"first","11":"instock","12":"shipping-taxable","13":"product-type-simple"},"jetpack_sharing_enabled":true,"_links":{"self":[{"href":"https:\/\/minghanggroup.com\/it\/wp-json\/wp\/v2\/product\/5447","targetHints":{"allow":["GET"]}}],"collection":[{"href":"https:\/\/minghanggroup.com\/it\/wp-json\/wp\/v2\/product"}],"about":[{"href":"https:\/\/minghanggroup.com\/it\/wp-json\/wp\/v2\/types\/product"}],"wp:featuredmedia":[{"embeddable":true,"href":"https:\/\/minghanggroup.com\/it\/wp-json\/wp\/v2\/media\/5451"}],"wp:attachment":[{"href":"https:\/\/minghanggroup.com\/it\/wp-json\/wp\/v2\/media?parent=5447"}],"wp:term":[{"taxonomy":"product_brand","embeddable":true,"href":"https:\/\/minghanggroup.com\/it\/wp-json\/wp\/v2\/product_brand?post=5447"},{"taxonomy":"product_cat","embeddable":true,"href":"https:\/\/minghanggroup.com\/it\/wp-json\/wp\/v2\/product_cat?post=5447"},{"taxonomy":"product_tag","embeddable":true,"href":"https:\/\/minghanggroup.com\/it\/wp-json\/wp\/v2\/product_tag?post=5447"}],"curies":[{"name":"wp","href":"https:\/\/api.w.org\/{rel}","templated":true}]}}