{"id":5442,"date":"2026-02-02T16:48:12","date_gmt":"2026-02-02T08:48:12","guid":{"rendered":"https:\/\/minghanggroup.com\/?post_type=product&#038;p=5442"},"modified":"2026-02-02T16:59:23","modified_gmt":"2026-02-02T08:59:23","slug":"glass-custom-wine-bottles-for-brands-wholesale","status":"publish","type":"product","link":"https:\/\/minghanggroup.com\/it\/prodotto\/glass-custom-wine-bottles-for-brands-wholesale\/","title":{"rendered":"Bottiglie di vino personalizzate in vetro da 750 ml per marchi all&#039;ingrosso"},"content":{"rendered":"<p>Crei qualcosa di speciale: le tue bottiglie di vino personalizzate meritano un contenitore che parli prima ancora di essere versate. Scopri la nostra classica bottiglia di vino bordolese: vetro ambrato intenso, elegante inclinazione della spalla e collo di precisione per una tappatura impeccabile. Come tuo partner diretto per le bottiglie di vetro, trasformiamo le bottiglie di vino personalizzate in un&#039;eredit\u00e0 del marchio, che tu stia imbottigliando claret, borgogna o vino fatto in casa.<\/p>\n<h2>Caratteristiche del prodotto<\/h2>\n<ul>\n<li><strong>Silhouette Bordeaux autentica:<\/strong> Quella graziosa curva della spalla? Pura tradizione. Si adatta perfettamente ai tappi di sughero standard e sussurra &#034;premium&#034; su qualsiasi scaffale.<\/li>\n<li><strong>Armatura d&#039;ambra per il sapore:<\/strong> Il vetro ambrato intenso blocca il 95% dei raggi UV, proteggendo le note delicate dei vini rossi molto meglio delle bottiglie trasparenti. La tua annata rimane fedele, sorso dopo sorso.<\/li>\n<li><strong>Tela liscia per la tua arte:<\/strong> Superficie impeccabile: adesione impeccabile dell&#039;etichetta. Nessuna bolla, nessuna piega: solo la tua storia che traspare.<\/li>\n<\/ul>\n<h2>Specifiche chiave<\/h2>\n<table style=\"border-collapse: collapse; width: 80%; margin-left: auto; margin-right: auto;\" border=\"0\" width=\"144\" cellspacing=\"0\" cellpadding=\"0\">\n<tbody>\n<tr style=\"height: 13.50pt;\">\n<td style=\"height: 13.5pt; width: 54pt; text-align: center;\" width=\"72\" height=\"18\">Caratteristica<\/td>\n<td style=\"width: 54pt; text-align: center;\" width=\"72\">Dettaglio<\/td>\n<\/tr>\n<tr style=\"height: 13.50pt;\">\n<td style=\"height: 13.5pt; text-align: center;\" height=\"18\">Capacit\u00e0 (ml)<\/td>\n<td style=\"text-align: center;\" align=\"right\">750<\/td>\n<\/tr>\n<tr style=\"height: 13.50pt;\">\n<td style=\"height: 13.5pt; text-align: center;\" height=\"18\">Dimensioni (cm)<\/td>\n<td style=\"text-align: center;\">8,0 \u00d7 30,3<\/td>\n<\/tr>\n<tr style=\"height: 13.50pt;\">\n<td style=\"height: 13.5pt; text-align: center;\" height=\"18\">Apertura del collo (cm)<\/td>\n<td style=\"text-align: center;\" align=\"right\">1.8<\/td>\n<\/tr>\n<tr style=\"height: 13.50pt;\">\n<td style=\"height: 13.5pt; text-align: center;\" height=\"18\">Colore<\/td>\n<td style=\"text-align: center;\">Ambra intenso (anche: Bordeaux verde, Flint trasparente, Verde champagne)<\/td>\n<\/tr>\n<tr style=\"height: 13.50pt;\">\n<td style=\"height: 13.5pt; text-align: center;\" height=\"18\">Chiusure<\/td>\n<td style=\"text-align: center;\">Sughero naturale, tappo a vite in alluminio, parte superiore in legno<\/td>\n<\/tr>\n<tr style=\"height: 13.50pt;\">\n<td style=\"height: 13.5pt; text-align: center;\" height=\"18\">Ideale per<\/td>\n<td style=\"text-align: center;\">Vini rossi, Claret, vini fatti in casa, liquori artigianali<\/td>\n<\/tr>\n<\/tbody>\n<\/table>\n<h2>Caso di successo<\/h2>\n<p>Una piccola azienda vinicola produttrice di vino rosso desiderava confezionare il vino in un contenitore che fosse rappresentativo della sua lavorazione e che lo preservasse durante l&#039;invecchiamento e la distribuzione. Per la sua nuova annata, ha scelto le nostre bottiglie di vino in vetro scuro personalizzate, con logo in rilievo sulla spalla, base profonda del foro e pareti leggermente pi\u00f9 spesse, per conferirgli una sensazione al tatto pi\u00f9 pregiata. La bottiglia \u00e8 stata progettata in un verde antico scuro per garantire una maggiore protezione dai raggi UV e le etichette di carta sono state sostituite da etichette leggermente serigrafate per creare un aspetto pulito e moderno.<\/p>\n<p>Ci\u00f2 ha portato a un aumento del 35 percento degli ordini ripetuti da parte dei distributori e li ha spinti a standardizzare questo design di bottiglia in una gamma di prodotti e a ripetere gli ordini nelle successive stagioni di raccolta.<\/p>\n<h2>I tuoi suggerimenti per la personalizzazione<\/h2>\n<ol>\n<li><strong>Goffratura della storia della spalla:<\/strong> Disegna l&#039;anno di origine del tuo vigneto o un piccolo disegno di vite direttamente sulla spalla. Sar\u00e0 catturato con amore dalla luce.<\/li>\n<li><strong>Collari colorati in base alla stagione:<\/strong> Noce in autunno, quando \u00e8 il momento del raccolto, carta con semi in primavera, quando \u00e8 il momento di sposarsi. Scambio senza muffe fresche: ottimo dove ci sono collezioni limitate di bellissime bottiglie di vino.<\/li>\n<li><strong>Zone di presa perfette:<\/strong> Micro-solchi disposti verticalmente nella parte inferiore. Le dita prendono la loro posizione inconsciamente. Nessun errore. La colata clandestina \u00e8 solo un mormorio sicuro di essere realizzata con cura.<\/li>\n<\/ol>","protected":false},"excerpt":{"rendered":"<p>Bottiglie di vino personalizzate di alta qualit\u00e0, dalla forma elegante e in vetro scuro. Campioni gratuiti, personalizzazione in blocco per una bottiglia di vino da 750 ml, utilizzata nelle cantine professionali.<\/p>","protected":false},"featured_media":5446,"template":"","meta":{"postBodyCss":"","postBodyMargin":[],"postBodyPadding":[],"postBodyBackground":{"backgroundType":"classic","gradient":""}},"product_brand":[],"product_cat":[15,16,84],"product_tag":[],"class_list":{"0":"post-5442","1":"product","2":"type-product","3":"status-publish","4":"has-post-thumbnail","6":"product_cat-glass-containers","7":"product_cat-glass-bottles","8":"product_cat-wine-bottles","10":"first","11":"instock","12":"shipping-taxable","13":"product-type-simple"},"jetpack_sharing_enabled":true,"_links":{"self":[{"href":"https:\/\/minghanggroup.com\/it\/wp-json\/wp\/v2\/product\/5442","targetHints":{"allow":["GET"]}}],"collection":[{"href":"https:\/\/minghanggroup.com\/it\/wp-json\/wp\/v2\/product"}],"about":[{"href":"https:\/\/minghanggroup.com\/it\/wp-json\/wp\/v2\/types\/product"}],"wp:featuredmedia":[{"embeddable":true,"href":"https:\/\/minghanggroup.com\/it\/wp-json\/wp\/v2\/media\/5446"}],"wp:attachment":[{"href":"https:\/\/minghanggroup.com\/it\/wp-json\/wp\/v2\/media?parent=5442"}],"wp:term":[{"taxonomy":"product_brand","embeddable":true,"href":"https:\/\/minghanggroup.com\/it\/wp-json\/wp\/v2\/product_brand?post=5442"},{"taxonomy":"product_cat","embeddable":true,"href":"https:\/\/minghanggroup.com\/it\/wp-json\/wp\/v2\/product_cat?post=5442"},{"taxonomy":"product_tag","embeddable":true,"href":"https:\/\/minghanggroup.com\/it\/wp-json\/wp\/v2\/product_tag?post=5442"}],"curies":[{"name":"wp","href":"https:\/\/api.w.org\/{rel}","templated":true}]}}