{"id":5437,"date":"2026-02-02T11:03:54","date_gmt":"2026-02-02T03:03:54","guid":{"rendered":"https:\/\/minghanggroup.com\/?post_type=product&#038;p=5437"},"modified":"2026-04-27T14:51:36","modified_gmt":"2026-04-27T06:51:36","slug":"amber-glass-empty-wine-bottles-for-packaging-bulk","status":"publish","type":"product","link":"https:\/\/minghanggroup.com\/it\/prodotto\/amber-glass-empty-wine-bottles-for-packaging-bulk\/","title":{"rendered":"Bottiglie di vino vuote in vetro ambrato da 750 ml per imballaggio sfuso"},"content":{"rendered":"<p>Le bottiglie di vino vuote mostrano il loro design tradizionale bordolese, realizzate in vetro verde oliva scuro per proteggere il vino dai raggi ultravioletti. Il sistema di conservazione del vino risulta efficace grazie al suo design che combina un corpo slanciato e dritto con un collo stretto e una base concava profonda.<\/p>\n<h2>Caratteristiche del prodotto<\/h2>\n<ul>\n<li><strong>Design tradizionale bordolese:<\/strong> La caratteristica forma svasata della bottiglia di Bordeaux \u00e8 immediatamente riconoscibile e sinonimo di qualit\u00e0 e tradizione.<\/li>\n<li><strong>Protezione UV naturale:<\/strong> Il vetro verde scuro protegge il vino dai danni causati dalla luce e ne preserva gli aromi delicati.<\/li>\n<li><strong>Resistenza strutturale:<\/strong> Le sue pareti spesse, le spalle alte e la profonda base concava aumentano notevolmente la resistenza, offrendo un&#039;efficace protezione al vino durante il trasporto e la conservazione in cantina.<\/li>\n<\/ul>\n<h2>Specifiche chiave<\/h2>\n<table style=\"border-collapse: collapse; width: 80%; margin-left: auto; margin-right: auto;\" border=\"0\" width=\"144\" cellspacing=\"0\" cellpadding=\"0\">\n<tbody>\n<tr style=\"height: 13.50pt;\">\n<td style=\"height: 13.5pt; width: 54pt; text-align: center;\" width=\"72\" height=\"18\">Caratteristica<\/td>\n<td style=\"width: 54pt; text-align: center;\" width=\"72\">Dettaglio<\/td>\n<\/tr>\n<tr style=\"height: 13.50pt;\">\n<td style=\"height: 13.5pt; text-align: center;\" height=\"18\">Capacit\u00e0 (ml)<\/td>\n<td style=\"text-align: center;\" align=\"right\">750<\/td>\n<\/tr>\n<tr style=\"height: 13.50pt;\">\n<td style=\"height: 13.5pt; text-align: center;\" height=\"18\">Dimensioni (cm)<\/td>\n<td style=\"text-align: center;\">7,9 \u00d7 29,8<\/td>\n<\/tr>\n<tr style=\"height: 13.50pt;\">\n<td style=\"height: 13.5pt; text-align: center;\" height=\"18\">Apertura del collo (cm)<\/td>\n<td style=\"text-align: center;\">1.8<\/td>\n<\/tr>\n<tr style=\"height: 13.50pt;\">\n<td style=\"height: 13.5pt; text-align: center;\" height=\"18\">Colori<\/td>\n<td style=\"text-align: center;\">Ambra, Bordeaux verde, Flint trasparente, Champagne verde<\/td>\n<\/tr>\n<tr style=\"height: 13.50pt;\">\n<td style=\"height: 13.5pt; text-align: center;\" height=\"18\">Chiusure<\/td>\n<td style=\"text-align: center;\">Sughero naturale, tappo a vite in alluminio<\/td>\n<\/tr>\n<tr style=\"height: 13.50pt;\">\n<td style=\"height: 13.5pt; text-align: center;\" height=\"18\">Ideale per<\/td>\n<td style=\"text-align: center;\">Vini rossi, Claret, vini fatti in casa, confezioni regalo<\/td>\n<\/tr>\n<\/tbody>\n<\/table>\n<h2>Caso di successo: ordini personalizzati da una cantina boutique californiana<\/h2>\n<p>Un giovane produttore californiano di Pinot Noir ha scelto di creare bottiglie con una base pi\u00f9 profonda e una spalla serigrafata. Le bottiglie vuote personalizzate sono diventate parte integrante dell&#039;identit\u00e0 del marchio; il vetro pi\u00f9 scuro ha contribuito a ridurre i danni causati dalla luce (del 15%) e la forma tradizionale della bottiglia ha conferito al vino un aspetto pi\u00f9 pregiato, aumentandone cos\u00ec il prezzo medio del 20%. Visto il grande successo ottenuto con il Pinot Noir, l&#039;azienda ha effettuato un altro ordine di 300.000 bottiglie per le sue nuove annate.<\/p>\n<h2>Suggerimenti per bottiglie di vino vuote personalizzate<\/h2>\n<ul>\n<li>Goffratura personalizzata: Offriamo la possibilit\u00e0 di goffrare la spalla o il fondo del bicchiere con un logo, un design vintage o decorativo per creare un marchio tattile di lusso.<\/li>\n<li>Profondit\u00e0 e design del fondo: Offrire diverse dimensioni del fondo (standard, pi\u00f9 profondo) o altre forme (a stella, araldica) come elemento distintivo del marchio.<\/li>\n<li>Trattamento personalizzato del collo: Offriamo trattamenti del collo diversi da quelli standard per i tappi di sughero, come filettature per tappi a vite o dimensioni particolari per tappi a T.<\/li>\n<\/ul>","protected":false},"excerpt":{"rendered":"<p>Bottiglie di vino vuote di alta qualit\u00e0, dalla silhouette classica e dal fondo spesso. Fornitura diretta dalla fabbrica, campioni gratuiti, bottiglie affidabili per marchi di vino.<\/p>","protected":false},"featured_media":5441,"template":"","meta":{"postBodyCss":"","postBodyMargin":[],"postBodyPadding":[],"postBodyBackground":{"backgroundType":"classic","gradient":""}},"product_brand":[],"product_cat":[15,16,84],"product_tag":[],"class_list":{"0":"post-5437","1":"product","2":"type-product","3":"status-publish","4":"has-post-thumbnail","6":"product_cat-glass-containers","7":"product_cat-glass-bottles","8":"product_cat-wine-bottles","10":"first","11":"instock","12":"shipping-taxable","13":"product-type-simple"},"jetpack_sharing_enabled":true,"_links":{"self":[{"href":"https:\/\/minghanggroup.com\/it\/wp-json\/wp\/v2\/product\/5437","targetHints":{"allow":["GET"]}}],"collection":[{"href":"https:\/\/minghanggroup.com\/it\/wp-json\/wp\/v2\/product"}],"about":[{"href":"https:\/\/minghanggroup.com\/it\/wp-json\/wp\/v2\/types\/product"}],"wp:featuredmedia":[{"embeddable":true,"href":"https:\/\/minghanggroup.com\/it\/wp-json\/wp\/v2\/media\/5441"}],"wp:attachment":[{"href":"https:\/\/minghanggroup.com\/it\/wp-json\/wp\/v2\/media?parent=5437"}],"wp:term":[{"taxonomy":"product_brand","embeddable":true,"href":"https:\/\/minghanggroup.com\/it\/wp-json\/wp\/v2\/product_brand?post=5437"},{"taxonomy":"product_cat","embeddable":true,"href":"https:\/\/minghanggroup.com\/it\/wp-json\/wp\/v2\/product_cat?post=5437"},{"taxonomy":"product_tag","embeddable":true,"href":"https:\/\/minghanggroup.com\/it\/wp-json\/wp\/v2\/product_tag?post=5437"}],"curies":[{"name":"wp","href":"https:\/\/api.w.org\/{rel}","templated":true}]}}