{"id":5411,"date":"2026-01-29T13:10:17","date_gmt":"2026-01-29T05:10:17","guid":{"rendered":"https:\/\/minghanggroup.com\/?post_type=product&#038;p=5411"},"modified":"2026-03-02T13:57:46","modified_gmt":"2026-03-02T05:57:46","slug":"glass-candle-vessels-for-tealights-wholesale","status":"publish","type":"product","link":"https:\/\/minghanggroup.com\/it\/prodotto\/glass-candle-vessels-for-tealights-wholesale\/","title":{"rendered":"Vasi per candele in vetro da 50 ml, 210 ml e 220 ml per lumini all&#039;ingrosso"},"content":{"rendered":"<p>Un portacandele in vetro liscio, basso e largo, dalla forma cilindrica, con bordi arrotondati e un fondo stabile, offre uno spazio spazioso e adatto in cui riporre piccole candele o lumini.<\/p>\n<h2>Caratteristiche del prodotto<\/h2>\n<ul>\n<li><strong>Base:<\/strong> La base \u00e8 unica e rinforzata per offrire un&#039;eccellente stabilit\u00e0 e una sensazione di alta qualit\u00e0 e pregio.<\/li>\n<li><strong>Forma cilindrica bassa e larga:<\/strong> La forma cilindrica bassa e larga non solo garantisce un elevato livello di stabilit\u00e0, ma consente anche di risparmiare spazio e ha una grande capacit\u00e0 di contenere grandi quantit\u00e0 di cera.<\/li>\n<li><strong>Tre dimensioni pratiche:<\/strong> Dimensioni adatte a diverse esigenze, dalle piccole candele da t\u00e8\/regali alle grandi candele da soggiorno.<\/li>\n<\/ul>\n<h2 style=\"text-align: left;\">Specifiche chiave<\/h2>\n<table class=\"aligncenter\" style=\"border-collapse: collapse; width: 419.27pt;\" border=\"0\" width=\"559\" cellspacing=\"0\" cellpadding=\"0\">\n<tbody>\n<tr style=\"height: 13.50pt;\">\n<td style=\"height: 13.50pt; width: 120.75pt;\" width=\"161\" height=\"18\">Specifica<\/td>\n<td style=\"width: 298.50pt;\" width=\"398\">Dettagli<\/td>\n<\/tr>\n<tr style=\"height: 13.50pt;\">\n<td style=\"height: 13.50pt;\" height=\"18\">Capacit\u00e0<\/td>\n<td>50 ml \/ 210 ml \/ 220 ml<\/td>\n<\/tr>\n<tr style=\"height: 13.50pt;\">\n<td style=\"height: 13.50pt;\" height=\"18\">Dimensioni<\/td>\n<td>54\u00d750\u00d752mm \/ 73\u00d767\u00d780mm \/ 70\u00d765\u00d780mm<\/td>\n<\/tr>\n<tr style=\"height: 13.50pt;\">\n<td style=\"height: 13.50pt;\" height=\"18\">Materiale<\/td>\n<td>Vetro trasparente<\/td>\n<\/tr>\n<tr style=\"height: 13.50pt;\">\n<td style=\"height: 13.50pt;\" height=\"18\">Forma del barattolo<\/td>\n<td>Cilindro corto e largo<\/td>\n<\/tr>\n<tr style=\"height: 13.50pt;\">\n<td style=\"height: 13.50pt;\" height=\"18\">Ambito di personalizzazione<\/td>\n<td>Colore, dimensione, coperchi, altezza<\/td>\n<\/tr>\n<tr style=\"height: 13.50pt;\">\n<td style=\"height: 13.50pt;\" height=\"18\">Artigianato<\/td>\n<td>Formatura del vetro di precisione<\/td>\n<\/tr>\n<tr style=\"height: 13.50pt;\">\n<td style=\"height: 13.50pt;\" height=\"18\">Scopo del prodotto<\/td>\n<td>Candele in contenitori resistenti, portacandele all&#039;ingrosso<\/td>\n<\/tr>\n<tr style=\"height: 13.50pt;\">\n<td style=\"height: 13.50pt;\" height=\"18\">Industrie adatte<\/td>\n<td>Produttori di candele, rivenditori al dettaglio di massa<\/td>\n<\/tr>\n<\/tbody>\n<\/table>\n<h2>Storia di successo<\/h2>\n<p>Uno dei negozi russi di articoli per la casa ha ordinato il nostro contenitore per candele da 220 ml con base spessa, rivestito in grigio fum\u00e9 e con un&#039;etichetta serigrafata in stile retr\u00f2 personalizzata. Ci\u00f2 \u00e8 dovuto principalmente all&#039;eccellente stabilit\u00e0 del contenitore, che \u00e8 stato il suo principale punto di forza, menzionato nel 40% delle recensioni positive. La capacit\u00e0 di 220 ml offre un massimo di 80 ore di combustione, il che contribuisce a un elevato tasso di riacquisto. Questo rivenditore \u00e8 stato estremamente soddisfatto e ne ha ordinati altri 800.000 per la sua campagna promozionale in tutto il Paese.<\/p>\n<h2>Personalizzazione dei vasi per candele all&#039;ingrosso<\/h2>\n<ul>\n<li>Vetro opaco o colorato: pu\u00f2 essere realizzato in vetro opaco bianco\/nero puro o in colori trasparenti, ad esempio ambra e grigio fum\u00e9.<\/li>\n<li>Serigrafia a copertura totale: stampa completa a 360 gradi di motivi o disegni utilizzando bordi dritti.<\/li>\n<li>Anelli antiscivolo: anelli in silicone fuso o gomma vengono aggiunti al design inferiore per garantire la massima funzionalit\u00e0 antiscivolo.<\/li>\n<\/ul>","protected":false},"excerpt":{"rendered":"<p>Portacandele bassi e trasparenti, in vetro liscio e con base spessa. Fornitura all&#039;ingrosso di portacandele per aromaterapia e decorazioni da tavola. Spedizione veloce.<\/p>","protected":false},"featured_media":5416,"template":"","meta":{"postBodyCss":"","postBodyMargin":[],"postBodyPadding":[],"postBodyBackground":{"backgroundType":"classic","gradient":""}},"product_brand":[],"product_cat":[15,82,17],"product_tag":[97,96],"class_list":{"0":"post-5411","1":"product","2":"type-product","3":"status-publish","4":"has-post-thumbnail","6":"product_cat-glass-containers","7":"product_cat-candle-jars","8":"product_cat-glass-jars","9":"product_tag-rocks-glass","10":"product_tag-whiskey-tumblers","12":"first","13":"instock","14":"shipping-taxable","15":"product-type-simple"},"jetpack_sharing_enabled":true,"_links":{"self":[{"href":"https:\/\/minghanggroup.com\/it\/wp-json\/wp\/v2\/product\/5411","targetHints":{"allow":["GET"]}}],"collection":[{"href":"https:\/\/minghanggroup.com\/it\/wp-json\/wp\/v2\/product"}],"about":[{"href":"https:\/\/minghanggroup.com\/it\/wp-json\/wp\/v2\/types\/product"}],"wp:featuredmedia":[{"embeddable":true,"href":"https:\/\/minghanggroup.com\/it\/wp-json\/wp\/v2\/media\/5416"}],"wp:attachment":[{"href":"https:\/\/minghanggroup.com\/it\/wp-json\/wp\/v2\/media?parent=5411"}],"wp:term":[{"taxonomy":"product_brand","embeddable":true,"href":"https:\/\/minghanggroup.com\/it\/wp-json\/wp\/v2\/product_brand?post=5411"},{"taxonomy":"product_cat","embeddable":true,"href":"https:\/\/minghanggroup.com\/it\/wp-json\/wp\/v2\/product_cat?post=5411"},{"taxonomy":"product_tag","embeddable":true,"href":"https:\/\/minghanggroup.com\/it\/wp-json\/wp\/v2\/product_tag?post=5411"}],"curies":[{"name":"wp","href":"https:\/\/api.w.org\/{rel}","templated":true}]}}