{"id":5401,"date":"2026-01-29T11:02:19","date_gmt":"2026-01-29T03:02:19","guid":{"rendered":"https:\/\/minghanggroup.com\/?post_type=product&#038;p=5401"},"modified":"2026-03-02T13:55:41","modified_gmt":"2026-03-02T05:55:41","slug":"glass-large-candle-vessels-with-thick-base-wholesale","status":"publish","type":"product","link":"https:\/\/minghanggroup.com\/it\/prodotto\/glass-large-candle-vessels-with-thick-base-wholesale\/","title":{"rendered":"Grandi vasi per candele in vetro da 200 ml a 620 ml con base spessa all&#039;ingrosso"},"content":{"rendered":"<p>Questi grandi vasi portacandele hanno un corpo cilindrico dal design arrotondato e un fondo spesso per garantire stabilit\u00e0 e durata. Sono disponibili in sei misure.<\/p>\n<h2>Caratteristiche del prodotto<\/h2>\n<ul>\n<li><strong>Design cilindrico raffinato e morbido:<\/strong> La curva interna \u00e8 morbida e delicata e aggiunge un certo elemento di eleganza e raffinatezza alla tradizionale forma cilindrica.<\/li>\n<li><strong>6 misure tra cui scegliere:<\/strong> Grazie alla variet\u00e0 di misure disponibili, \u00e8 possibile trovare la candela perfetta, piccola ed elegante oppure pi\u00f9 accattivante.<\/li>\n<li><strong>Base rotonda robusta e stabile:<\/strong> Il design della base \u00e8 rotondo e spesso per garantire grande stabilit\u00e0 a tutte le candele di tutte le dimensioni ed evitare il ribaltamento.<\/li>\n<\/ul>\n<h2 style=\"text-align: left;\">Specifiche chiave<\/h2>\n<table class=\"aligncenter\" style=\"border-collapse: collapse; width: 659.27pt;\" border=\"0\" width=\"879\" cellspacing=\"0\" cellpadding=\"0\">\n<tbody>\n<tr style=\"height: 13.50pt;\">\n<td style=\"height: 13.50pt; width: 120.75pt;\" width=\"161\" height=\"18\">Specifica<\/td>\n<td style=\"width: 538.50pt;\" width=\"718\">Dettagli<\/td>\n<\/tr>\n<tr style=\"height: 13.50pt;\">\n<td style=\"height: 13.50pt;\" height=\"18\">Capacit\u00e0<\/td>\n<td>200 ml \/ 245 ml \/ 295 ml \/ 390 ml \/ 500 ml \/ 620 ml<\/td>\n<\/tr>\n<tr style=\"height: 13.50pt;\">\n<td style=\"height: 13.50pt;\" height=\"18\">Dimensioni<\/td>\n<td>71\u00d747\u00d782mm \/ 75\u00d775\u00d785mm \/ 80\u00d775\u00d790mm \/ 88\u00d783\u00d7100mm \/ 100\u00d795\u00d7100mm \/ 100\u00d792\u00d7125mm<\/td>\n<\/tr>\n<tr style=\"height: 13.50pt;\">\n<td style=\"height: 13.50pt;\" height=\"18\">Materiale<\/td>\n<td>Vetro trasparente<\/td>\n<\/tr>\n<tr style=\"height: 13.50pt;\">\n<td style=\"height: 13.50pt;\" height=\"18\">Forma del barattolo<\/td>\n<td>Cilindro dritto<\/td>\n<\/tr>\n<tr style=\"height: 13.50pt;\">\n<td style=\"height: 13.50pt;\" height=\"18\">Ambito di personalizzazione<\/td>\n<td>Colore, finitura, dimensione, forma<\/td>\n<\/tr>\n<tr style=\"height: 13.50pt;\">\n<td style=\"height: 13.50pt;\" height=\"18\">Artigianato<\/td>\n<td>Formatura del vetro di precisione<\/td>\n<\/tr>\n<tr style=\"height: 13.50pt;\">\n<td style=\"height: 13.50pt;\" height=\"18\">Scopo del prodotto<\/td>\n<td>Barattoli di vetro all&#039;ingrosso per candele, barattoli per candele profumate<\/td>\n<\/tr>\n<tr style=\"height: 13.50pt;\">\n<td style=\"height: 13.50pt;\" height=\"18\">Industrie adatte<\/td>\n<td>Produttori di candele, fornitori di decorazioni per la casa<\/td>\n<\/tr>\n<\/tbody>\n<\/table>\n<h2>Storia di successo<\/h2>\n<p>Un importante produttore di candele del Midwest ha ordinato i nostri barattoli di grandi dimensioni con una speciale finitura leggermente satinata. L&#039;aspetto uniforme ha creato un&#039;immagine di scaffale gradevole e coerente, che ha portato a una crescita delle vendite del 35% nel primo trimestre. Il barattolo di vetro con fondo spesso ha ridotto al minimo del 60% le perdite causate durante la spedizione. Il produttore \u00e8 stato molto soddisfatto e ha effettuato un altro ordine di 1,2 milioni di barattoli di vetro, che \u00e8 stato firmato come contratto di fornitura biennale con un importante rivenditore del paese.<\/p>\n<h2>Barattoli di vetro all&#039;ingrosso per personalizzazioni di candele<\/h2>\n<ul>\n<li>Sfumatura: i barattoli pi\u00f9 piccoli hanno un colore chiaro, mentre pi\u00f9 grande \u00e8 il barattolo, pi\u00f9 scuro \u00e8 il colore utilizzato.<\/li>\n<li>Etichette di capacit\u00e0 realizzate in serigrafia: la capacit\u00e0 verr\u00e0 stampata sulle etichette di ogni barattolo con un carattere elegante, in modo che i clienti possano leggerla e identificarne facilmente la capacit\u00e0.<\/li>\n<li>Opaco e lucido: i barattoli possono essere opachi all&#039;esterno e lucidi all&#039;interno, oppure lucidi all&#039;interno.<\/li>\n<li>Anello metallico sul fondo: si tratta semplicemente di un abbellimento ottenuto fissando un anello metallico sul fondo del barattolo.<\/li>\n<\/ul>","protected":false},"excerpt":{"rendered":"<p>Barattoli di vetro dritti e resistenti con base spessa per la produzione di candele. Servizio OEM disponibile per grandi contenitori per candele all&#039;ingrosso e barattoli di vetro per candele all&#039;ingrosso.<\/p>","protected":false},"featured_media":5408,"template":"","meta":{"postBodyCss":"","postBodyMargin":[],"postBodyPadding":[],"postBodyBackground":{"backgroundType":"classic","gradient":""}},"product_brand":[],"product_cat":[15,82,17],"product_tag":[96],"class_list":{"0":"post-5401","1":"product","2":"type-product","3":"status-publish","4":"has-post-thumbnail","6":"product_cat-glass-containers","7":"product_cat-candle-jars","8":"product_cat-glass-jars","9":"product_tag-whiskey-tumblers","11":"first","12":"instock","13":"shipping-taxable","14":"product-type-simple"},"jetpack_sharing_enabled":true,"_links":{"self":[{"href":"https:\/\/minghanggroup.com\/it\/wp-json\/wp\/v2\/product\/5401","targetHints":{"allow":["GET"]}}],"collection":[{"href":"https:\/\/minghanggroup.com\/it\/wp-json\/wp\/v2\/product"}],"about":[{"href":"https:\/\/minghanggroup.com\/it\/wp-json\/wp\/v2\/types\/product"}],"wp:featuredmedia":[{"embeddable":true,"href":"https:\/\/minghanggroup.com\/it\/wp-json\/wp\/v2\/media\/5408"}],"wp:attachment":[{"href":"https:\/\/minghanggroup.com\/it\/wp-json\/wp\/v2\/media?parent=5401"}],"wp:term":[{"taxonomy":"product_brand","embeddable":true,"href":"https:\/\/minghanggroup.com\/it\/wp-json\/wp\/v2\/product_brand?post=5401"},{"taxonomy":"product_cat","embeddable":true,"href":"https:\/\/minghanggroup.com\/it\/wp-json\/wp\/v2\/product_cat?post=5401"},{"taxonomy":"product_tag","embeddable":true,"href":"https:\/\/minghanggroup.com\/it\/wp-json\/wp\/v2\/product_tag?post=5401"}],"curies":[{"name":"wp","href":"https:\/\/api.w.org\/{rel}","templated":true}]}}