{"id":5392,"date":"2026-01-29T16:14:27","date_gmt":"2026-01-29T08:14:27","guid":{"rendered":"https:\/\/minghanggroup.com\/?post_type=product&#038;p=5392"},"modified":"2026-03-02T13:57:59","modified_gmt":"2026-03-02T05:57:59","slug":"clear-glass-candle-vessels-with-lids-for-packaging-bulk","status":"publish","type":"product","link":"https:\/\/minghanggroup.com\/it\/prodotto\/clear-glass-candle-vessels-with-lids-for-packaging-bulk\/","title":{"rendered":"Contenitori per candele in vetro trasparente da 140 ml a 255 ml con coperchio per confezionamento sfuso"},"content":{"rendered":"<p>Hai bisogno di contenitori per candele in vetro con coperchio che proteggano il tuo prodotto e che facciano s\u00ec che l&#039;apertura della confezione sia come un regalo. Ecco perch\u00e9 abbiamo creato questa serie completa in 4 misure: ogni contenitore per candele con coperchio (in plastica, metallo o legno) \u00e8 progettato per garantire stabilit\u00e0, stile e un&#039;ottima visibilit\u00e0 sugli scaffali. Come produttore diretto di imballaggi in vetro, semplifichiamo il successo delle tue candele all&#039;ingrosso.<\/p>\n<h2>Caratteristiche del prodotto<\/h2>\n<ul>\n<li><strong>Chiarezza cristallina:<\/strong> Esponi la tua candela profumata con la trasparenza del vetro di alta qualit\u00e0. Combinando un bordo liscio con una base spessa, il risultato \u00e8 un versamento sicuro e un&#039;esposizione elegante.<\/li>\n<li><strong>Flessibilit\u00e0 del coperchio:<\/strong> Puoi scegliere la plastica se preferisci l&#039;opzione pi\u00f9 economica, il metallo spazzolato per portacandele di lusso dal look moderno, o il legno di recupero se desideri trasmettere un carattere rustico. I tuoi barattoli per candele con coperchio stanno diventando un elemento distintivo del tuo marchio.<\/li>\n<li><strong>Stabilit\u00e0 in serie, pronta all&#039;uso:<\/strong> La base rinforzata impedisce al prodotto di ribaltarsi. Ideale per la spedizione di grandi quantit\u00e0 di candele e anche per un comodo utilizzo a lato del letto. La sicurezza non \u00e8 mai stata cos\u00ec importante.<\/li>\n<\/ul>\n<h2>Specifiche chiave<\/h2>\n<table style=\"border-collapse: collapse; width: 80%; margin-left: auto; margin-right: auto;\" border=\"0\" width=\"288\" cellspacing=\"0\" cellpadding=\"0\">\n<tbody>\n<tr style=\"height: 13.50pt;\">\n<td style=\"height: 13.5pt; width: 54pt; text-align: center;\" width=\"72\" height=\"18\">Capacit\u00e0 (ml)<\/td>\n<td style=\"width: 54pt; text-align: center;\" width=\"72\">Dimensioni (mm)<\/td>\n<td style=\"width: 54pt; text-align: center;\" width=\"72\">Opzioni del coperchio<\/td>\n<td style=\"width: 54pt; text-align: center;\" width=\"72\">Colore<\/td>\n<\/tr>\n<tr style=\"height: 13.50pt;\">\n<td style=\"height: 13.5pt; text-align: center;\" align=\"right\" height=\"18\">140<\/td>\n<td style=\"text-align: center;\">61 \u00d7 57 \u00d7 74<\/td>\n<td class=\"et2\" style=\"text-align: center;\" rowspan=\"4\">Plastica \/ Metallo \/ Legno<\/td>\n<td class=\"et2\" style=\"text-align: center;\" rowspan=\"4\">Cancella \/ Personalizzato<\/td>\n<\/tr>\n<tr style=\"height: 13.50pt;\">\n<td style=\"height: 13.5pt; text-align: center;\" align=\"right\" height=\"18\">210<\/td>\n<td style=\"text-align: center;\">70 \u00d7 65 \u00d7 80<\/td>\n<\/tr>\n<tr style=\"height: 13.50pt;\">\n<td style=\"height: 13.5pt; text-align: center;\" align=\"right\" height=\"18\">220<\/td>\n<td style=\"text-align: center;\">73 \u00d7 67 \u00d7 80<\/td>\n<\/tr>\n<tr style=\"height: 13.50pt;\">\n<td style=\"height: 13.5pt; text-align: center;\" align=\"right\" height=\"18\">255<\/td>\n<td style=\"text-align: center;\">79 \u00d7 73 \u00d7 93<\/td>\n<\/tr>\n<\/tbody>\n<\/table>\n<h2>Caso di successo<\/h2>\n<p>Un marchio di profumi per la casa di nicchia aveva bisogno di un portacandele che non solo esaltasse la sua immagine minimalista, ma che permettesse anche alla linea di profumi distintiva di essere chiaramente distinta sugli scaffali dei negozi. Per il lancio del nuovo prodotto, la scelta \u00e8 ricaduta sui portacandele in vetro trasparente, che l&#039;azienda ha personalizzato con un&#039;elegante goffratura del logo sulla parte inferiore, una delicata finitura satinata e decorazioni in seta pregiata, con motivi serigrafati tratti da piante botaniche.<\/p>\n<p>Dopo soli due mesi dal lancio, l&#039;azienda ha comunicato che gli ordini tramite rivenditori erano aumentati del 35% e che si era registrato un aumento visibile nell&#039;identificazione della confezione da parte dei clienti, il che, alla fine, ha portato il marchio a fare di questa tazza di vetro per candele personalizzata il suo standard di collezione principale e a continuare a effettuare ordini successivi per le diverse stagioni.<\/p>\n<h2>I tuoi suggerimenti per la personalizzazione<\/h2>\n<ol>\n<li><strong>Marchio in rilievo o a secco:<\/strong> Aggiungi direttamente un logo in rilievo o incassato sul vetro per creare un marchio permanente che i tuoi clienti potranno vedere anche dopo aver utilizzato la candela.<\/li>\n<li><strong>Colori e tinte personalizzate per i vetri:<\/strong> Scegli il grigio fumo, l&#039;ambra, il verde oliva o anche miscele di colori personalizzate, da utilizzare per collezioni stagionali o storie di profumi specifici.<\/li>\n<li><strong>Seta, motivi serigrafati:<\/strong> Utilizza la soluzione pi\u00f9 pulita, senza etichette, per un design all&#039;avanguardia, aggiungendo testi minimalisti, linee geometriche o motivi botanici.<\/li>\n<\/ol>","protected":false},"excerpt":{"rendered":"<p>Contenitori per candele di alta qualit\u00e0 con coperchio in vetro trasparente per marchi moderni. Questi barattoli in vetro per candele con coperchio offrono personalizzazione all&#039;ingrosso e campione gratuito.<\/p>","protected":false},"featured_media":5399,"template":"","meta":{"postBodyCss":"","postBodyMargin":[],"postBodyPadding":[],"postBodyBackground":{"backgroundType":"classic","gradient":""}},"product_brand":[],"product_cat":[15,82,17],"product_tag":[97,96],"class_list":{"0":"post-5392","1":"product","2":"type-product","3":"status-publish","4":"has-post-thumbnail","6":"product_cat-glass-containers","7":"product_cat-candle-jars","8":"product_cat-glass-jars","9":"product_tag-rocks-glass","10":"product_tag-whiskey-tumblers","12":"first","13":"instock","14":"shipping-taxable","15":"product-type-simple"},"jetpack_sharing_enabled":true,"_links":{"self":[{"href":"https:\/\/minghanggroup.com\/it\/wp-json\/wp\/v2\/product\/5392","targetHints":{"allow":["GET"]}}],"collection":[{"href":"https:\/\/minghanggroup.com\/it\/wp-json\/wp\/v2\/product"}],"about":[{"href":"https:\/\/minghanggroup.com\/it\/wp-json\/wp\/v2\/types\/product"}],"wp:featuredmedia":[{"embeddable":true,"href":"https:\/\/minghanggroup.com\/it\/wp-json\/wp\/v2\/media\/5399"}],"wp:attachment":[{"href":"https:\/\/minghanggroup.com\/it\/wp-json\/wp\/v2\/media?parent=5392"}],"wp:term":[{"taxonomy":"product_brand","embeddable":true,"href":"https:\/\/minghanggroup.com\/it\/wp-json\/wp\/v2\/product_brand?post=5392"},{"taxonomy":"product_cat","embeddable":true,"href":"https:\/\/minghanggroup.com\/it\/wp-json\/wp\/v2\/product_cat?post=5392"},{"taxonomy":"product_tag","embeddable":true,"href":"https:\/\/minghanggroup.com\/it\/wp-json\/wp\/v2\/product_tag?post=5392"}],"curies":[{"name":"wp","href":"https:\/\/api.w.org\/{rel}","templated":true}]}}