{"id":5380,"date":"2026-01-28T16:28:53","date_gmt":"2026-01-28T08:28:53","guid":{"rendered":"https:\/\/minghanggroup.com\/?post_type=product&#038;p=5380"},"modified":"2026-03-02T13:58:19","modified_gmt":"2026-03-02T05:58:19","slug":"glass-candle-vessels-with-embossed-patterns-bulk","status":"publish","type":"product","link":"https:\/\/minghanggroup.com\/it\/prodotto\/glass-candle-vessels-with-embossed-patterns-bulk\/","title":{"rendered":"Recipienti per candele in vetro da 220 ml con motivi in \u200b\u200brilievo per il confezionamento sfuso"},"content":{"rendered":"<p>Hai bisogno di contenitori per candele in vetro che trasmettano un tocco di originalit\u00e0, non di genericit\u00e0. Ecco perch\u00e9 abbiamo creato questa collezione da 220 ml con cinque motivi pieni di sentimento (dente di leone, foglia, pois, stella, linee verticali) in un&#039;unica forma cilindrica senza soluzione di continuit\u00e0. Come produttore diretto di contenitori in vetro, semplifichiamo l&#039;ordinazione di contenitori per candele all&#039;ingrosso, cos\u00ec la tua linea di candele all&#039;ingrosso briller\u00e0 di personalit\u00e0 e profitto.<\/p>\n<p>Caratteristiche del prodotto<\/p>\n<p>Cinque fantasie: combinando il dolce sussurro dei denti di leone con l&#039;audacia delle stelle che illuminano ogni portacandele, si crea un gioco di ombre unico. Ideale per raccontare il percorso del tuo brand.<\/p>\n<p>Luce, attraverso, magia delle texture: il cristallo massiccio diffonde splendidamente la luce delle candele attraverso le texture in rilievo. Un delicato bagliore per angoli accoglienti o una splendida luce d&#039;atmosfera ovunque tu venda.<\/p>\n<p>Lusso, stabilit\u00e0 di livello: la base piatta \u00e8 progettata per prevenire il ribaltamento. Il bordo liscio consente di versare in modo pulito ed \u00e8 compatibile con coperchi in legno\/metallo.<\/p>\n<p>Specifiche chiave<\/p>\n<table style=\"border-collapse: collapse; width: 80%; margin-left: auto; margin-right: auto;\" border=\"0\" width=\"144\" cellspacing=\"0\" cellpadding=\"0\">\n<tbody>\n<tr style=\"height: 13.50pt;\">\n<td style=\"height: 13.5pt; width: 54pt; text-align: center;\" width=\"72\" height=\"18\">Caratteristica<\/td>\n<td style=\"width: 54pt; text-align: center;\" width=\"72\">Specifica<\/td>\n<\/tr>\n<tr style=\"height: 13.50pt;\">\n<td style=\"height: 13.5pt; text-align: center;\" height=\"18\">Capacit\u00e0<\/td>\n<td style=\"text-align: center;\">220 ml<\/td>\n<\/tr>\n<tr style=\"height: 13.50pt;\">\n<td style=\"height: 13.5pt; text-align: center;\" height=\"18\">Dimensioni<\/td>\n<td style=\"text-align: center;\">72 \u00d7 72 \u00d7 80 millimetri<\/td>\n<\/tr>\n<tr style=\"height: 13.50pt;\">\n<td style=\"height: 13.5pt; text-align: center;\" height=\"18\">Forma<\/td>\n<td style=\"text-align: center;\">Cilindrico<\/td>\n<\/tr>\n<tr style=\"height: 13.50pt;\">\n<td style=\"height: 13.5pt; text-align: center;\" height=\"18\">Modelli<\/td>\n<td style=\"text-align: center;\">Dente di leone, foglia, punti, stella, linee verticali<\/td>\n<\/tr>\n<tr style=\"height: 13.50pt;\">\n<td style=\"height: 13.5pt; text-align: center;\" height=\"18\">Materiale<\/td>\n<td style=\"text-align: center;\">Cristallo<\/td>\n<\/tr>\n<tr style=\"height: 13.50pt;\">\n<td style=\"height: 13.5pt; text-align: center;\" height=\"18\">Colore<\/td>\n<td style=\"text-align: center;\">Trasparente o personalizzato<\/td>\n<\/tr>\n<\/tbody>\n<\/table>\n<h2>Caso di successo<\/h2>\n<p>Un marchio di fragranze per la casa che si rivolge al mercato al dettaglio di fascia media, alta e alta ha scelto i nostri contenitori per candele in vetro goffrato per la sua nuova collezione stagionale e li ha personalizzati con una finitura satinata, una bottiglia grigio fum\u00e9 e il logo del marchio delicatamente goffrato sulla superficie del vetro.<\/p>\n<p>Dopo il lancio del prodotto, il marchio ha registrato un aumento del 35% degli acquisti ripetuti e un aumento del 28% del valore medio degli ordini. Inoltre, ha continuato a effettuare ordini all&#039;ingrosso per i successivi tre cicli di produzione.<\/p>\n<h2>Suggerimenti per una personalizzazione intelligente<\/h2>\n<ol>\n<li><strong>Goffratura permanente del logo:<\/strong> Il logo pu\u00f2 essere impresso o stampato sul corpo in vetro per creare un&#039;impressione duratura e lussuosa del marchio, che sar\u00e0 ancora visibile dopo che la candela \u00e8 stata bruciata.<\/li>\n<li><strong>Opzioni di colore del vetro personalizzate:<\/strong> \u00c8 possibile scegliere colori di vetro personalizzati, come grigio fumo, ambra, verde oliva o persino tonalit\u00e0 sfumate, per coordinare le collezioni stagionali o l&#039;estetica del marchio.<\/li>\n<li><strong>Finiture superficiali premium:<\/strong> Satinato, semi-satinato, satinato o acidato sono finiture superficiali eccellenti che garantiscono una diffusione della luce pi\u00f9 attenuata e sofisticata, oltre a una sensazione tattile.<\/li>\n<li><strong>Serigrafia, stampa decorativa:<\/strong> Per comunicare visivamente la storia senza l&#039;uso di etichette, si pu\u00f2 ricorrere alla seta, alla serigrafia di grafiche o a testi minimali (come motivi botanici o linee geometriche).<\/li>\n<\/ol>","protected":false},"excerpt":{"rendered":"<p>Portacandele in vetro con motivi in \u200b\u200brilievo e forme pulite. Fornitura diretta in fabbrica di portacandele all&#039;ingrosso, con possibilit\u00e0 di personalizzazione flessibile.<\/p>","protected":false},"featured_media":5384,"template":"","meta":{"postBodyCss":"","postBodyMargin":[],"postBodyPadding":[],"postBodyBackground":{"backgroundType":"classic","gradient":""}},"product_brand":[],"product_cat":[15,82,17],"product_tag":[97,96],"class_list":{"0":"post-5380","1":"product","2":"type-product","3":"status-publish","4":"has-post-thumbnail","6":"product_cat-glass-containers","7":"product_cat-candle-jars","8":"product_cat-glass-jars","9":"product_tag-rocks-glass","10":"product_tag-whiskey-tumblers","12":"first","13":"instock","14":"shipping-taxable","15":"product-type-simple"},"jetpack_sharing_enabled":true,"_links":{"self":[{"href":"https:\/\/minghanggroup.com\/it\/wp-json\/wp\/v2\/product\/5380","targetHints":{"allow":["GET"]}}],"collection":[{"href":"https:\/\/minghanggroup.com\/it\/wp-json\/wp\/v2\/product"}],"about":[{"href":"https:\/\/minghanggroup.com\/it\/wp-json\/wp\/v2\/types\/product"}],"wp:featuredmedia":[{"embeddable":true,"href":"https:\/\/minghanggroup.com\/it\/wp-json\/wp\/v2\/media\/5384"}],"wp:attachment":[{"href":"https:\/\/minghanggroup.com\/it\/wp-json\/wp\/v2\/media?parent=5380"}],"wp:term":[{"taxonomy":"product_brand","embeddable":true,"href":"https:\/\/minghanggroup.com\/it\/wp-json\/wp\/v2\/product_brand?post=5380"},{"taxonomy":"product_cat","embeddable":true,"href":"https:\/\/minghanggroup.com\/it\/wp-json\/wp\/v2\/product_cat?post=5380"},{"taxonomy":"product_tag","embeddable":true,"href":"https:\/\/minghanggroup.com\/it\/wp-json\/wp\/v2\/product_tag?post=5380"}],"curies":[{"name":"wp","href":"https:\/\/api.w.org\/{rel}","templated":true}]}}