{"id":5371,"date":"2026-01-28T14:14:58","date_gmt":"2026-01-28T06:14:58","guid":{"rendered":"https:\/\/minghanggroup.com\/?post_type=product&#038;p=5371"},"modified":"2026-03-02T13:57:32","modified_gmt":"2026-03-02T05:57:32","slug":"145ml-225ml-small-decorative-candle-jars-for-packaging-bulk","status":"publish","type":"product","link":"https:\/\/minghanggroup.com\/it\/prodotto\/145ml-225ml-small-decorative-candle-jars-for-packaging-bulk\/","title":{"rendered":"Barattoli per candele decorative piccole da 145 ml e 225 ml per imballaggio sfuso"},"content":{"rendered":"<p>Hai bisogno di barattoli decorativi per candele che sembrino cimeli di famiglia, non semplici contenitori. Ecco perch\u00e9 abbiamo realizzato questi piccoli barattoli in vetro per candele con texture floreali pressate a mano e delicati bordi smerlati. Come produttori diretti di packaging in vetro, trasformiamo semplici contenitori per candele in oggetti che raccontano storie, che i tuoi clienti conserveranno a lungo anche dopo che la fiamma si sar\u00e0 spenta.<\/p>\n<h2>Caratteristiche del prodotto<\/h2>\n<ul>\n<li><strong>Goffratura floreale vintage:<\/strong> Motivi floreali illuminati dalla luce delle candele come pizzi, ombre delicate che saltano sui muri creando subito l&#039;atmosfera giusta.<\/li>\n<li><strong>Ciondolo con bordo smerlato:<\/strong> Quella palpebra liscia e leggermente curva? Davvero romantica.<\/li>\n<li><strong>Due taglie, un&#039;anima:<\/strong> 145 ml per la lettura notturna o 225 ml per i centrotavola. Stesso look, armonia di serie ininterrotta.<\/li>\n<\/ul>\n<h2>Specifiche chiave<\/h2>\n<table style=\"border-collapse: collapse; width: 80%; margin-left: auto; margin-right: auto;\" border=\"0\" width=\"216\" cellspacing=\"0\" cellpadding=\"0\">\n<tbody>\n<tr style=\"height: 13.50pt;\">\n<td style=\"height: 13.5pt; width: 54pt; text-align: center;\" width=\"72\" height=\"18\">Caratteristica (ml)<\/td>\n<td style=\"width: 54pt; text-align: center;\" width=\"72\">145<\/td>\n<td style=\"width: 54pt; text-align: center;\" width=\"72\">225<\/td>\n<\/tr>\n<tr style=\"height: 13.50pt;\">\n<td style=\"height: 13.5pt; text-align: center;\" height=\"18\">Dimensioni (mm)<\/td>\n<td style=\"text-align: center;\">65 \u00d7 60 \u00d7 75<\/td>\n<td style=\"text-align: center;\">110 \u00d7 103 \u00d7 80<\/td>\n<\/tr>\n<tr style=\"height: 13.50pt;\">\n<td style=\"height: 13.5pt; text-align: center;\" height=\"18\">Modello<\/td>\n<td class=\"et2\" style=\"text-align: center;\" colspan=\"2\">Diverse goffrature floreali<\/td>\n<\/tr>\n<tr style=\"height: 13.50pt;\">\n<td style=\"height: 13.5pt; text-align: center;\" height=\"18\">Forma<\/td>\n<td class=\"et2\" style=\"text-align: center;\" colspan=\"2\">Bordo smerlato<\/td>\n<\/tr>\n<tr style=\"height: 13.50pt;\">\n<td style=\"height: 13.5pt; text-align: center;\" height=\"18\">Colore<\/td>\n<td class=\"et2\" style=\"text-align: center;\" colspan=\"2\">Cancella \/ Personalizzato<\/td>\n<\/tr>\n<\/tbody>\n<\/table>\n<h2>Caso di successo<\/h2>\n<p>Un marchio nordamericano di fragranze per la casa ha deciso di utilizzare il nostro portacandele decorativo in vetro come elemento principale del packaging per la sua collezione natalizia in edizione limitata. Il cliente ha scelto un design elegante in vetro trasparente con una finitura parzialmente sabbiata, che rendeva la cera della candela pi\u00f9 morbida e raffinata. Inoltre, ha richiesto un posizionamento personalizzato del logo e una confezione interna antiurto, adatta non solo ai canali di vendita al dettaglio, ma anche molto accattivante per le vendite.<\/p>\n<p>Entro tre mesi dal lancio della nuova linea di prodotti, le vendite di candele sono aumentate di circa il 42% su base annua. Grazie all&#039;ottima risposta del mercato, il cliente ha effettuato due ordini ripetuti nel giro di sei mesi dal primo, portando il volume totale degli acquisti a 2,3 volte la quantit\u00e0 dell&#039;ordine originale.<\/p>\n<h2>Le tue opzioni di personalizzazione<\/h2>\n<ol>\n<li><strong>Bagliore accentuato con bordi:<\/strong> Basta aggiungere un filo di lamina metallica (oro rosa, rame spazzolato) solo al bordo smerlato. Un dettaglio cos\u00ec alla moda non vi coster\u00e0 molto, ma avr\u00e0 un aspetto molto lussuoso.<\/li>\n<li><strong>Scambio di texture stagionale:<\/strong> Mantenete la goffratura floreale e cambiate solo un tipo di petalo ogni stagione (punte a fiocco di neve per l&#039;inverno, venature delle foglie per la primavera).<\/li>\n<li><strong>Profumo, sfumatura abbinata:<\/strong> Puoi anche scegliere il vetro sfumato morbido (sfumatura lavanda per &#034;Calma&#034;, sfumatura terracotta per &#034;Terra&#034;) che si abbina al colore della tua cera.<\/li>\n<\/ol>","protected":false},"excerpt":{"rendered":"<p>Questi barattoli decorativi per candele presentano un bordo bordato in pizzo e un motivo floreale in rilievo sul corpo. I nostri piccoli barattoli in vetro per candele offrono possibilit\u00e0 di personalizzazione in grandi quantit\u00e0. Spedizione rapida.<\/p>","protected":false},"featured_media":5375,"template":"","meta":{"postBodyCss":"","postBodyMargin":[],"postBodyPadding":[],"postBodyBackground":{"backgroundType":"classic","gradient":""}},"product_brand":[],"product_cat":[15,82,17],"product_tag":[97,96],"class_list":{"0":"post-5371","1":"product","2":"type-product","3":"status-publish","4":"has-post-thumbnail","6":"product_cat-glass-containers","7":"product_cat-candle-jars","8":"product_cat-glass-jars","9":"product_tag-rocks-glass","10":"product_tag-whiskey-tumblers","12":"first","13":"instock","14":"shipping-taxable","15":"product-type-simple"},"jetpack_sharing_enabled":true,"_links":{"self":[{"href":"https:\/\/minghanggroup.com\/it\/wp-json\/wp\/v2\/product\/5371","targetHints":{"allow":["GET"]}}],"collection":[{"href":"https:\/\/minghanggroup.com\/it\/wp-json\/wp\/v2\/product"}],"about":[{"href":"https:\/\/minghanggroup.com\/it\/wp-json\/wp\/v2\/types\/product"}],"wp:featuredmedia":[{"embeddable":true,"href":"https:\/\/minghanggroup.com\/it\/wp-json\/wp\/v2\/media\/5375"}],"wp:attachment":[{"href":"https:\/\/minghanggroup.com\/it\/wp-json\/wp\/v2\/media?parent=5371"}],"wp:term":[{"taxonomy":"product_brand","embeddable":true,"href":"https:\/\/minghanggroup.com\/it\/wp-json\/wp\/v2\/product_brand?post=5371"},{"taxonomy":"product_cat","embeddable":true,"href":"https:\/\/minghanggroup.com\/it\/wp-json\/wp\/v2\/product_cat?post=5371"},{"taxonomy":"product_tag","embeddable":true,"href":"https:\/\/minghanggroup.com\/it\/wp-json\/wp\/v2\/product_tag?post=5371"}],"curies":[{"name":"wp","href":"https:\/\/api.w.org\/{rel}","templated":true}]}}