{"id":5370,"date":"2026-01-28T13:30:21","date_gmt":"2026-01-28T05:30:21","guid":{"rendered":"https:\/\/minghanggroup.com\/?post_type=product&#038;p=5370"},"modified":"2026-01-28T16:40:29","modified_gmt":"2026-01-28T08:40:29","slug":"lantern-style-unique-candle-vessels-wholesale","status":"publish","type":"product","link":"https:\/\/minghanggroup.com\/it\/prodotto\/lantern-style-unique-candle-vessels-wholesale\/","title":{"rendered":"Portacandele unici in stile lanterna all&#039;ingrosso"},"content":{"rendered":"<p>Questi esclusivi portacandele hanno la forma di lanthan, con base e sommit\u00e0 scanalate e il centro a forma di zucca con una scanalatura. La loro particolarit\u00e0 \u00e8 che possono essere installati sia in alto che in basso, combinando funzionalit\u00e0 ed estetica.<\/p>\n<h2>Caratteristiche del prodotto<\/h2>\n<ul>\n<li><strong>Progettazione capovolta:<\/strong> Il design bidirezionale \u00e8 innovativo e offre uno spazio flessibile e versatile per posizionare ed esporre le candele.<\/li>\n<li><strong>Splendida texture multistrato: <\/strong>Le texture verticali, le texture a forma di zucca e le sottili nervature si combinano per creare una scena e una sensazione meravigliose.<\/li>\n<li><strong>Forma della lanterna:<\/strong> La forma della lanterna \u00e8 un mix tra il tradizionale design retr\u00f2 cinese e il design moderno della candela e, allo stesso tempo, una decorazione da tavola molto riconoscibile.<\/li>\n<\/ul>\n<h2 style=\"text-align: left;\">Specifiche chiave<\/h2>\n<table class=\"aligncenter\" style=\"border-collapse: collapse; width: 402.02pt;\" border=\"0\" width=\"536\" cellspacing=\"0\" cellpadding=\"0\">\n<tbody>\n<tr style=\"height: 13.50pt;\">\n<td style=\"height: 13.50pt; width: 117.75pt;\" width=\"157\" height=\"18\">Specifica<\/td>\n<td style=\"width: 284.25pt;\" width=\"379\">Dettagli<\/td>\n<\/tr>\n<tr style=\"height: 13.50pt;\">\n<td style=\"height: 13.50pt;\" height=\"18\">Dimensioni<\/td>\n<td>79\u00d752\u00d740\u00d760mm<\/td>\n<\/tr>\n<tr style=\"height: 13.50pt;\">\n<td style=\"height: 13.50pt;\" height=\"18\">Materiale<\/td>\n<td>Vetro trasparente e strutturato<\/td>\n<\/tr>\n<tr style=\"height: 13.50pt;\">\n<td style=\"height: 13.50pt;\" height=\"18\">Forma della nave<\/td>\n<td>Lanterna reversibile con sezioni multi-texture<\/td>\n<\/tr>\n<tr style=\"height: 13.50pt;\">\n<td style=\"height: 13.50pt;\" height=\"18\">Ambito di personalizzazione<\/td>\n<td>Colore, dettaglio strutturale, dimensione, forma<\/td>\n<\/tr>\n<tr style=\"height: 13.50pt;\">\n<td style=\"height: 13.50pt;\" height=\"18\">Artigianato<\/td>\n<td>Stampaggio avanzato del vetro pressato per applicazioni complesse<\/td>\n<\/tr>\n<tr style=\"height: 13.50pt;\">\n<td style=\"height: 13.50pt;\" height=\"18\">Scopo del prodotto<\/td>\n<td>Portacandele, vasi per candele all&#039;ingrosso<\/td>\n<\/tr>\n<tr style=\"height: 13.50pt;\">\n<td style=\"height: 13.50pt;\" height=\"18\">Industrie adatte<\/td>\n<td>Marchi di candele di lusso, organizzatori di matrimoni\/eventi<\/td>\n<\/tr>\n<\/tbody>\n<\/table>\n<h2>Storia di successo<\/h2>\n<p>Uno dei boutique hotel di lusso degli Stati Uniti ha scelto i nostri portacandele a forma di lanterna bifacciale, che cambiano colore in ambra. Questo design distintivo ha contribuito in modo significativo all&#039;esperienza degli ospiti, come evidenziato dall&#039;80% delle recensioni positive online. Si \u00e8 registrato un aumento del 42% negli acquisti ripetuti. L&#039;hotel \u00e8 rimasto entusiasta dei portacandele e ne ha ordinati altri 200.000 per decorare le nuove camere e ristrutturare le suite gi\u00e0 esistenti.<\/p>\n<h2>Portacandele all&#039;ingrosso personalizzabili<\/h2>\n<ul>\n<li>Paralumi in vetro esclusivi: crea paralumi in vetro esclusivi, ad esempio gioielli scuri o colori rosa tenui.<\/li>\n<li>Placcatura in metallo: presenta una placcatura in oro, argento o oro rosa con texture sui bordi o sulle nervature.<\/li>\n<li>Ridimensionamento personalizzato: ridimensiona l&#039;intero disegno in modo proporzionale per produrre vari effetti visivi.<\/li>\n<li>Rivestimento interno: il vetro interno opaco o rivestito ha un effetto unico se utilizzato sotto la luce.<\/li>\n<\/ul>","protected":false},"excerpt":{"rendered":"<p>Portacandele unici a forma di lanterna, realizzati in vetro trasparente con dettagli a coste. Il design a doppia estremit\u00e0 si adatta a candele e decorazioni. Fornitura diretta dalla fabbrica. Campioni gratuiti.<\/p>","protected":false},"featured_media":5376,"template":"","meta":{"postBodyCss":"","postBodyMargin":[],"postBodyPadding":[],"postBodyBackground":{"backgroundType":"classic","gradient":""}},"product_brand":[],"product_cat":[15,82,17],"product_tag":[],"class_list":{"0":"post-5370","1":"product","2":"type-product","3":"status-publish","4":"has-post-thumbnail","6":"product_cat-glass-containers","7":"product_cat-candle-jars","8":"product_cat-glass-jars","10":"first","11":"instock","12":"shipping-taxable","13":"product-type-simple"},"jetpack_sharing_enabled":true,"_links":{"self":[{"href":"https:\/\/minghanggroup.com\/it\/wp-json\/wp\/v2\/product\/5370","targetHints":{"allow":["GET"]}}],"collection":[{"href":"https:\/\/minghanggroup.com\/it\/wp-json\/wp\/v2\/product"}],"about":[{"href":"https:\/\/minghanggroup.com\/it\/wp-json\/wp\/v2\/types\/product"}],"wp:featuredmedia":[{"embeddable":true,"href":"https:\/\/minghanggroup.com\/it\/wp-json\/wp\/v2\/media\/5376"}],"wp:attachment":[{"href":"https:\/\/minghanggroup.com\/it\/wp-json\/wp\/v2\/media?parent=5370"}],"wp:term":[{"taxonomy":"product_brand","embeddable":true,"href":"https:\/\/minghanggroup.com\/it\/wp-json\/wp\/v2\/product_brand?post=5370"},{"taxonomy":"product_cat","embeddable":true,"href":"https:\/\/minghanggroup.com\/it\/wp-json\/wp\/v2\/product_cat?post=5370"},{"taxonomy":"product_tag","embeddable":true,"href":"https:\/\/minghanggroup.com\/it\/wp-json\/wp\/v2\/product_tag?post=5370"}],"curies":[{"name":"wp","href":"https:\/\/api.w.org\/{rel}","templated":true}]}}