{"id":5356,"date":"2026-01-28T11:50:17","date_gmt":"2026-01-28T03:50:17","guid":{"rendered":"https:\/\/minghanggroup.com\/?post_type=product&#038;p=5356"},"modified":"2026-01-28T11:50:20","modified_gmt":"2026-01-28T03:50:20","slug":"clear-glass-tealight-holders-for-packaging-wholesale","status":"publish","type":"product","link":"https:\/\/minghanggroup.com\/it\/prodotto\/clear-glass-tealight-holders-for-packaging-wholesale\/","title":{"rendered":"Portacandele in vetro trasparente da 140 ml a 930 ml per imballaggio all&#039;ingrosso"},"content":{"rendered":"<p>Hai bisogno di portacandele in vetro che siano sostanziali ma che non sembrino datati. Ecco perch\u00e9 abbiamo creato questa collezione di contenitori in cristallo, il perfetto equilibrio tra semplicit\u00e0 moderna e stabilit\u00e0 senza tempo. Che tu sia una startup o un produttore esperto, i nostri contenitori in vetro per candele all&#039;ingrosso conferiscono al tuo marchio un tocco di modernit\u00e0 immediato. Non siamo solo un fornitore qualsiasi; siamo il tuo partner nella creazione di contenitori per candele di lusso che i clienti desiderano davvero esporre.<\/p>\n<h2>Caratteristiche del prodotto<\/h2>\n<ul>\n<li><strong>Stabilit\u00e0 integrata:<\/strong> Le basi spesse e le pareti lisce impediscono al contenitore di muoversi. Nessun ribaltamento, nessun problema, solo un aspetto pulito e robusto che si percepisce come di qualit\u00e0 superiore al tatto.<\/li>\n<li><strong>Appello cristallino:<\/strong> Sperimenta la meravigliosa brillantezza della tua cera. Il vetro ad alta trasparenza permette alla luce di penetrare nella cera di ogni splendido colore e lo stoppino perfettamente centrato rende il tuo prodotto accattivante su qualsiasi scaffale.<\/li>\n<li><strong>La forma &#034;Riccioli d&#039;oro&#034;:<\/strong> La forma cilindrica \u00e8 intramontabile. Si adatta perfettamente alle linee di riempimento automatiche standard e si adatta con eleganza a qualsiasi ambiente commerciale, dalle boutique ai grandi magazzini.<\/li>\n<\/ul>\n<h2>Specifiche chiave<\/h2>\n<table style=\"border-collapse: collapse; width: 80%; margin-left: auto; margin-right: auto;\" border=\"0\" width=\"431\" cellspacing=\"0\" cellpadding=\"0\">\n<tbody>\n<tr style=\"height: 13.50pt;\">\n<td style=\"height: 13.5pt; width: 107.25pt; text-align: center;\" width=\"143\" height=\"18\">Capacit\u00e0 (ml)<\/td>\n<td style=\"width: 54pt; text-align: center;\" align=\"right\" width=\"72\">140<\/td>\n<td style=\"width: 54pt; text-align: center;\" align=\"right\" width=\"72\">530<\/td>\n<td style=\"width: 54pt; text-align: center;\" align=\"right\" width=\"72\">730<\/td>\n<td style=\"width: 54pt; text-align: center;\" align=\"right\" width=\"72\">930<\/td>\n<\/tr>\n<tr style=\"height: 13.50pt;\">\n<td style=\"height: 13.5pt; text-align: center;\" height=\"18\">Dimensioni (mm)<\/td>\n<td style=\"text-align: center;\">75 \u00d7 70 \u00d7 50<\/td>\n<td style=\"text-align: center;\">110 \u00d7 103 \u00d7 80<\/td>\n<td style=\"text-align: center;\">130 \u00d7 123 \u00d7 80<\/td>\n<td style=\"text-align: center;\">150 \u00d7 143 \u00d7 80<\/td>\n<\/tr>\n<tr style=\"height: 13.50pt;\">\n<td style=\"height: 13.5pt; text-align: center;\" height=\"18\">Materiale<\/td>\n<td class=\"et2\" style=\"text-align: center;\" colspan=\"4\">Cristallo<\/td>\n<\/tr>\n<tr style=\"height: 13.50pt;\">\n<td style=\"height: 13.5pt; text-align: center;\" height=\"18\">Opzioni del coperchio<\/td>\n<td class=\"et2\" style=\"text-align: center;\" colspan=\"4\">Legno o metallo<\/td>\n<\/tr>\n<\/tbody>\n<\/table>\n<h2>Caso di successo<\/h2>\n<p>Un marchio nordamericano di candele per aromaterapia ha scelto i nostri barattoli in vetro come soluzione di confezionamento principale per la sua serie quotidiana, la pi\u00f9 venduta. Il cliente ha apportato diverse modifiche ai barattoli: ha sostituito il vetro con un colore ambrato per attenuare l&#039;effetto della luce solare diretta; ha aggiunto motivi floreali in rilievo al semplice design lineare per aumentarne la qualit\u00e0 tattile complessiva; e ha utilizzato un metodo di serigrafia resistente alle alte temperature per stampare il logo del marchio sul fondo del barattolo.<\/p>\n<p>Entro tre mesi dal lancio, le vendite di questa serie sono aumentate di circa il 42%, accompagnate da un significativo aumento delle recensioni sul packaging. Grazie alla qualit\u00e0 costante e al vantaggio della spedizione diretta in fabbrica, il cliente ha effettuato tre ordini ripetuti nell&#039;arco di sei mesi e ci ha scelto come fornitore principale a lungo termine di barattoli in vetro per candele all&#039;ingrosso.<\/p>\n<h2>I tuoi suggerimenti per la personalizzazione<\/h2>\n<ol>\n<li><strong>Trattamenti superficiali in vetro personalizzati:<\/strong> Offriamo opzioni di vetro ultra-trasparente, con una finitura satinata delicata o una sabbiatura fine sulla superficie interna. Questo mantiene la superficie esterna trasparente, attenuando visivamente l&#039;effetto della candela all&#039;interno, conferendo cos\u00ec l&#039;aspetto stratificato prima e dopo la combustione.<\/li>\n<li><strong>Tecniche di identificazione del marchio:<\/strong> Disponiamo della capacit\u00e0 di realizzare serigrafie ad alta temperatura, loghi satinati localizzati o loghi di marchi in rilievo molto belli, impedendo cos\u00ec efficacemente che le etichette si stacchino e rendendole perfette per prodotti progettati per un riacquisto stabile.<\/li>\n<li><strong>Sistemi di accessori personalizzati:<\/strong> Oltre a ci\u00f2, siamo in grado di realizzare su misura coperchi in vetro, in legno o in metallo, nonch\u00e9 vassoi interni, imballaggi antiurto o scatole regalo che, nel complesso, costituiscono la vostra soluzione di vendita.<\/li>\n<\/ol>","protected":false},"excerpt":{"rendered":"<p>Portacandele in vetro di alta qualit\u00e0 con base spessa e finitura trasparente. Vendita diretta in fabbrica di barattoli in vetro per candele all&#039;ingrosso, supporto per ordini all&#039;ingrosso e spedizione rapida.<\/p>","protected":false},"featured_media":5360,"template":"","meta":{"postBodyCss":"","postBodyMargin":[],"postBodyPadding":[],"postBodyBackground":{"backgroundType":"classic","gradient":""}},"product_brand":[],"product_cat":[15,82,17],"product_tag":[],"class_list":{"0":"post-5356","1":"product","2":"type-product","3":"status-publish","4":"has-post-thumbnail","6":"product_cat-glass-containers","7":"product_cat-candle-jars","8":"product_cat-glass-jars","10":"first","11":"instock","12":"shipping-taxable","13":"product-type-simple"},"jetpack_sharing_enabled":true,"_links":{"self":[{"href":"https:\/\/minghanggroup.com\/it\/wp-json\/wp\/v2\/product\/5356","targetHints":{"allow":["GET"]}}],"collection":[{"href":"https:\/\/minghanggroup.com\/it\/wp-json\/wp\/v2\/product"}],"about":[{"href":"https:\/\/minghanggroup.com\/it\/wp-json\/wp\/v2\/types\/product"}],"wp:featuredmedia":[{"embeddable":true,"href":"https:\/\/minghanggroup.com\/it\/wp-json\/wp\/v2\/media\/5360"}],"wp:attachment":[{"href":"https:\/\/minghanggroup.com\/it\/wp-json\/wp\/v2\/media?parent=5356"}],"wp:term":[{"taxonomy":"product_brand","embeddable":true,"href":"https:\/\/minghanggroup.com\/it\/wp-json\/wp\/v2\/product_brand?post=5356"},{"taxonomy":"product_cat","embeddable":true,"href":"https:\/\/minghanggroup.com\/it\/wp-json\/wp\/v2\/product_cat?post=5356"},{"taxonomy":"product_tag","embeddable":true,"href":"https:\/\/minghanggroup.com\/it\/wp-json\/wp\/v2\/product_tag?post=5356"}],"curies":[{"name":"wp","href":"https:\/\/api.w.org\/{rel}","templated":true}]}}