{"id":5340,"date":"2026-01-27T16:36:50","date_gmt":"2026-01-27T08:36:50","guid":{"rendered":"https:\/\/minghanggroup.com\/?post_type=product&#038;p=5340"},"modified":"2026-01-27T16:36:52","modified_gmt":"2026-01-27T08:36:52","slug":"embossed-glass-candle-jars-unique-design-for-decorative-bulk","status":"publish","type":"product","link":"https:\/\/minghanggroup.com\/it\/prodotto\/embossed-glass-candle-jars-unique-design-for-decorative-bulk\/","title":{"rendered":"Barattoli per candele in vetro goffrato da 90 ml, design unico per decorazioni all&#039;ingrosso"},"content":{"rendered":"<p>Hai bisogno di barattoli per candele abbastanza unici da attirare l&#039;attenzione di chi scorre le pagine, e di contenitori per candele abbastanza unici da diventare dei ricordi. Ecco perch\u00e9 abbiamo creato questa collezione di cristallo con dieci texture ricche di sentimento. Come produttore diretto di packaging in vetro, uniamo arte e funzionalit\u00e0, cos\u00ec la tua linea di candele all&#039;ingrosso briller\u00e0 con uno stile inconfondibile in qualsiasi negozio.<\/p>\n<h2>Caratteristiche del prodotto<\/h2>\n<ul>\n<li><strong>Armonia di modelli curata:<\/strong> Dieci diverse texture floreali in rilievo, visivamente armoniose e accattivanti nel complesso su un unico ripiano, si estendono dal girasole alla spirale in un&#039;unica collezione coerente.<\/li>\n<li><strong>Rifrazione della luce prismatica:<\/strong> L&#039;abbinamento di spesse pareti di cristallo con superfici strutturate fa s\u00ec che la luce tremolante delle candele emani un&#039;atmosfera intima, sofisticata e decisamente instagrammabile.<\/li>\n<li><strong>Identit\u00e0 della serie unificata:<\/strong> \u00c8 sufficiente un unico schema di marchio con la stessa forma elegante e motivi decorativi diversi per ogni profumo, mantenendo cos\u00ec l&#039;identit\u00e0 del marchio e raccontando al contempo una storia diversa.<\/li>\n<\/ul>\n<h2>Specifiche chiave<\/h2>\n<table style=\"border-collapse: collapse; width: 80%; margin-left: auto; margin-right: auto;\" border=\"0\" width=\"144\" cellspacing=\"0\" cellpadding=\"0\">\n<tbody>\n<tr style=\"height: 13.50pt;\">\n<td style=\"height: 13.5pt; width: 54pt; text-align: center;\" width=\"72\" height=\"18\">Caratteristica<\/td>\n<td style=\"width: 54pt; text-align: center;\" width=\"72\">Dettagli<\/td>\n<\/tr>\n<tr style=\"height: 13.50pt;\">\n<td style=\"height: 13.5pt; text-align: center;\" height=\"18\">Capacit\u00e0<\/td>\n<td style=\"text-align: center;\">90 ml<\/td>\n<\/tr>\n<tr style=\"height: 13.50pt;\">\n<td style=\"height: 13.5pt; text-align: center;\" height=\"18\">Dimensioni<\/td>\n<td style=\"text-align: center;\">55 \u00d7 52 \u00d7 65 millimetri<\/td>\n<\/tr>\n<tr style=\"height: 13.50pt;\">\n<td style=\"height: 13.5pt; text-align: center;\" height=\"18\">Modelli<\/td>\n<td style=\"text-align: center;\">Lumaca, Puntinato, Diamante, Verticale, Dente di leone, Spirale, Girasole, Punti rettangolari, A ventaglio, Punti verticali<\/td>\n<\/tr>\n<tr style=\"height: 13.50pt;\">\n<td style=\"height: 13.5pt; text-align: center;\" height=\"18\">Materiale<\/td>\n<td style=\"text-align: center;\">vetro di cristallo<\/td>\n<\/tr>\n<tr style=\"height: 13.50pt;\">\n<td style=\"height: 13.5pt; text-align: center;\" height=\"18\">Colore<\/td>\n<td style=\"text-align: center;\">Trasparente o personalizzato<\/td>\n<\/tr>\n<\/tbody>\n<\/table>\n<h2>Caso di successo<\/h2>\n<p>Un piccolo marchio di fragranze per la casa specializzato in candele di soia colate a mano ha deciso di utilizzare i nostri barattoli in vetro decorato per la sua nuova collezione stagionale. Per rendere i barattoli unici, hanno aggiunto i loghi del marchio in rilievo, hanno scelto colori tenui ispirati a Morandi e hanno utilizzato delicati motivi serigrafati che richiamavano ogni fragranza.<\/p>\n<p>L&#039;effetto principale di questo cambiamento \u00e8 stato un aumento del 35% degli acquisti ripetuti da parte del marchio. Una reazione cos\u00ec forte da parte del mercato ha costretto il marchio a utilizzare questi barattoli per candele come packaging principale, e ha continuato a ordinarne grandi quantit\u00e0 negli ultimi quattro trimestri.<\/p>\n<h2>I tuoi suggerimenti per la personalizzazione<\/h2>\n<ol>\n<li><strong>Logo in rilievo o in rilievo:<\/strong> Crea un&#039;immagine distintiva del tuo marchio, accattivante e tangibile, aggiungendo un logo in rilievo o in rilievo direttamente sulla superficie del vetro. Il logo rimarr\u00e0 visibile anche dopo l&#039;utilizzo della candela.<\/li>\n<li><strong>Colori del vetro personalizzati:<\/strong> Scegli tra colori di vetro traslucidi, opachi o sfumati per riflettere determinati temi di fragranze o collezioni stagionali, aumentando al contempo la diffusione della luce.<\/li>\n<li><strong>Finitura satinata o acidata, incisa:<\/strong> Utilizzate una glassa totale o parziale per attenuare la luce delle candele, aumentare la consistenza visiva e suggerire uno stile sofisticato e contemporaneo.<\/li>\n<\/ol>","protected":false},"excerpt":{"rendered":"<p>Con barattoli per candele dal design unico e contenitori dall&#039;estetica unica. Fornitura diretta dalla fabbrica, campioni gratuiti e personalizzazione in grandi quantit\u00e0 disponibili.<\/p>","protected":false},"featured_media":5344,"template":"","meta":{"postBodyCss":"","postBodyMargin":[],"postBodyPadding":[],"postBodyBackground":{"backgroundType":"classic","gradient":""}},"product_brand":[],"product_cat":[15,82,17],"product_tag":[],"class_list":{"0":"post-5340","1":"product","2":"type-product","3":"status-publish","4":"has-post-thumbnail","6":"product_cat-glass-containers","7":"product_cat-candle-jars","8":"product_cat-glass-jars","10":"first","11":"instock","12":"shipping-taxable","13":"product-type-simple"},"jetpack_sharing_enabled":true,"_links":{"self":[{"href":"https:\/\/minghanggroup.com\/it\/wp-json\/wp\/v2\/product\/5340","targetHints":{"allow":["GET"]}}],"collection":[{"href":"https:\/\/minghanggroup.com\/it\/wp-json\/wp\/v2\/product"}],"about":[{"href":"https:\/\/minghanggroup.com\/it\/wp-json\/wp\/v2\/types\/product"}],"wp:featuredmedia":[{"embeddable":true,"href":"https:\/\/minghanggroup.com\/it\/wp-json\/wp\/v2\/media\/5344"}],"wp:attachment":[{"href":"https:\/\/minghanggroup.com\/it\/wp-json\/wp\/v2\/media?parent=5340"}],"wp:term":[{"taxonomy":"product_brand","embeddable":true,"href":"https:\/\/minghanggroup.com\/it\/wp-json\/wp\/v2\/product_brand?post=5340"},{"taxonomy":"product_cat","embeddable":true,"href":"https:\/\/minghanggroup.com\/it\/wp-json\/wp\/v2\/product_cat?post=5340"},{"taxonomy":"product_tag","embeddable":true,"href":"https:\/\/minghanggroup.com\/it\/wp-json\/wp\/v2\/product_tag?post=5340"}],"curies":[{"name":"wp","href":"https:\/\/api.w.org\/{rel}","templated":true}]}}