{"id":5329,"date":"2026-01-27T14:38:24","date_gmt":"2026-01-27T06:38:24","guid":{"rendered":"https:\/\/minghanggroup.com\/?post_type=product&#038;p=5329"},"modified":"2026-03-02T15:01:40","modified_gmt":"2026-03-02T07:01:40","slug":"320ml-950ml-classic-clear-glass-candle-jars-with-lids-wholesale","status":"publish","type":"product","link":"https:\/\/minghanggroup.com\/it\/prodotto\/320ml-950ml-classic-clear-glass-candle-jars-with-lids-wholesale\/","title":{"rendered":"Barattoli per candele in vetro trasparente classico da 320 ml a 950 ml con coperchio all&#039;ingrosso"},"content":{"rendered":"<p>Hai bisogno di barattoli per candele con coperchio che proteggano il tuo prodotto e stupiscano i clienti. Ecco perch\u00e9 realizziamo all&#039;ingrosso barattoli per candele con coperchio in vetro cristallino, progettati per garantire sicurezza, stile e un&#039;ottima visibilit\u00e0 sugli scaffali. Come produttore diretto di imballaggi in vetro, trasformiamo semplici contenitori in lussuosi contenitori per candele che i tuoi clienti conservano a lungo anche dopo che la fiamma si \u00e8 spenta.<\/p>\n<h2>Caratteristiche del prodotto<\/h2>\n<ul>\n<li><strong>Coperchio, Pronto Precisione:<\/strong> Puoi facilmente combinare qualsiasi dimensione con coperchi in legno o metallo, mantenendoli freschi, tenendo fuori la polvere e rendendo i regali pi\u00f9 belli.<\/li>\n<li><strong>Chiarezza cristallina:<\/strong> Osserva l&#039;olio essenziale profumato che si diffonde a spirale attraverso il primo, prezioso vetro. Niente appannamento. Solo puro piacere visivo.<\/li>\n<li><strong>Spettro dimensionale:<\/strong> Dai comodi 320 ml ai pi\u00f9 accattivanti 690 ml, per raccontare ogni storia di profumo. I nostri barattoli di candele all&#039;ingrosso hanno tutto.<\/li>\n<\/ul>\n<h2>Specifiche chiave<\/h2>\n<table style=\"border-collapse: collapse; width: 80%; margin-left: auto; margin-right: auto;\" border=\"0\" width=\"288\" cellspacing=\"0\" cellpadding=\"0\">\n<tbody>\n<tr style=\"height: 13.50pt;\">\n<td style=\"height: 13.5pt; width: 54pt; text-align: center;\" width=\"72\" height=\"18\">Capacit\u00e0 (ml)<\/td>\n<td style=\"width: 54pt; text-align: center;\" width=\"72\">Dimensioni (mm)<\/td>\n<td style=\"width: 54pt; text-align: center;\" width=\"72\">Materiale<\/td>\n<td style=\"width: 54pt; text-align: center;\" width=\"72\">Opzioni di colore<\/td>\n<\/tr>\n<tr style=\"height: 13.50pt;\">\n<td style=\"height: 13.5pt; text-align: center;\" align=\"right\" height=\"18\">320<\/td>\n<td style=\"text-align: center;\">80 \u00d7 75 \u00d7 100<\/td>\n<td class=\"et2\" style=\"text-align: center;\" rowspan=\"5\">vetro di cristallo<\/td>\n<td class=\"et2\" style=\"text-align: center;\" rowspan=\"5\">Cancella\/personalizzato<\/td>\n<\/tr>\n<tr style=\"height: 13.50pt;\">\n<td style=\"height: 13.5pt; text-align: center;\" align=\"right\" height=\"18\">410<\/td>\n<td style=\"text-align: center;\">88 \u00d7 83 \u00d7 100<\/td>\n<\/tr>\n<tr style=\"height: 13.50pt;\">\n<td style=\"height: 13.5pt; text-align: center;\" align=\"right\" height=\"18\">430<\/td>\n<td style=\"text-align: center;\">90 \u00d7 85 \u00d7 102<\/td>\n<\/tr>\n<tr style=\"height: 13.50pt;\">\n<td style=\"height: 13.5pt; text-align: center;\" align=\"right\" height=\"18\">550<\/td>\n<td style=\"text-align: center;\">100 \u00d7 94 \u00d7 101<\/td>\n<\/tr>\n<tr style=\"height: 13.50pt;\">\n<td style=\"height: 13.5pt; text-align: center;\" align=\"right\" height=\"18\">690<\/td>\n<td style=\"text-align: center;\">100 \u00d7 92 \u00d7 125<\/td>\n<\/tr>\n<\/tbody>\n<\/table>\n<h2>Caso di successo<\/h2>\n<p>Un marchio di fragranze per la casa specializzato in candele profumate versate a mano ha deciso di utilizzare i nostri barattoli in vetro trasparente per il lancio della sua nuova collezione. Hanno conferito ai barattoli una delicata finitura satinata, una serigrafia, motivi geometrici stampati e un logo del marchio elegantemente in rilievo vicino alla base. Questa combinazione ha permesso alla fiamma della candela di diffondere pi\u00f9 luce, rendendo il prodotto pi\u00f9 lussuoso agli occhi dei clienti.<\/p>\n<p>Di conseguenza, il numero di clienti che interagivano con il prodotto in negozio \u00e8 aumentato drasticamente e gli ordini dei distributori sono aumentati del 35%. L&#039;azienda ha apprezzato questo elegante barattolo di candela per diverse linee di fragranze e ha continuato a ordinarlo per le collezioni stagionali successive.<\/p>\n<h2>I tuoi suggerimenti per la personalizzazione<\/h2>\n<ol>\n<li><strong>Marchio in rilievo a strati:<\/strong> Un logo o marchio in rilievo \u00e8 posizionato sulla met\u00e0 inferiore della bottiglia, creando uno strato di contrasto con la met\u00e0 superiore in vetro trasparente, che non solo aumenta l&#039;attrattiva tattile, ma anche il riconoscimento del prodotto di qualit\u00e0.<\/li>\n<li><strong>Accento satinato atmosferico:<\/strong> Una glassatura limitata o una glassatura sfumata viene applicata solo alla parte centrale o inferiore, il che contribuisce a far s\u00ec che la candela emetta effetti di luce pi\u00f9 tenui e suggestivi quando \u00e8 accesa.<\/li>\n<li><strong>Seta narrativa, arte serigrafica:<\/strong> Alcune linee di simboli di fragranze o brevi frasi che raccontano la storia del marchio vengono realizzate tramite serigrafia o serigrafia per decorare la bottiglia e rafforzare la narrazione del marchio.<\/li>\n<\/ol>","protected":false},"excerpt":{"rendered":"<p>Barattoli per candele ad alta trasparenza con coperchio, pensati per marchi e acquirenti all&#039;ingrosso. Fornitura diretta dalla fabbrica, vendita all&#039;ingrosso di barattoli per candele con coperchio, supporto per la personalizzazione all&#039;ingrosso.<\/p>","protected":false},"featured_media":5338,"template":"","meta":{"postBodyCss":"","postBodyMargin":[],"postBodyPadding":[],"postBodyBackground":{"backgroundType":"classic","gradient":""}},"product_brand":[],"product_cat":[15,82,17],"product_tag":[96],"class_list":{"0":"post-5329","1":"product","2":"type-product","3":"status-publish","4":"has-post-thumbnail","6":"product_cat-glass-containers","7":"product_cat-candle-jars","8":"product_cat-glass-jars","9":"product_tag-whiskey-tumblers","11":"first","12":"instock","13":"shipping-taxable","14":"product-type-simple"},"jetpack_sharing_enabled":true,"_links":{"self":[{"href":"https:\/\/minghanggroup.com\/it\/wp-json\/wp\/v2\/product\/5329","targetHints":{"allow":["GET"]}}],"collection":[{"href":"https:\/\/minghanggroup.com\/it\/wp-json\/wp\/v2\/product"}],"about":[{"href":"https:\/\/minghanggroup.com\/it\/wp-json\/wp\/v2\/types\/product"}],"wp:featuredmedia":[{"embeddable":true,"href":"https:\/\/minghanggroup.com\/it\/wp-json\/wp\/v2\/media\/5338"}],"wp:attachment":[{"href":"https:\/\/minghanggroup.com\/it\/wp-json\/wp\/v2\/media?parent=5329"}],"wp:term":[{"taxonomy":"product_brand","embeddable":true,"href":"https:\/\/minghanggroup.com\/it\/wp-json\/wp\/v2\/product_brand?post=5329"},{"taxonomy":"product_cat","embeddable":true,"href":"https:\/\/minghanggroup.com\/it\/wp-json\/wp\/v2\/product_cat?post=5329"},{"taxonomy":"product_tag","embeddable":true,"href":"https:\/\/minghanggroup.com\/it\/wp-json\/wp\/v2\/product_tag?post=5329"}],"curies":[{"name":"wp","href":"https:\/\/api.w.org\/{rel}","templated":true}]}}