{"id":5324,"date":"2026-01-27T11:06:52","date_gmt":"2026-01-27T03:06:52","guid":{"rendered":"https:\/\/minghanggroup.com\/?post_type=product&#038;p=5324"},"modified":"2026-01-27T13:12:05","modified_gmt":"2026-01-27T05:12:05","slug":"round-thick-glass-empty-candle-holder-jars-wholesale","status":"publish","type":"product","link":"https:\/\/minghanggroup.com\/it\/prodotto\/round-thick-glass-empty-candle-holder-jars-wholesale\/","title":{"rendered":"Portacandele vuoti in vetro spesso rotondo all&#039;ingrosso"},"content":{"rendered":"<p>Questi portacandele hanno un design pulito e lineare, di forma rotonda con un&#039;apertura ampia e piatta. La differenza tra gli strati esterni e interni, che formano rispettivamente lo strato esterno e quello interno, \u00e8 il doppio strato che crea un&#039;immagine tridimensionale, semplice e tridimensionale.<\/p>\n<h2>Caratteristiche del prodotto<\/h2>\n<ul>\n<li><strong>Forma emisferica pura:<\/strong> La forma arrotondata e liscia \u00e8 classica e tradizionale e tutta l&#039;attenzione \u00e8 rivolta alla candela stessa.<\/li>\n<li><strong>Apertura ampia e piatta:<\/strong> L&#039;ampia apertura consente di versare la cera, formando una pozza pi\u00f9 grande e assicurando che la candela bruci in modo pulito e uniforme.<\/li>\n<li><strong>Base stabile con baricentro basso:<\/strong> Questa base \u00e8 ampia e piatta, il che la rende molto stabile e riduce il baricentro della candela.<\/li>\n<\/ul>\n<h2 style=\"text-align: left;\">Specifiche chiave<\/h2>\n<table class=\"aligncenter\" style=\"border-collapse: collapse; width: 435.77pt;\" border=\"0\" width=\"581\" cellspacing=\"0\" cellpadding=\"0\">\n<tbody>\n<tr style=\"height: 13.50pt;\">\n<td style=\"height: 13.50pt; width: 138.00pt;\" width=\"184\" height=\"18\">Specifica<\/td>\n<td style=\"width: 297.75pt;\" width=\"397\">Dettagli<\/td>\n<\/tr>\n<tr style=\"height: 13.50pt;\">\n<td style=\"height: 13.50pt;\" height=\"18\">Dimensioni<\/td>\n<td>68\u00d725mm<\/td>\n<\/tr>\n<tr style=\"height: 13.50pt;\">\n<td style=\"height: 13.50pt;\" height=\"18\">Materiale<\/td>\n<td>Vetro trasparente<\/td>\n<\/tr>\n<tr style=\"height: 13.50pt;\">\n<td style=\"height: 13.50pt;\" height=\"18\">Forma del piatto<\/td>\n<td>Emisfero\/piatto poco profondo con bordo piatto<\/td>\n<\/tr>\n<tr style=\"height: 13.50pt;\">\n<td style=\"height: 13.50pt;\" height=\"18\">Ambito di personalizzazione<\/td>\n<td>Forma, colore, dimensione, finitura<\/td>\n<\/tr>\n<tr style=\"height: 13.50pt;\">\n<td style=\"height: 13.50pt;\" height=\"18\">Caratteristica artigianale<\/td>\n<td>Soffiatura\/formatura del vetro di precisione<\/td>\n<\/tr>\n<tr style=\"height: 13.50pt;\">\n<td style=\"height: 13.50pt;\" height=\"18\">Scopo del prodotto<\/td>\n<td>Contenitori per candele, portacandele minimalisti<\/td>\n<\/tr>\n<tr style=\"height: 13.50pt;\">\n<td style=\"height: 13.50pt;\" height=\"18\">Industrie adatte<\/td>\n<td>Marchi di candele moderne, rivenditori di articoli per la casa<\/td>\n<\/tr>\n<\/tbody>\n<\/table>\n<h2>Storia di successo: un prodotto di successo di un marchio giapponese di lifestyle<\/h2>\n<p>I nostri portacandele sono stati ordinati da un marchio giapponese di lifestyle minimalista, che ha commissionato uno speciale materiale in vetro ultra-trasparente e a basso contenuto di ferro per garantire la massima trasparenza. Il design minimalista del barattolo lo ha reso un elemento distintivo del marchio, contribuendo a una crescita del 200% degli acquisti online. La consegna impeccabile \u00e8 stata garantita dall&#039;utilizzo di un materiale in vetro di qualit\u00e0. Il marchio ha riscosso un enorme successo e, in seguito, \u00e8 stato effettuato un altro ordine di 500.000 barattoli da utilizzare nell&#039;espansione globale.<\/p>\n<h2>Contenitori per la personalizzazione delle candele<\/h2>\n<ul>\n<li>Goffratura: Design Aggiungi un piccolo emblema in rilievo o un&#039;immagine semplice alla base del vaso.<\/li>\n<li>Serigrafia: stampa un semplice logo o un testo sul lato del contenitore in modo discreto.<\/li>\n<li>Profilo Rimway personalizzato: seleziona un bordo inclinato o arrotondato.<\/li>\n<li>Decorazioni in vetro colorato: sfrutta l&#039;arte della lavorazione del vetro per avvolgere un sottile anello di vetro colorato sul bordo o sulla base del contenitore.<\/li>\n<\/ul>","protected":false},"excerpt":{"rendered":"<p>Eleganti portacandele dal design rotondo e liscio, ideali per interni moderni e per il fai da te. Disponibili contenitori per candele di alta qualit\u00e0 con finitura OEM.<\/p>","protected":false},"featured_media":5325,"template":"","meta":{"postBodyCss":"","postBodyMargin":[],"postBodyPadding":[],"postBodyBackground":{"backgroundType":"classic","gradient":""}},"product_brand":[],"product_cat":[15,82,17],"product_tag":[],"class_list":{"0":"post-5324","1":"product","2":"type-product","3":"status-publish","4":"has-post-thumbnail","6":"product_cat-glass-containers","7":"product_cat-candle-jars","8":"product_cat-glass-jars","10":"first","11":"instock","12":"shipping-taxable","13":"product-type-simple"},"jetpack_sharing_enabled":true,"_links":{"self":[{"href":"https:\/\/minghanggroup.com\/it\/wp-json\/wp\/v2\/product\/5324","targetHints":{"allow":["GET"]}}],"collection":[{"href":"https:\/\/minghanggroup.com\/it\/wp-json\/wp\/v2\/product"}],"about":[{"href":"https:\/\/minghanggroup.com\/it\/wp-json\/wp\/v2\/types\/product"}],"wp:featuredmedia":[{"embeddable":true,"href":"https:\/\/minghanggroup.com\/it\/wp-json\/wp\/v2\/media\/5325"}],"wp:attachment":[{"href":"https:\/\/minghanggroup.com\/it\/wp-json\/wp\/v2\/media?parent=5324"}],"wp:term":[{"taxonomy":"product_brand","embeddable":true,"href":"https:\/\/minghanggroup.com\/it\/wp-json\/wp\/v2\/product_brand?post=5324"},{"taxonomy":"product_cat","embeddable":true,"href":"https:\/\/minghanggroup.com\/it\/wp-json\/wp\/v2\/product_cat?post=5324"},{"taxonomy":"product_tag","embeddable":true,"href":"https:\/\/minghanggroup.com\/it\/wp-json\/wp\/v2\/product_tag?post=5324"}],"curies":[{"name":"wp","href":"https:\/\/api.w.org\/{rel}","templated":true}]}}