{"id":5314,"date":"2026-01-27T10:55:52","date_gmt":"2026-01-27T02:55:52","guid":{"rendered":"https:\/\/minghanggroup.com\/?post_type=product&#038;p=5314"},"modified":"2026-01-27T16:41:44","modified_gmt":"2026-01-27T08:41:44","slug":"crystal-candle-jars-for-brands-wholesale","status":"publish","type":"product","link":"https:\/\/minghanggroup.com\/it\/prodotto\/crystal-candle-jars-for-brands-wholesale\/","title":{"rendered":"Barattoli per candele di cristallo da 105 ml, 140 ml e 1100 ml per marchi all&#039;ingrosso"},"content":{"rendered":"<p>Hai bisogno di barattoli di cristallo per candele che si vendano prima ancora che lo stoppino si accenda. Ecco perch\u00e9 realizziamo contenitori per candele all&#039;ingrosso dalle linee pulite e funzionali, cos\u00ec la tua linea di candele profumate briller\u00e0 in qualsiasi negozio. Come produttore di fiducia di packaging in vetro, trasformiamo il vetro in lussuosi contenitori per candele che i clienti conservano a lungo anche dopo che la fiamma si \u00e8 spenta.<\/p>\n<h2>Caratteristiche del prodotto<\/h2>\n<ul>\n<li><strong>Silhouette senza tempo:<\/strong> L&#039;ampia bocca per versare facilmente il contenuto e la base stretta per una solida stabilit\u00e0: il tuo contenitore per candele non solo funziona, ma stupisce anche.<\/li>\n<li><strong>Chiarezza cristallina:<\/strong> Puoi ammirare ogni goccia di oli essenziali profumati attraverso il vetro di alta qualit\u00e0. Nessun filtro, nessuna distorsione, pura magia visiva.<\/li>\n<li><strong>Costruito per durare:<\/strong> Base rinforzata, nessun ribaltamento durante le lunghe accensioni. Sicurezza ed eleganza si fondono in ogni portacandele.<\/li>\n<\/ul>\n<h2>Specifiche chiave<\/h2>\n<table style=\"border-collapse: collapse; width: 80%; margin-left: auto; margin-right: auto;\" border=\"0\" width=\"288\" cellspacing=\"0\" cellpadding=\"0\">\n<tbody>\n<tr style=\"height: 13.50pt;\">\n<td style=\"height: 13.5pt; width: 54pt; text-align: center;\" width=\"72\" height=\"18\">Capacit\u00e0 (ml)<\/td>\n<td style=\"width: 54pt; text-align: center;\" width=\"72\">Dimensioni (mm)<\/td>\n<td style=\"width: 54pt; text-align: center;\" width=\"72\">Materiale<\/td>\n<td style=\"width: 54pt; text-align: center;\" width=\"72\">Opzioni di colore<\/td>\n<\/tr>\n<tr style=\"height: 13.50pt;\">\n<td style=\"height: 13.5pt; text-align: center;\" align=\"right\" height=\"18\">105<\/td>\n<td style=\"text-align: center;\">65 \u00d7 45 \u00d7 65<\/td>\n<td class=\"et2\" style=\"text-align: center;\" rowspan=\"3\">vetro di cristallo<\/td>\n<td class=\"et2\" style=\"text-align: center;\" rowspan=\"3\">Cancella\/personalizzato<\/td>\n<\/tr>\n<tr style=\"height: 13.50pt;\">\n<td style=\"height: 13.5pt; text-align: center;\" align=\"right\" height=\"18\">140<\/td>\n<td style=\"text-align: center;\">75 \u00d7 56 \u00d7 76<\/td>\n<\/tr>\n<tr style=\"height: 13.50pt;\">\n<td style=\"height: 13.5pt; text-align: center;\" align=\"right\" height=\"18\">1100<\/td>\n<td style=\"text-align: center;\">135 \u00d7 105 \u00d7 125<\/td>\n<\/tr>\n<\/tbody>\n<\/table>\n<h2>Caso di successo<\/h2>\n<p>Un marchio nordico di candele per aromaterapia ha scelto i nostri barattoli di cristallo per candele come packaging principale per la sua linea di lusso. Considerando il posizionamento del marchio, sono state apportate diverse personalizzazioni: i barattoli presentavano originali motivi floreali e botanici in rilievo, un logo del marchio serigrafato in bianco opaco e un codice di lotto invisibile sul fondo per una facile gestione del canale.<\/p>\n<p>Le vendite di questa serie di candele sono aumentate di circa il 42% su base annua entro tre mesi dal lancio. Considerato il feedback positivo del mercato, il cliente ha effettuato altre due richieste di riordino nel secondo trimestre e ha utilizzato questo packaging anche nella sua gamma standard di contenitori per candele all&#039;ingrosso per un utilizzo a lungo termine.<\/p>\n<h2>I tuoi suggerimenti per la personalizzazione<\/h2>\n<ol>\n<li><strong>Taglio del cristallo e personalizzazione del trattamento superficiale:<\/strong> Decorare la superficie del vetro con linee rette, tagli di cristallo, diamanti o qualsiasi motivo geometrico personalizzato, ecc., che saranno in grado di creare effetti di rifrazione della luce unici quando accesi.<\/li>\n<li><strong>Artigianato del logo del marchio:<\/strong> I nostri servizi includono serigrafia, stampa a caldo, incisione laser o loghi in rilievo. Questi possono essere utilizzati sia per l&#039;esterno del portacandele, sia, nel caso di un logo discreto, sulla base del portacandele. In questo modo, possiamo soddisfare facilmente le diverse esigenze del canale retail e delle confezioni regalo.<\/li>\n<li><strong>Soluzioni di corrispondenza estese:<\/strong> Offre la possibilit\u00e0 di abbinare coperchi in vetro personalizzati con coperchi in metallo o legno e consente anche di utilizzare dimensioni di imballaggio &#034;standard&#034; per una facile vendita di set completi di candele profumate di alta qualit\u00e0.<\/li>\n<\/ol>","protected":false},"excerpt":{"rendered":"<p>Barattoli per candele in cristallo progettati per le linee di candele moderne. In qualit\u00e0 di affidabili contenitori per candele all&#039;ingrosso, offriamo soluzioni personalizzate all&#039;ingrosso per aiutare i marchi a lanciare il loro prodotto in modo efficiente.<\/p>","protected":false},"featured_media":5319,"template":"","meta":{"postBodyCss":"","postBodyMargin":[],"postBodyPadding":[],"postBodyBackground":{"backgroundType":"classic","gradient":""}},"product_brand":[],"product_cat":[15,82,17],"product_tag":[],"class_list":{"0":"post-5314","1":"product","2":"type-product","3":"status-publish","4":"has-post-thumbnail","6":"product_cat-glass-containers","7":"product_cat-candle-jars","8":"product_cat-glass-jars","10":"first","11":"instock","12":"shipping-taxable","13":"product-type-simple"},"jetpack_sharing_enabled":true,"_links":{"self":[{"href":"https:\/\/minghanggroup.com\/it\/wp-json\/wp\/v2\/product\/5314","targetHints":{"allow":["GET"]}}],"collection":[{"href":"https:\/\/minghanggroup.com\/it\/wp-json\/wp\/v2\/product"}],"about":[{"href":"https:\/\/minghanggroup.com\/it\/wp-json\/wp\/v2\/types\/product"}],"wp:featuredmedia":[{"embeddable":true,"href":"https:\/\/minghanggroup.com\/it\/wp-json\/wp\/v2\/media\/5319"}],"wp:attachment":[{"href":"https:\/\/minghanggroup.com\/it\/wp-json\/wp\/v2\/media?parent=5314"}],"wp:term":[{"taxonomy":"product_brand","embeddable":true,"href":"https:\/\/minghanggroup.com\/it\/wp-json\/wp\/v2\/product_brand?post=5314"},{"taxonomy":"product_cat","embeddable":true,"href":"https:\/\/minghanggroup.com\/it\/wp-json\/wp\/v2\/product_cat?post=5314"},{"taxonomy":"product_tag","embeddable":true,"href":"https:\/\/minghanggroup.com\/it\/wp-json\/wp\/v2\/product_tag?post=5314"}],"curies":[{"name":"wp","href":"https:\/\/api.w.org\/{rel}","templated":true}]}}