{"id":5308,"date":"2026-01-27T08:46:51","date_gmt":"2026-01-27T00:46:51","guid":{"rendered":"https:\/\/minghanggroup.com\/?post_type=product&#038;p=5308"},"modified":"2026-01-27T11:06:36","modified_gmt":"2026-01-27T03:06:36","slug":"bowl-shaped-empty-reusable-candle-jars-wholesale","status":"publish","type":"product","link":"https:\/\/minghanggroup.com\/it\/prodotto\/bowl-shaped-empty-reusable-candle-jars-wholesale\/","title":{"rendered":"Barattoli di candele riutilizzabili vuoti a forma di ciotola all&#039;ingrosso"},"content":{"rendered":"<p>Si tratta di barattoli per candele riutilizzabili, progettati a forma di ciotola, con bordi svasati e bocca larga, adatti a contenere candele da t\u00e8 o candele di piccole dimensioni.<\/p>\n<h2>Caratteristiche del prodotto<\/h2>\n<ul>\n<li><strong>Materiale setoso ad alta trasparenza:<\/strong> Il vetro trasparente mette in risalto perfettamente la fiamma della candela e altri materiali decorativi.<\/li>\n<li><strong>Bocca larga, corpo poco profondo:<\/strong> Questo design \u00e8 facile da usare perch\u00e9 la bocca larga e il corpo poco profondo si adattano alle candele da t\u00e8 o alle piccole candele profumate ed \u00e8 molto facile da pulire e sostituire.<\/li>\n<li><strong>Design del piattino:<\/strong> Il design semplice del piattino \u00e8 facile da pulire e il barattolo pu\u00f2 essere riutilizzato una volta consumata la candela.<\/li>\n<\/ul>\n<h2 style=\"text-align: left;\">Specifiche chiave<\/h2>\n<table class=\"aligncenter\" style=\"border-collapse: collapse; width: 370.52pt;\" border=\"0\" width=\"494\" cellspacing=\"0\" cellpadding=\"0\">\n<tbody>\n<tr style=\"height: 13.50pt;\">\n<td style=\"height: 13.50pt; width: 128.25pt;\" width=\"171\" height=\"18\">Specifica<\/td>\n<td style=\"width: 242.25pt;\" width=\"323\">Dettagli<\/td>\n<\/tr>\n<tr style=\"height: 13.50pt;\">\n<td style=\"height: 13.50pt;\" height=\"18\">Dimensioni<\/td>\n<td>78\u00d728mm<\/td>\n<\/tr>\n<tr style=\"height: 13.50pt;\">\n<td style=\"height: 13.50pt;\" height=\"18\">Materiale<\/td>\n<td>Vetro trasparente<\/td>\n<\/tr>\n<tr style=\"height: 13.50pt;\">\n<td style=\"height: 13.50pt;\" height=\"18\">Forma del barattolo\/piatto<\/td>\n<td>Piatto\/Ciotola poco profonda<\/td>\n<\/tr>\n<tr style=\"height: 13.50pt;\">\n<td style=\"height: 13.50pt;\" height=\"18\">Ambito di personalizzazione<\/td>\n<td>Colore, forma, pesce, consistenza di base<\/td>\n<\/tr>\n<tr style=\"height: 13.50pt;\">\n<td style=\"height: 13.50pt;\" height=\"18\">Caratteristica artigianale<\/td>\n<td>Formatura di vetro pressato di precisione<\/td>\n<\/tr>\n<tr style=\"height: 13.50pt;\">\n<td style=\"height: 13.50pt;\" height=\"18\">Scopo del prodotto<\/td>\n<td>Barattoli per candele, barattoli per candele vuoti all&#039;ingrosso<\/td>\n<\/tr>\n<tr style=\"height: 13.50pt;\">\n<td style=\"height: 13.50pt;\" height=\"18\">Industrie adatte<\/td>\n<td>Produttori di candele, marchi di arredamento per la casa<\/td>\n<\/tr>\n<\/tbody>\n<\/table>\n<h2>Storia di successo: un rivenditore nordico di articoli per la casa<\/h2>\n<p>Uno dei rivenditori di articoli per la casa nordici ha ordinato i nostri barattoli riutilizzabili per candele e li ha colorati con una tonalit\u00e0 grigio chiaro. Questo design con bordo naturale si adattava perfettamente all&#039;aspetto naturale del marchio, come evidenziato dal 60% delle recensioni dei clienti. Questi barattoli per candele sono stati venduti entro 48 ore dal lancio, diventando un best-seller. Il rivenditore \u00e8 stato soddisfatto del prodotto al punto da ordinarne altri 300.000 esemplari da includere nella collezione della stagione successiva.<\/p>\n<h2>Personalizzazione all&#039;ingrosso di barattoli di candele vuoti<\/h2>\n<ul>\n<li>Base in rilievo: si tratta di una piccola immagine o logo in rilievo, posizionato al centro della parte interna del piatto.<\/li>\n<li>Serigrafia: stampa un disegno semplice, un logo o un testo sullo strato inferiore piatto.<\/li>\n<li>Superficie strutturata: la superficie interna presenta piccole texture punteggiate o lineari.<\/li>\n<li>Base personalizzata: aggiungi una piccola base in vetro trasparente leggermente rialzata nella parte inferiore.<\/li>\n<\/ul>","protected":false},"excerpt":{"rendered":"<p>Vendita all&#039;ingrosso di barattoli trasparenti vuoti per candele, a forma di ciotola bassa con bordo ondulato, perfetti per lumini e decorazioni. Barattoli per candele riutilizzabili di alta qualit\u00e0 con spedizione veloce.<\/p>","protected":false},"featured_media":5320,"template":"","meta":{"postBodyCss":"","postBodyMargin":[],"postBodyPadding":[],"postBodyBackground":{"backgroundType":"classic","gradient":""}},"product_brand":[],"product_cat":[15,82,17],"product_tag":[],"class_list":{"0":"post-5308","1":"product","2":"type-product","3":"status-publish","4":"has-post-thumbnail","6":"product_cat-glass-containers","7":"product_cat-candle-jars","8":"product_cat-glass-jars","10":"first","11":"instock","12":"shipping-taxable","13":"product-type-simple"},"jetpack_sharing_enabled":true,"_links":{"self":[{"href":"https:\/\/minghanggroup.com\/it\/wp-json\/wp\/v2\/product\/5308","targetHints":{"allow":["GET"]}}],"collection":[{"href":"https:\/\/minghanggroup.com\/it\/wp-json\/wp\/v2\/product"}],"about":[{"href":"https:\/\/minghanggroup.com\/it\/wp-json\/wp\/v2\/types\/product"}],"wp:featuredmedia":[{"embeddable":true,"href":"https:\/\/minghanggroup.com\/it\/wp-json\/wp\/v2\/media\/5320"}],"wp:attachment":[{"href":"https:\/\/minghanggroup.com\/it\/wp-json\/wp\/v2\/media?parent=5308"}],"wp:term":[{"taxonomy":"product_brand","embeddable":true,"href":"https:\/\/minghanggroup.com\/it\/wp-json\/wp\/v2\/product_brand?post=5308"},{"taxonomy":"product_cat","embeddable":true,"href":"https:\/\/minghanggroup.com\/it\/wp-json\/wp\/v2\/product_cat?post=5308"},{"taxonomy":"product_tag","embeddable":true,"href":"https:\/\/minghanggroup.com\/it\/wp-json\/wp\/v2\/product_tag?post=5308"}],"curies":[{"name":"wp","href":"https:\/\/api.w.org\/{rel}","templated":true}]}}