{"id":5294,"date":"2026-01-26T16:47:34","date_gmt":"2026-01-26T08:47:34","guid":{"rendered":"https:\/\/minghanggroup.com\/?post_type=product&#038;p=5294"},"modified":"2026-03-02T15:03:19","modified_gmt":"2026-03-02T07:03:19","slug":"glass-candle-empty-jars-with-textured-patterns-wholesale","status":"publish","type":"product","link":"https:\/\/minghanggroup.com\/it\/prodotto\/glass-candle-empty-jars-with-textured-patterns-wholesale\/","title":{"rendered":"Barattoli vuoti per candele in vetro da 250 ml con motivi testurizzati all&#039;ingrosso"},"content":{"rendered":"<p>I vostri barattoli vuoti per candele non dovrebbero restare vuoti, ma diventare un&#039;opera d&#039;arte da scrivania una volta finiti. Come specialisti in contenitori per candele, realizziamo contenitori di lusso per candele che trasformeranno la vostra linea di candele all&#039;ingrosso nel prodotto preferito dai clienti.<\/p>\n<h2>Caratteristiche del prodotto<\/h2>\n<ul>\n<li><strong>Modelli di luce e dispersione:<\/strong> Le strisce verticali riflettono la luce della candela in modo molto delicato, come un pizzo liquido, un&#039;eleganza istantanea perfetta per la tua fragranza per la casa.<\/li>\n<li><strong>Base in vetro resistente:<\/strong> Quando il fondo \u00e8 spesso, non osciller\u00e0 affatto quando lo metterai su uno scaffale. Il tuo portacandele dar\u00e0 l&#039;impressione di un prodotto di qualit\u00e0 e durevole.<\/li>\n<li><strong>Chiarezza cristallina:<\/strong> Si possono ammirare i diversi colori degli oli essenziali profumati poich\u00e9 il vetro \u00e8 cristallino, senza filtri opachi.<\/li>\n<\/ul>\n<h2>Specifiche chiave<\/h2>\n<table style=\"border-collapse: collapse; width: 80%; margin-left: auto; margin-right: auto;\" border=\"0\" width=\"288\" cellspacing=\"0\" cellpadding=\"0\">\n<tbody>\n<tr style=\"height: 13.50pt;\">\n<td style=\"height: 13.5pt; width: 54pt; text-align: center;\" width=\"72\" height=\"18\">Misurare<\/td>\n<td style=\"width: 54pt; text-align: center;\" width=\"72\">Dimensioni (mm)<\/td>\n<td style=\"width: 54pt; text-align: center;\" width=\"72\">Modelli<\/td>\n<td style=\"width: 54pt; text-align: center;\" width=\"72\">Materiale<\/td>\n<\/tr>\n<tr style=\"height: 13.50pt;\">\n<td style=\"height: 13.5pt; text-align: center;\" height=\"18\">250 ml<\/td>\n<td style=\"text-align: center;\">80\u00d780\u00d788<\/td>\n<td style=\"text-align: center;\">Strisce verticali, griglia di punti<\/td>\n<td style=\"text-align: center;\">vetro di cristallo<\/td>\n<\/tr>\n<\/tbody>\n<\/table>\n<h2>Caso di successo<\/h2>\n<p>Un marchio di fragranze per la casa era alla ricerca di un packaging per candele che comunicasse immediatamente un&#039;immagine di lusso, di design e mirata, ma che fosse anche pratico per l&#039;uso quotidiano. Per lanciare la sua nuova linea di prodotti, ha scelto i nostri barattoli per candele in vetro testurizzato e li ha rinnovati con i nostri loghi in rilievo, una finitura satinata delicata e delicati motivi serigrafati ispirati alla narrativa del marchio.<\/p>\n<p>Le vendite del set sono aumentate del 45% entro due mesi dal lancio del nuovo prodotto rispetto al periodo in cui veniva utilizzato il vecchio imballaggio, spingendo il marchio a passare a questi barattoli di candele personalizzati come soluzione di imballaggio principale e a continuare a ordinarli per i vari lanci di prodotti stagionali.<\/p>\n<h2>Le tue opzioni di personalizzazione<\/h2>\n<ol>\n<li><strong>Personalizzazione del logo in rilievo\/debossed:<\/strong> \u00c8 possibile stampare o incidere un logo sulla parte quadrata gi\u00e0 vuota della superficie della bottiglia.<\/li>\n<li><strong>Colore personalizzato della bottiglia (verniciatura a spruzzo\/colorazione del materiale):<\/strong> \u00c8 possibile utilizzare colori poco saturi, come il grigio fumo, l&#039;ambra, il bianco latte e il verde scuro, oppure un colore completamente nuovo con un profumo che faccia risaltare la serie e catturi l&#039;attenzione del cliente sullo scaffale.<\/li>\n<li><strong>Modellizzazione o progettazione:<\/strong> La stampa del motivo o del design pu\u00f2 essere realizzata in serigrafia monocromatica o a pi\u00f9 colori. La bottiglia pu\u00f2 essere decorata con nomi di marchi, figure geometriche o persino profumi, rendendo la bottiglia non solo durevole ma anche resistente, impedendo alla stampa di sbiadire facilmente.<\/li>\n<\/ol>","protected":false},"excerpt":{"rendered":"<p>Barattoli vuoti per candele con raffinate texture in vetro, ideali come contenitori per candele. Fornitura diretta dalla fabbrica e possibilit\u00e0 di personalizzazione flessibile all&#039;ingrosso.<\/p>","protected":false},"featured_media":5298,"template":"","meta":{"postBodyCss":"","postBodyMargin":[],"postBodyPadding":[],"postBodyBackground":{"backgroundType":"classic","gradient":""}},"product_brand":[],"product_cat":[15,82,17],"product_tag":[97,96],"class_list":{"0":"post-5294","1":"product","2":"type-product","3":"status-publish","4":"has-post-thumbnail","6":"product_cat-glass-containers","7":"product_cat-candle-jars","8":"product_cat-glass-jars","9":"product_tag-rocks-glass","10":"product_tag-whiskey-tumblers","12":"first","13":"instock","14":"shipping-taxable","15":"product-type-simple"},"jetpack_sharing_enabled":true,"_links":{"self":[{"href":"https:\/\/minghanggroup.com\/it\/wp-json\/wp\/v2\/product\/5294","targetHints":{"allow":["GET"]}}],"collection":[{"href":"https:\/\/minghanggroup.com\/it\/wp-json\/wp\/v2\/product"}],"about":[{"href":"https:\/\/minghanggroup.com\/it\/wp-json\/wp\/v2\/types\/product"}],"wp:featuredmedia":[{"embeddable":true,"href":"https:\/\/minghanggroup.com\/it\/wp-json\/wp\/v2\/media\/5298"}],"wp:attachment":[{"href":"https:\/\/minghanggroup.com\/it\/wp-json\/wp\/v2\/media?parent=5294"}],"wp:term":[{"taxonomy":"product_brand","embeddable":true,"href":"https:\/\/minghanggroup.com\/it\/wp-json\/wp\/v2\/product_brand?post=5294"},{"taxonomy":"product_cat","embeddable":true,"href":"https:\/\/minghanggroup.com\/it\/wp-json\/wp\/v2\/product_cat?post=5294"},{"taxonomy":"product_tag","embeddable":true,"href":"https:\/\/minghanggroup.com\/it\/wp-json\/wp\/v2\/product_tag?post=5294"}],"curies":[{"name":"wp","href":"https:\/\/api.w.org\/{rel}","templated":true}]}}