{"id":5284,"date":"2026-01-26T11:31:41","date_gmt":"2026-01-26T03:31:41","guid":{"rendered":"https:\/\/minghanggroup.com\/?post_type=product&#038;p=5284"},"modified":"2026-01-26T12:00:16","modified_gmt":"2026-01-26T04:00:16","slug":"large-feather-cut-glass-candle-containers-wholesale","status":"publish","type":"product","link":"https:\/\/minghanggroup.com\/it\/prodotto\/large-feather-cut-glass-candle-containers-wholesale\/","title":{"rendered":"Contenitori per candele in vetro tagliato a forma di piuma da 460 ml all&#039;ingrosso"},"content":{"rendered":"<p>Questo portacandele in vetro ha una forma tradizionale, slanciata e cilindrica, decorato con motivi a foglia di piuma. Il tutto \u00e8 impreziosito da una base rialzata e liscia, che lo rende elegante.<\/p>\n<h2>Caratteristiche del prodotto<\/h2>\n<ul>\n<li><strong>Delicato motivo a piume:<\/strong> La superficie del vetro presenta una texture a piuma ben intagliata e profonda che produce uno splendido effetto di rifrazione della luce.<\/li>\n<li><strong>Base rialzata liscia e trasparente:<\/strong> La base rialzata liscia e trasparente non solo garantisce l&#039;equilibrio visivo, ma rende anche il contenitore stabile.<\/li>\n<li><strong>Capacit\u00e0 di 460 ml:<\/strong> Si tratta di un materiale con una grande capacit\u00e0 di contenimento di una notevole quantit\u00e0 di cera, sufficientemente adatto per produrre candele di alta qualit\u00e0 che possono durare diverse settimane.<\/li>\n<\/ul>\n<h2 style=\"text-align: left;\">Specifiche chiave<\/h2>\n<table class=\"aligncenter\" style=\"border-collapse: collapse; width: 440.27pt;\" border=\"0\" width=\"587\" cellspacing=\"0\" cellpadding=\"0\">\n<tbody>\n<tr style=\"height: 13.50pt;\">\n<td style=\"height: 13.50pt; width: 129.75pt;\" width=\"173\" height=\"18\">Specifica<\/td>\n<td style=\"width: 310.50pt;\" width=\"414\">Dettagli<\/td>\n<\/tr>\n<tr style=\"height: 13.50pt;\">\n<td style=\"height: 13.50pt;\" height=\"18\">Capacit\u00e0<\/td>\n<td>460 ml<\/td>\n<\/tr>\n<tr style=\"height: 13.50pt;\">\n<td style=\"height: 13.50pt;\" height=\"18\">Dimensioni<\/td>\n<td>67\u00d785\u00d7130mm<\/td>\n<\/tr>\n<tr style=\"height: 13.50pt;\">\n<td style=\"height: 13.50pt;\" height=\"18\">Materiale<\/td>\n<td>Vetro tagliato trasparente di alta qualit\u00e0<\/td>\n<\/tr>\n<tr style=\"height: 13.50pt;\">\n<td style=\"height: 13.50pt;\" height=\"18\">Forma del barattolo<\/td>\n<td>Cilindro alto con texture a forma di piuma su tutto il corpo<\/td>\n<\/tr>\n<tr style=\"height: 13.50pt;\">\n<td style=\"height: 13.50pt;\" height=\"18\">Ambito di personalizzazione<\/td>\n<td>Colore, dimensione, finitura, coperchi<\/td>\n<\/tr>\n<tr style=\"height: 13.50pt;\">\n<td style=\"height: 13.50pt;\" height=\"18\">Caratteristica artigianale<\/td>\n<td>Taglio di precisione del vetro, stampaggio 3D a piuma<\/td>\n<\/tr>\n<tr style=\"height: 13.50pt;\">\n<td style=\"height: 13.50pt;\" height=\"18\">Scopo del prodotto<\/td>\n<td>Contenitore per candele in vetro, contenitori decorativi per fragranze per la casa<\/td>\n<\/tr>\n<tr style=\"height: 13.50pt;\">\n<td style=\"height: 13.50pt;\" height=\"18\">Industrie adatte<\/td>\n<td>Marchi di candele di lusso, rivenditori di articoli di arredamento di alta gamma<\/td>\n<\/tr>\n<\/tbody>\n<\/table>\n<h2>La storia di successo di un marchio britannico di mobili per la casa di alta gamma<\/h2>\n<p>Il nostro contenitore per candele in vetro con motivo a piuma \u00e8 stato commissionato da un prestigioso marchio britannico di fragranze per la casa, che lo ha personalizzato in grigio fum\u00e9 con bordo placcato oro 24 carati. Il magnifico design a piuma filtra l&#039;incantevole luce della candela e aggiunge il 70% al valore estetico del contenitore. Il suo tocco ampio e lussuoso ha ridotto del 60% il numero di reclami in negozio. Nel giro di due mesi, il prodotto \u00e8 stato venduto. Questo ha spinto il marchio a ordinare subito altri 250.000 contenitori per candele da aggiungere alle due collezioni stagionali successive.<\/p>\n<h2>Personalizzazione di grandi contenitori per candele in vetro<\/h2>\n<ul>\n<li>Base strutturata: conferisce alla base una texture simile o in contrasto con il colore del corpo.<\/li>\n<li>Finitura metallica: rifinire i bordi del motivo in rilievo delle piume con oro, argento o oro rosa.<\/li>\n<li>Serigrafia sulla base: aggiungi uno di quei loghi o monogrammi tenui sulla base in vetro.<\/li>\n<li>Progetta un coperchio personalizzato abbinato: progetta un coperchio bombato in vetro o ottone che si abbini allo splendido motivo.<\/li>\n<\/ul>","protected":false},"excerpt":{"rendered":"<p>Contenitore per candele in vetro trasparente con motivo a piuma in rilievo, adatto per la produzione di candele e per l&#039;arredamento della casa. Grandi contenitori per candele in vetro resistenti, offerti all&#039;ingrosso.<\/p>","protected":false},"featured_media":5290,"template":"","meta":{"postBodyCss":"","postBodyMargin":[],"postBodyPadding":[],"postBodyBackground":{"backgroundType":"classic","gradient":""}},"product_brand":[],"product_cat":[15,82,17],"product_tag":[],"class_list":{"0":"post-5284","1":"product","2":"type-product","3":"status-publish","4":"has-post-thumbnail","6":"product_cat-glass-containers","7":"product_cat-candle-jars","8":"product_cat-glass-jars","10":"first","11":"instock","12":"shipping-taxable","13":"product-type-simple"},"jetpack_sharing_enabled":true,"_links":{"self":[{"href":"https:\/\/minghanggroup.com\/it\/wp-json\/wp\/v2\/product\/5284","targetHints":{"allow":["GET"]}}],"collection":[{"href":"https:\/\/minghanggroup.com\/it\/wp-json\/wp\/v2\/product"}],"about":[{"href":"https:\/\/minghanggroup.com\/it\/wp-json\/wp\/v2\/types\/product"}],"wp:featuredmedia":[{"embeddable":true,"href":"https:\/\/minghanggroup.com\/it\/wp-json\/wp\/v2\/media\/5290"}],"wp:attachment":[{"href":"https:\/\/minghanggroup.com\/it\/wp-json\/wp\/v2\/media?parent=5284"}],"wp:term":[{"taxonomy":"product_brand","embeddable":true,"href":"https:\/\/minghanggroup.com\/it\/wp-json\/wp\/v2\/product_brand?post=5284"},{"taxonomy":"product_cat","embeddable":true,"href":"https:\/\/minghanggroup.com\/it\/wp-json\/wp\/v2\/product_cat?post=5284"},{"taxonomy":"product_tag","embeddable":true,"href":"https:\/\/minghanggroup.com\/it\/wp-json\/wp\/v2\/product_tag?post=5284"}],"curies":[{"name":"wp","href":"https:\/\/api.w.org\/{rel}","templated":true}]}}