{"id":5268,"date":"2026-01-26T10:17:03","date_gmt":"2026-01-26T02:17:03","guid":{"rendered":"https:\/\/minghanggroup.com\/?post_type=product&#038;p=5268"},"modified":"2026-01-26T10:17:05","modified_gmt":"2026-01-26T02:17:05","slug":"classic-candle-glass-containers-for-branding-in-bulk","status":"publish","type":"product","link":"https:\/\/minghanggroup.com\/it\/prodotto\/classic-candle-glass-containers-for-branding-in-bulk\/","title":{"rendered":"Contenitori in vetro per candele classiche da 2 litri per il branding all&#039;ingrosso"},"content":{"rendered":"<p>I contenitori in vetro per candele non dovrebbero contenere solo cera: dovrebbero far brillare il tuo negozio come un giardino segreto. Come specialisti nella vendita all&#039;ingrosso di candele, realizziamo contenitori di lusso per candele che trasformeranno la tua linea di candele all&#039;ingrosso in un must-have per i clienti.<\/p>\n<h2>Caratteristiche del prodotto<\/h2>\n<ul>\n<li><strong>Vetro ad alta trasparenza:<\/strong> Il corpo in vetro, di natura altamente trasparente, rivela fedelmente il colore della cera e gli strati di combustione, migliorando notevolmente l&#039;aspetto visivo complessivo.<\/li>\n<li>S<strong>cerchio dritto standard:<\/strong> Il design dritto e con i lati della tazza facilita il versamento della cera sia con metodo automatico che manuale ed \u00e8 compatibile con cera singola, a stoppino, a stoppino multiplo e con varie formulazioni di cera.<\/li>\n<li><strong>Aspetto minimalista:<\/strong> Il design semplice e classico, non decorato, si adatta facilmente a etichette, serigrafie e confezioni esterne, risultando perfetto come regalo.<\/li>\n<\/ul>\n<h2>Specifiche chiave<\/h2>\n<table style=\"border-collapse: collapse; width: 80%; margin-right: auto; margin-left: auto;\" border=\"0\" width=\"288\" cellspacing=\"0\" cellpadding=\"0\">\n<tbody>\n<tr style=\"height: 13.50pt;\">\n<td class=\"et2\" style=\"height: 13.5pt; width: 54pt; text-align: center;\" width=\"72\" height=\"18\">Misurare<\/td>\n<td style=\"width: 54pt; text-align: center;\" width=\"72\">Dimensioni (mm)<\/td>\n<td style=\"width: 54pt; text-align: center;\" width=\"72\">Materiale<\/td>\n<td style=\"width: 54pt; text-align: center;\" width=\"72\">Opzioni di colore<\/td>\n<\/tr>\n<tr style=\"height: 13.50pt;\">\n<td style=\"height: 13.5pt; text-align: center;\" height=\"18\">2L<\/td>\n<td style=\"text-align: center;\">150\u00d7143\u00d7150<\/td>\n<td style=\"text-align: center;\">vetro di cristallo<\/td>\n<td style=\"text-align: center;\">Cancella\/personalizzato<\/td>\n<\/tr>\n<\/tbody>\n<\/table>\n<h2>Caso di successo<\/h2>\n<p>Un marchio nordamericano di candele profumate di fascia media, alta e alta ha scelto i nostri contenitori in vetro per candele come packaging principale per la sua nuova linea di prodotti. Per attirare maggiormente l&#039;attenzione dei clienti sugli scaffali dei negozi, ha deciso di stampare il logo del marchio sui flaconi, per sottolineare l&#039;identit\u00e0 del marchio, e di abbinarli a caratteristici coperchi in legno di noce per esaltare la natura e le qualit\u00e0 classiche della fragranza.<\/p>\n<p>In meno di tre mesi dall&#039;inizio delle vendite, le vendite online sono aumentate di quasi il 32% su base annua. Dopo il primo ordine, il cliente ne ha effettuati altri due di grandi dimensioni.<\/p>\n<h2>Le tue opzioni di personalizzazione<\/h2>\n<ol>\n<li><strong>Livelli di trasparenza del vetro personalizzabili:<\/strong> Offriamo tre tipi di livelli di trasparenza del vetro standard: alta trasparenza, semi-trasparente, trasparente e satinato, che consentono a diversi aromi o linee di prodotti di comunicare le proprie atmosfere distinte e quindi di differenziare il marchio.<\/li>\n<li><strong>Fondo personalizzabile con struttura antiscivolo o marcatura invisibile:<\/strong> La base potrebbe essere migliorata con l&#039;ausilio di un anello antiscivolo delicatamente strutturato o marchiata con un logo\/codice di lotto esclusivamente per il marchio, garantendo cos\u00ec principalmente praticit\u00e0 e riconoscibilit\u00e0 del marchio.<\/li>\n<li><strong>Personalizzazione sistematica di coperchi e imballaggi coordinati:<\/strong> L&#039;implementazione di un set personalizzato di coperchi coordinati in legno, vetro o metallo contribuir\u00e0 in modo significativo allo stile complessivo del design del prodotto.<\/li>\n<\/ol>","protected":false},"excerpt":{"rendered":"<p>Contenitori in vetro di alta qualit\u00e0 per candele di marca. Direttamente dalla fabbrica, con spedizione rapida, ideali per candele in grandi quantit\u00e0. Campione gratuito.<\/p>","protected":false},"featured_media":5276,"template":"","meta":{"postBodyCss":"","postBodyMargin":[],"postBodyPadding":[],"postBodyBackground":{"backgroundType":"classic","gradient":""}},"product_brand":[],"product_cat":[15,82,17],"product_tag":[],"class_list":{"0":"post-5268","1":"product","2":"type-product","3":"status-publish","4":"has-post-thumbnail","6":"product_cat-glass-containers","7":"product_cat-candle-jars","8":"product_cat-glass-jars","10":"first","11":"instock","12":"shipping-taxable","13":"product-type-simple"},"jetpack_sharing_enabled":true,"_links":{"self":[{"href":"https:\/\/minghanggroup.com\/it\/wp-json\/wp\/v2\/product\/5268","targetHints":{"allow":["GET"]}}],"collection":[{"href":"https:\/\/minghanggroup.com\/it\/wp-json\/wp\/v2\/product"}],"about":[{"href":"https:\/\/minghanggroup.com\/it\/wp-json\/wp\/v2\/types\/product"}],"wp:featuredmedia":[{"embeddable":true,"href":"https:\/\/minghanggroup.com\/it\/wp-json\/wp\/v2\/media\/5276"}],"wp:attachment":[{"href":"https:\/\/minghanggroup.com\/it\/wp-json\/wp\/v2\/media?parent=5268"}],"wp:term":[{"taxonomy":"product_brand","embeddable":true,"href":"https:\/\/minghanggroup.com\/it\/wp-json\/wp\/v2\/product_brand?post=5268"},{"taxonomy":"product_cat","embeddable":true,"href":"https:\/\/minghanggroup.com\/it\/wp-json\/wp\/v2\/product_cat?post=5268"},{"taxonomy":"product_tag","embeddable":true,"href":"https:\/\/minghanggroup.com\/it\/wp-json\/wp\/v2\/product_tag?post=5268"}],"curies":[{"name":"wp","href":"https:\/\/api.w.org\/{rel}","templated":true}]}}