{"id":5267,"date":"2026-01-26T09:16:06","date_gmt":"2026-01-26T01:16:06","guid":{"rendered":"https:\/\/minghanggroup.com\/?post_type=product&#038;p=5267"},"modified":"2026-03-02T15:03:55","modified_gmt":"2026-03-02T07:03:55","slug":"large-embossed-luxury-candle-jars-wholesale","status":"publish","type":"product","link":"https:\/\/minghanggroup.com\/it\/prodotto\/large-embossed-luxury-candle-jars-wholesale\/","title":{"rendered":"Grandi barattoli per candele di lusso in rilievo da 410 ml all&#039;ingrosso"},"content":{"rendered":"<p>Questi lussuosi barattoli per candele all&#039;ingrosso fondono perfettamente la texture lussuosa con l&#039;eleganza antica. La forma cilindrica del corpo del barattolo \u00e8 ricoperta da quattro riconoscibili motivi testurizzati, tra cui nervature verticali nette, raffinati motivi a raggiera, puntini in rilievo luminosi e scintillanti motivi a diamante.<\/p>\n<h2>Caratteristiche del prodotto<\/h2>\n<ul>\n<li><strong>Quattro design di texture:<\/strong> Sono disponibili quattro bellissime texture complessive: ondulate, radiali, punteggiate e con taglio a diamante.<\/li>\n<li><strong>Forma classica a cilindro dritto:<\/strong> La semplice forma cilindrica \u00e8 universale e si adatta bene a qualsiasi tipo di arredamento.<\/li>\n<li><strong>Grande formato da 410 ml:<\/strong> La dimensione da 410 ml \u00e8 grande e garantisce una lunga combustione, offrendo cos\u00ec un&#039;esperienza di candela di alta qualit\u00e0.<\/li>\n<\/ul>\n<h2 style=\"text-align: left;\">Specifiche chiave<\/h2>\n<table class=\"aligncenter\" style=\"border-collapse: collapse; width: 441.02pt;\" border=\"0\" width=\"588\" cellspacing=\"0\" cellpadding=\"0\">\n<tbody>\n<tr style=\"height: 13.50pt;\">\n<td style=\"height: 13.50pt; width: 120.75pt;\" width=\"161\" height=\"18\">Specifica<\/td>\n<td style=\"width: 320.25pt;\" width=\"427\">Dettagli<\/td>\n<\/tr>\n<tr style=\"height: 13.50pt;\">\n<td style=\"height: 13.50pt;\" height=\"18\">Capacit\u00e0<\/td>\n<td>410 ml<\/td>\n<\/tr>\n<tr style=\"height: 13.50pt;\">\n<td style=\"height: 13.50pt;\" height=\"18\">Dimensioni<\/td>\n<td>88\u00d7100mm<\/td>\n<\/tr>\n<tr style=\"height: 13.50pt;\">\n<td style=\"height: 13.50pt;\" height=\"18\">Materiale<\/td>\n<td>Vetro trasparente testurizzato (lavorazione artigianale pressata in 3D)<\/td>\n<\/tr>\n<tr style=\"height: 13.50pt;\">\n<td style=\"height: 13.50pt;\" height=\"18\">Forma del barattolo<\/td>\n<td>Cilindro a lati dritti (4 varianti di texture opzionali)<\/td>\n<\/tr>\n<tr style=\"height: 13.50pt;\">\n<td style=\"height: 13.50pt;\" height=\"18\">Ambito di personalizzazione<\/td>\n<td>Selezione della consistenza, colore, dimensione, finitura, coperchi<\/td>\n<\/tr>\n<tr style=\"height: 13.50pt;\">\n<td style=\"height: 13.50pt;\" height=\"18\">Caratteristica artigianale<\/td>\n<td>Vetro pressato di precisione con stampi con texture 3D<\/td>\n<\/tr>\n<tr style=\"height: 13.50pt;\">\n<td style=\"height: 13.50pt;\" height=\"18\">Scopo del prodotto<\/td>\n<td>barattoli di candele di lusso all&#039;ingrosso, contenitori per candele<\/td>\n<\/tr>\n<tr style=\"height: 13.50pt;\">\n<td style=\"height: 13.50pt;\" height=\"18\">Industrie adatte<\/td>\n<td>Marchi di candele di lusso, fornitori per hotel e spa<\/td>\n<\/tr>\n<\/tbody>\n<\/table>\n<h2>Storia di successo<\/h2>\n<p>Una catena europea di boutique hotel di lusso ha scelto un grande portacandele in vetro con texture a raggiera, che fa parte delle quattro collezioni, e lo ha fatto realizzare su ordinazione in ambra chiaro con bordo placcato oro. Il vetro testurizzato crea un gioco di luci e ombre, apprezzato dagli ospiti. La capacit\u00e0 di 410 ml garantisce una durata di combustione di oltre 140 ore, ideale per soggiorni prolungati. I visitatori hanno elogiato l&#039;estetica del portacandele con un tasso di soddisfazione del 95%. Un altro ordine di 300.000 portacandele per tutti i loro hotel nell&#039;arco di due anni.<\/p>\n<h2>Alternative di personalizzazione di barattoli di candele di lusso all&#039;ingrosso<\/h2>\n<ul>\n<li>Selezione della texture: seleziona una texture (increspatura, raggi di sole, puntinata, diamante) da utilizzare sulle tue candele profumate esclusive.<\/li>\n<li>Decorazione metallica: placcare le parti in rilievo della trama con oro, argento o rame per renderla estremamente lucida.<\/li>\n<li>Serigrafia: stampa un piccolo logo semplice o un testo di vario tipo su un pezzo di vetro liscio e piccolo.<\/li>\n<li>Progetta il coperchio: progetta un coperchio (in legno, metallo o vetro) che si adatti alla texture che hai scelto.<\/li>\n<\/ul>","protected":false},"excerpt":{"rendered":"<p>Vendita all&#039;ingrosso di lussuosi barattoli per candele con texture in rilievo, tra cui motivi a coste, a raggiera, a pois e a rombi. Grandi barattoli per candele in vetro di alta qualit\u00e0 con campioni gratuiti.<\/p>","protected":false},"featured_media":5270,"template":"","meta":{"postBodyCss":"","postBodyMargin":[],"postBodyPadding":[],"postBodyBackground":{"backgroundType":"classic","gradient":""}},"product_brand":[],"product_cat":[15,82,17],"product_tag":[97,96],"class_list":{"0":"post-5267","1":"product","2":"type-product","3":"status-publish","4":"has-post-thumbnail","6":"product_cat-glass-containers","7":"product_cat-candle-jars","8":"product_cat-glass-jars","9":"product_tag-rocks-glass","10":"product_tag-whiskey-tumblers","12":"first","13":"instock","14":"shipping-taxable","15":"product-type-simple"},"jetpack_sharing_enabled":true,"_links":{"self":[{"href":"https:\/\/minghanggroup.com\/it\/wp-json\/wp\/v2\/product\/5267","targetHints":{"allow":["GET"]}}],"collection":[{"href":"https:\/\/minghanggroup.com\/it\/wp-json\/wp\/v2\/product"}],"about":[{"href":"https:\/\/minghanggroup.com\/it\/wp-json\/wp\/v2\/types\/product"}],"wp:featuredmedia":[{"embeddable":true,"href":"https:\/\/minghanggroup.com\/it\/wp-json\/wp\/v2\/media\/5270"}],"wp:attachment":[{"href":"https:\/\/minghanggroup.com\/it\/wp-json\/wp\/v2\/media?parent=5267"}],"wp:term":[{"taxonomy":"product_brand","embeddable":true,"href":"https:\/\/minghanggroup.com\/it\/wp-json\/wp\/v2\/product_brand?post=5267"},{"taxonomy":"product_cat","embeddable":true,"href":"https:\/\/minghanggroup.com\/it\/wp-json\/wp\/v2\/product_cat?post=5267"},{"taxonomy":"product_tag","embeddable":true,"href":"https:\/\/minghanggroup.com\/it\/wp-json\/wp\/v2\/product_tag?post=5267"}],"curies":[{"name":"wp","href":"https:\/\/api.w.org\/{rel}","templated":true}]}}