{"id":5259,"date":"2026-01-23T16:46:47","date_gmt":"2026-01-23T08:46:47","guid":{"rendered":"https:\/\/minghanggroup.com\/?post_type=product&#038;p=5259"},"modified":"2026-01-23T16:46:49","modified_gmt":"2026-01-23T08:46:49","slug":"dual-purpose-vertically-ribbed-unique-candle-jars-wholesale","status":"publish","type":"product","link":"https:\/\/minghanggroup.com\/it\/prodotto\/dual-purpose-vertically-ribbed-unique-candle-jars-wholesale\/","title":{"rendered":"Barattoli per candele unici a doppio scopo con coste verticali all&#039;ingrosso"},"content":{"rendered":"<p>I vostri barattoli per candele non dovrebbero contenere solo cera: dovrebbero far brillare il vostro negozio come un giardino segreto. Come specialisti all&#039;ingrosso di esclusivi barattoli per candele, realizziamo contenitori per candele di lusso che trasformano la vostra linea di candele all&#039;ingrosso in un must-have per i clienti.<\/p>\n<h2>Caratteristiche del prodotto<\/h2>\n<ul>\n<li><strong>Design a doppio utilizzo:<\/strong> L&#039;apertura larga \u00e8 perfetta per contenere candele a colonna, mentre l&#039;estremit\u00e0 stretta \u00e8 progettata per contenere i coni.<\/li>\n<li><strong>Gioco di luci a strisce verticali:<\/strong> Le costole riflettono la luce delle candele in motivi simili al pizzo liquido: la tua fragranza per la casa \u00e8 diventata molto pi\u00f9 elegante in un lampo.<\/li>\n<li><strong>Base robusta:<\/strong> Grazie al fondo spesso, la candela non osciller\u00e0 nemmeno su un tavolo di marmo. Il portacandele sembra resistente e di alta qualit\u00e0.<\/li>\n<\/ul>\n<h2>Specifiche chiave<\/h2>\n<table style=\"border-collapse: collapse; width: 80%; margin-left: auto; margin-right: auto;\" border=\"0\" width=\"216\" cellspacing=\"0\" cellpadding=\"0\">\n<tbody>\n<tr style=\"height: 13.50pt;\">\n<td style=\"height: 13.5pt; width: 54pt; text-align: center;\" width=\"72\" height=\"18\">Dimensioni (mm)<\/td>\n<td style=\"width: 54pt; text-align: center;\" width=\"72\">Forma<\/td>\n<td style=\"width: 54pt; text-align: center;\" width=\"72\">Caratteristica<\/td>\n<\/tr>\n<tr style=\"height: 13.50pt;\">\n<td style=\"height: 13.5pt; text-align: center;\" height=\"18\">63 \u00d7 34 \u00d7 52<\/td>\n<td style=\"text-align: center;\">Doppio scopo<\/td>\n<td style=\"text-align: center;\">Strisce verticali<\/td>\n<\/tr>\n<\/tbody>\n<\/table>\n<h2>Caso di successo<\/h2>\n<p>Un marchio europeo di arredamento per la casa ha deciso di collaborare con noi per realizzare un portacandele a doppia funzione, ampio e con imboccatura larga, per la sua collezione di candele natalizie. Durante la personalizzazione, il cliente ha scelto un elegante bicchiere rosa in tinta con l&#039;aroma delle candele e ha utilizzato la galvanica per incidere il proprio logo sul fondo, completando cos\u00ec l&#039;immagine del marchio.<\/p>\n<p>Entro tre mesi dal lancio del prodotto, le vendite della serie sono aumentate di quasi il 38% su base annua. Successivamente, il cliente ha effettuato altri due ordini di grandi dimensioni, sia per la sua consueta collezione di articoli per la casa, sia per prodotti esclusivi per le festivit\u00e0.<\/p>\n<h2>Le tue opzioni di personalizzazione<\/h2>\n<ol>\n<li><strong>Texture di vetro con effetto luce:<\/strong> Forniamo speciali texture in vetro realizzate su ordinazione, con un&#039;attenzione particolare alla profondit\u00e0 delle strisce verticali testurizzate, delle crepe del ghiaccio e delle increspature concave, per creare un gioco di luci e ombre che fa risaltare visivamente il prodotto illuminato, aggiungendo cos\u00ec graziosi attributi all&#039;arredamento festivo e domestico.<\/li>\n<li><strong>Processo di stratificazione del colore o gradiente:<\/strong> Possiamo realizzare effetti di colorazione a strati, come sfumature di colore trasparenti e grigio fumo, fino a transizioni di colore ambrate, perfette per l&#039;aromaterapia esclusiva o per serie in edizione limitata, che trasmettono quindi un livello di lusso e di riconoscibilit\u00e0 pi\u00f9 elevato.<\/li>\n<li><strong>Presentazione del LOGO sottile:<\/strong> Per evitare di appesantire l&#039;immagine e al contempo promuovere la riconoscibilit\u00e0 del marchio, suggeriamo un logo in rilievo sulla parete interna, un rilievo sul fondo o una serigrafia in silicone del logo nello stesso colore. Questo tipo di branding \u00e8 quindi pi\u00f9 adatto ai canali di vendita al dettaglio di fascia media e alta.<\/li>\n<\/ol>","protected":false},"excerpt":{"rendered":"<p>Candele in vasetti di vetro scolpito, prodotte direttamente dalla fabbrica. Vendita all&#039;ingrosso di vasetti di vetro unici per i marchi: spedizione rapida, personalizzazione all&#039;ingrosso, campioni gratuiti disponibili.<\/p>","protected":false},"featured_media":5263,"template":"","meta":{"postBodyCss":"","postBodyMargin":[],"postBodyPadding":[],"postBodyBackground":{"backgroundType":"classic","gradient":""}},"product_brand":[],"product_cat":[15,82,17],"product_tag":[],"class_list":{"0":"post-5259","1":"product","2":"type-product","3":"status-publish","4":"has-post-thumbnail","6":"product_cat-glass-containers","7":"product_cat-candle-jars","8":"product_cat-glass-jars","10":"first","11":"instock","12":"shipping-taxable","13":"product-type-simple"},"jetpack_sharing_enabled":true,"_links":{"self":[{"href":"https:\/\/minghanggroup.com\/it\/wp-json\/wp\/v2\/product\/5259","targetHints":{"allow":["GET"]}}],"collection":[{"href":"https:\/\/minghanggroup.com\/it\/wp-json\/wp\/v2\/product"}],"about":[{"href":"https:\/\/minghanggroup.com\/it\/wp-json\/wp\/v2\/types\/product"}],"wp:featuredmedia":[{"embeddable":true,"href":"https:\/\/minghanggroup.com\/it\/wp-json\/wp\/v2\/media\/5263"}],"wp:attachment":[{"href":"https:\/\/minghanggroup.com\/it\/wp-json\/wp\/v2\/media?parent=5259"}],"wp:term":[{"taxonomy":"product_brand","embeddable":true,"href":"https:\/\/minghanggroup.com\/it\/wp-json\/wp\/v2\/product_brand?post=5259"},{"taxonomy":"product_cat","embeddable":true,"href":"https:\/\/minghanggroup.com\/it\/wp-json\/wp\/v2\/product_cat?post=5259"},{"taxonomy":"product_tag","embeddable":true,"href":"https:\/\/minghanggroup.com\/it\/wp-json\/wp\/v2\/product_tag?post=5259"}],"curies":[{"name":"wp","href":"https:\/\/api.w.org\/{rel}","templated":true}]}}