{"id":5160,"date":"2026-01-23T15:05:35","date_gmt":"2026-01-23T07:05:35","guid":{"rendered":"https:\/\/minghanggroup.com\/?post_type=product&#038;p=5160"},"modified":"2026-01-23T15:05:37","modified_gmt":"2026-01-23T07:05:37","slug":"ribbed-pedestal-glass-candle-jars-with-thick-base-bulk","status":"publish","type":"product","link":"https:\/\/minghanggroup.com\/it\/prodotto\/ribbed-pedestal-glass-candle-jars-with-thick-base-bulk\/","title":{"rendered":"Barattoli per candele in vetro con piedistallo a coste da 185 ml e base spessa, sfusi"},"content":{"rendered":"<p>Il tuo barattolo di vetro per candele non dovrebbe contenere solo cera: dovrebbe far brillare il tuo negozio come un giardino segreto. Come specialisti in barattoli di candele personalizzati, realizziamo contenitori di lusso per candele che trasformeranno la tua linea di candele all&#039;ingrosso in un must-have per i clienti.<\/p>\n<h2>Caratteristiche del prodotto<\/h2>\n<ul>\n<li><strong>Costine leggere e accattivanti:<\/strong> La luce delle candele si diffonde attraverso linee verticali come se fosse pizzo liquido, un&#039;eleganza istantanea che profuma la casa.<\/li>\n<li><strong>Base alta e robusta:<\/strong> Piedino pi\u00f9 alto, nessuna oscillazione sugli scaffali espositivi. Il tuo contenitore per candele trasmette un senso di solidit\u00e0, qualit\u00e0 e robustezza.<\/li>\n<li><strong>Chiarezza cristallina:<\/strong> Aperto o chiuso, il vetro trasparente rivela i colori vivaci degli oli essenziali profumati.<\/li>\n<\/ul>\n<h2>Specifiche chiave<\/h2>\n<table style=\"border-collapse: collapse; width: 80%; margin-left: auto; margin-right: auto;\" border=\"0\" width=\"288\" cellspacing=\"0\" cellpadding=\"0\">\n<tbody>\n<tr style=\"height: 13.50pt;\">\n<td style=\"height: 13.5pt; width: 54pt; text-align: center;\" width=\"72\" height=\"18\">Misurare<\/td>\n<td style=\"width: 54pt; text-align: center;\" width=\"72\">Dimensioni (mm)<\/td>\n<td style=\"width: 54pt; text-align: center;\" width=\"72\">Modello<\/td>\n<td style=\"width: 54pt; text-align: center;\" width=\"72\">Opzioni di colore<\/td>\n<\/tr>\n<tr style=\"height: 13.50pt;\">\n<td style=\"height: 13.5pt; text-align: center;\" height=\"18\">185 ml<\/td>\n<td style=\"text-align: center;\">70 \u00d7 60 \u00d7 80<\/td>\n<td style=\"text-align: center;\">Costole verticali<\/td>\n<td style=\"text-align: center;\">Cancella\/personalizzato<\/td>\n<\/tr>\n<\/tbody>\n<\/table>\n<h2>Caso di successo<\/h2>\n<p>Un marchio di fragranze boutique per piccole case, focalizzato sull&#039;interior design moderno, ha scelto i nostri barattoli per candele in vetro rigato per il lancio della sua nuova collezione di fragranze esclusive. I barattoli sono decorati con una finitura satinata, un logo in rilievo appena visibile sul fondo e motivi serigrafati minimalisti che richiamano la storia della fragranza.<\/p>\n<p>Dopo aver adottato questa confezione, il marchio ha rivelato che l&#039;attrattiva dei propri prodotti sugli scaffali dei negozi \u00e8 aumentata del 35% e anche il valore percepito dei prodotti ha registrato un aumento significativo, il che ha portato a un aumento del 30% degli ordini ripetuti dai distributori.<\/p>\n<h2>Le tue opzioni di personalizzazione<\/h2>\n<ol>\n<li><strong>Finiture superficiali:<\/strong> Seleziona la finitura della superficie tra trasparente, satinata, acidata, acidata o semi-opaca per abbinarla a vari concetti di fragranza e stili di interni.<\/li>\n<li><strong>Serigrafia, Serigrafia:<\/strong> Applica motivi semplici, nomi di profumi o icone di utilizzo direttamente sul vetro per ottenere un aspetto ordinato, senza etichette e senza fronzoli.<\/li>\n<li><strong>Opzioni di abbinamento del coperchio:<\/strong> \u00c8 possibile abbinare il barattolo a coperchi in legno, metallo o vetro con finiture diverse per creare diverse linee di prodotti partendo dallo stesso stampo.<\/li>\n<\/ol>","protected":false},"excerpt":{"rendered":"<p>Barattoli per candele in vetro con pareti scanalate e base rialzata. Fornitura diretta dalla fabbrica, ideale per i marchi che necessitano di barattoli per candele personalizzati e ordini all&#039;ingrosso.<\/p>","protected":false},"featured_media":5213,"template":"","meta":{"postBodyCss":"","postBodyMargin":[],"postBodyPadding":[],"postBodyBackground":{"backgroundType":"classic","gradient":""}},"product_brand":[],"product_cat":[15,82,17],"product_tag":[],"class_list":{"0":"post-5160","1":"product","2":"type-product","3":"status-publish","4":"has-post-thumbnail","6":"product_cat-glass-containers","7":"product_cat-candle-jars","8":"product_cat-glass-jars","10":"first","11":"instock","12":"shipping-taxable","13":"product-type-simple"},"jetpack_sharing_enabled":true,"_links":{"self":[{"href":"https:\/\/minghanggroup.com\/it\/wp-json\/wp\/v2\/product\/5160","targetHints":{"allow":["GET"]}}],"collection":[{"href":"https:\/\/minghanggroup.com\/it\/wp-json\/wp\/v2\/product"}],"about":[{"href":"https:\/\/minghanggroup.com\/it\/wp-json\/wp\/v2\/types\/product"}],"wp:featuredmedia":[{"embeddable":true,"href":"https:\/\/minghanggroup.com\/it\/wp-json\/wp\/v2\/media\/5213"}],"wp:attachment":[{"href":"https:\/\/minghanggroup.com\/it\/wp-json\/wp\/v2\/media?parent=5160"}],"wp:term":[{"taxonomy":"product_brand","embeddable":true,"href":"https:\/\/minghanggroup.com\/it\/wp-json\/wp\/v2\/product_brand?post=5160"},{"taxonomy":"product_cat","embeddable":true,"href":"https:\/\/minghanggroup.com\/it\/wp-json\/wp\/v2\/product_cat?post=5160"},{"taxonomy":"product_tag","embeddable":true,"href":"https:\/\/minghanggroup.com\/it\/wp-json\/wp\/v2\/product_tag?post=5160"}],"curies":[{"name":"wp","href":"https:\/\/api.w.org\/{rel}","templated":true}]}}