{"id":5155,"date":"2026-01-23T13:12:52","date_gmt":"2026-01-23T05:12:52","guid":{"rendered":"https:\/\/minghanggroup.com\/?post_type=product&#038;p=5155"},"modified":"2026-01-23T16:51:05","modified_gmt":"2026-01-23T08:51:05","slug":"small-clear-candle-jars-with-thick-base-wholesale","status":"publish","type":"product","link":"https:\/\/minghanggroup.com\/it\/prodotto\/small-clear-candle-jars-with-thick-base-wholesale\/","title":{"rendered":"Barattoli per candele trasparenti da 35 ml con base spessa all&#039;ingrosso"},"content":{"rendered":"<p>Questi piccoli barattoli di vetro per candele sono progettati con una forma cilindrica semplice e bassa, con un fondo robusto e spesso per garantire ulteriore stabilit\u00e0.<\/p>\n<h2>Caratteristiche del prodotto<\/h2>\n<ul>\n<li><strong>Design cilindrico piccolo e stabile:<\/strong> La struttura \u00e8 robusta con una base solida che ne impedisce il ribaltamento nonostante le dimensioni ridotte.<\/li>\n<li><strong>Piccola capacit\u00e0 da 35 ml:<\/strong> Il formato da 35 ml \u00e8 ideale per conservare candele da t\u00e8, candele profumate, candele campione o piccole candele decorative.<\/li>\n<li><strong>Forma della base robusta e ispessita:<\/strong> Il fondo rinforzato conferisce al portacandele un aspetto e una sensazione di elevata qualit\u00e0 e peso.<\/li>\n<\/ul>\n<h2 style=\"text-align: left;\">Specifiche chiave<\/h2>\n<table class=\"aligncenter\" style=\"border-collapse: collapse; width: 401.27pt;\" border=\"0\" width=\"535\" cellspacing=\"0\" cellpadding=\"0\">\n<tbody>\n<tr style=\"height: 13.50pt;\">\n<td style=\"height: 13.50pt; width: 120.75pt;\" width=\"161\" height=\"18\">Specifica<\/td>\n<td style=\"width: 280.50pt;\" width=\"374\">Dettagli<\/td>\n<\/tr>\n<tr style=\"height: 13.50pt;\">\n<td style=\"height: 13.50pt;\" height=\"18\">Capacit\u00e0<\/td>\n<td>35 ml<\/td>\n<\/tr>\n<tr style=\"height: 13.50pt;\">\n<td style=\"height: 13.50pt;\" height=\"18\">Dimensioni<\/td>\n<td>52\u00d748\u00d734mm<\/td>\n<\/tr>\n<tr style=\"height: 13.50pt;\">\n<td style=\"height: 13.50pt;\" height=\"18\">Materiale<\/td>\n<td>Vetro trasparente<\/td>\n<\/tr>\n<tr style=\"height: 13.50pt;\">\n<td style=\"height: 13.50pt;\" height=\"18\">Forma del barattolo<\/td>\n<td>Cilindro corto, a lati dritti e con base spessa<\/td>\n<\/tr>\n<tr style=\"height: 13.50pt;\">\n<td style=\"height: 13.50pt;\" height=\"18\">Ambito di personalizzazione<\/td>\n<td>Colore, dimensioni, coperchi, finitura<\/td>\n<\/tr>\n<tr style=\"height: 13.50pt;\">\n<td style=\"height: 13.50pt;\" height=\"18\">Scopo del prodotto<\/td>\n<td>Piccoli barattoli di vetro per candele, barattoli di cera fusa<\/td>\n<\/tr>\n<tr style=\"height: 13.50pt;\">\n<td style=\"height: 13.50pt;\" height=\"18\">Industrie adatte<\/td>\n<td>Produttori di candele artigianali, fornitori di regali<\/td>\n<\/tr>\n<\/tbody>\n<\/table>\n<h2>Storia di successo: forniture per le camere degli ospiti di una catena alberghiera canadese<\/h2>\n<p>Una catena alberghiera canadese aveva richiesto di sostituire le candele da t\u00e8 nelle camere degli ospiti. Avevano i nostri piccoli barattoli in vetro trasparente da 35 ml, con finitura satinata e fondo leggermente inciso con il marchio. La luce della candela veniva diffusa perfettamente grazie al vetro satinato, che aggiungeva un ulteriore 40% di valore al prodotto. Questo rendeva la base pi\u00f9 spessa per conferirgli stabilit\u00e0 e il tasso di rottura si riduceva del 95%. \u00c8 sulla base di questo enorme successo che l&#039;hotel ha fatto un ulteriore passo avanti ordinando 500.000 barattoli per rifornire tutti i suoi hotel nei prossimi due anni.<\/p>\n<h2>Personalizzazione di piccoli barattoli trasparenti per candele<\/h2>\n<ul>\n<li>Colori degli occhiali: sono disponibili trasparenti, grigio tenue, ambra o altri colori tenui.<\/li>\n<li>Informazioni sulla goffratura: aggiungere disegni o loghi testurizzati sul fondo del barattolo.<\/li>\n<li>Serigrafia: stampa loghi, disegni o etichette semplici sul vetro.<\/li>\n<li>Incisione laser: incidere il nome del marchio, i simboli o il numero di lotto sulla parte inferiore del barattolo.<\/li>\n<\/ul>","protected":false},"excerpt":{"rendered":"<p>Semplici barattoli trasparenti per candele con fondo spesso, ideali per candele profumate e decorazioni da tavola. Piccoli barattoli in vetro di alta qualit\u00e0 con spedizione rapida in tutto il mondo.<\/p>","protected":false},"featured_media":5223,"template":"","meta":{"postBodyCss":"","postBodyMargin":[],"postBodyPadding":[],"postBodyBackground":{"backgroundType":"classic","gradient":""}},"product_brand":[],"product_cat":[15,82,17],"product_tag":[],"class_list":{"0":"post-5155","1":"product","2":"type-product","3":"status-publish","4":"has-post-thumbnail","6":"product_cat-glass-containers","7":"product_cat-candle-jars","8":"product_cat-glass-jars","10":"first","11":"instock","12":"shipping-taxable","13":"product-type-simple"},"jetpack_sharing_enabled":true,"_links":{"self":[{"href":"https:\/\/minghanggroup.com\/it\/wp-json\/wp\/v2\/product\/5155","targetHints":{"allow":["GET"]}}],"collection":[{"href":"https:\/\/minghanggroup.com\/it\/wp-json\/wp\/v2\/product"}],"about":[{"href":"https:\/\/minghanggroup.com\/it\/wp-json\/wp\/v2\/types\/product"}],"wp:featuredmedia":[{"embeddable":true,"href":"https:\/\/minghanggroup.com\/it\/wp-json\/wp\/v2\/media\/5223"}],"wp:attachment":[{"href":"https:\/\/minghanggroup.com\/it\/wp-json\/wp\/v2\/media?parent=5155"}],"wp:term":[{"taxonomy":"product_brand","embeddable":true,"href":"https:\/\/minghanggroup.com\/it\/wp-json\/wp\/v2\/product_brand?post=5155"},{"taxonomy":"product_cat","embeddable":true,"href":"https:\/\/minghanggroup.com\/it\/wp-json\/wp\/v2\/product_cat?post=5155"},{"taxonomy":"product_tag","embeddable":true,"href":"https:\/\/minghanggroup.com\/it\/wp-json\/wp\/v2\/product_tag?post=5155"}],"curies":[{"name":"wp","href":"https:\/\/api.w.org\/{rel}","templated":true}]}}