{"id":5150,"date":"2026-01-23T13:45:56","date_gmt":"2026-01-23T05:45:56","guid":{"rendered":"https:\/\/minghanggroup.com\/?post_type=product&#038;p=5150"},"modified":"2026-03-02T13:47:52","modified_gmt":"2026-03-02T05:47:52","slug":"empty-candle-jars-with-lids-bulk-candle-jar-suppliers","status":"publish","type":"product","link":"https:\/\/minghanggroup.com\/it\/prodotto\/empty-candle-jars-with-lids-bulk-candle-jar-suppliers\/","title":{"rendered":"210ml 390ml Empty Candle Jars with Lids for Packaging Bulk"},"content":{"rendered":"<p>I tuoi barattoli di candele vuoti con coperchio non dovrebbero restare vuoti: dovrebbero diventare un&#039;opera d&#039;arte sulla scrivania una volta finiti. Come fornitori di barattoli di candele specializzati in contenitori di lusso per candele, realizziamo barattoli di vetro per candele che trasformeranno la tua linea di candele all&#039;ingrosso nel prodotto preferito dai clienti.<\/p>\n<h2>Caratteristiche del prodotto<\/h2>\n<ul>\n<li><strong>Ciondolo Campanella d&#039;Oro:<\/strong> Il design a cupola cattura sapientemente la luce della candela, dando l&#039;impressione di un giardino segreto e valorizzando all&#039;istante l&#039;arredamento sofisticato della tua candela profumata.<\/li>\n<li><strong>Coperchio in vetro sicuro:<\/strong> Il coperchio in vetro viene sollevato dall&#039;anello superiore ed \u00e8 anche antipolvere e anti-rovesciamento, rendendo il contenitore per candele robusto e durevole, pur esponendo materiali di alta qualit\u00e0.<\/li>\n<li><strong>Posta, Arte delle candele:<\/strong> \u00c8 possibile riutilizzare il contenitore vuoto delle candele come portaoggetti, il che non solo favorisce l&#039;azzeramento degli sprechi ma aggiunge anche un tocco di stile.<\/li>\n<\/ul>\n<h2>Specifiche chiave<\/h2>\n<p>&nbsp;<\/p>\n<table style=\"border-collapse: collapse; width: 80%; margin-left: auto; margin-right: auto;\" border=\"0\" width=\"216\" cellspacing=\"0\" cellpadding=\"0\">\n<tbody>\n<tr style=\"height: 13.50pt;\">\n<td class=\"et2\" style=\"height: 13.5pt; width: 54pt; text-align: center;\" width=\"72\" height=\"18\">Capacit\u00e0<\/td>\n<td style=\"width: 54pt; text-align: center;\" width=\"72\">Dimensioni (mm)<\/td>\n<td style=\"width: 54pt; text-align: center;\" width=\"72\">Colore<\/td>\n<\/tr>\n<tr style=\"height: 13.50pt;\">\n<td class=\"et3\" style=\"height: 27pt; text-align: center;\" rowspan=\"2\" height=\"36\">210 ml<\/td>\n<td style=\"text-align: center;\">Tall:\u00a0 84 * 89 * 112<\/td>\n<td class=\"et3\" style=\"text-align: center;\" rowspan=\"4\">Cancella\/personalizzato<\/td>\n<\/tr>\n<tr style=\"height: 13.50pt;\">\n<td style=\"text-align: center;\">Short:\u00a0 72 * 89 * 79<\/td>\n<\/tr>\n<tr style=\"height: 13.50pt;\">\n<td class=\"et3\" style=\"height: 27pt; text-align: center;\" rowspan=\"2\" height=\"36\">390ml<\/td>\n<td style=\"text-align: center;\">Tall: 101 * 107 * 130<\/td>\n<\/tr>\n<tr style=\"height: 13.50pt;\">\n<td style=\"text-align: center;\">Short: 86 * 108 * 88<\/td>\n<\/tr>\n<\/tbody>\n<\/table>\n<h2>Caso di successo<\/h2>\n<p>Un&#039;azienda di profumi per la casa di lusso ha scelto i nostri portacandele in vetro a campana e ne ha personalizzato la base con un elegante logo in rilievo. Il lato in vetro aveva una delicata finitura satinata e, sul fondo, c&#039;era solo un logo serigrafato.<\/p>\n<p>Dopo il lancio del prodotto, il valore medio degli ordini \u00e8 aumentato del 35% e anche il tasso di riacquisto ha registrato un miglioramento significativo. L&#039;insolita forma a campana in vetro non solo attrae i clienti, ma protegge anche le candele dallo sporco durante l&#039;esposizione e la conservazione, riducendo di oltre il 30% i reclami relativi alle macchie superficiali.<\/p>\n<h2>Le tue opzioni di personalizzazione<\/h2>\n<ol>\n<li><strong>Personalizzazione del logo in rilievo o in rilievo:<\/strong> Aggiungi un logo in rilievo, uno slogan del marchio o anche un disegno sul corpo della tazza o vicino alla base per aumentare la notoriet\u00e0 del marchio e mantenere comunque la qualit\u00e0 della tazza per candele a forma di campana.<\/li>\n<li><strong>Miglioramenti della finitura superficiale: <\/strong>Possiamo supportare trattamenti satinati, semi-satinati, satinati o sabbiati in aree specifiche e, se abbinati a una copertura in vetro trasparente, producono un effetto di contrasto e rendono l&#039;aspetto generale pi\u00f9 attraente.<\/li>\n<li><strong>Decorazione con stampa serigrafica e stampa a caldo: <\/strong>I motivi possono essere serigrafati, le linee possono essere stampate a caldo\/argentate, oppure si pu\u00f2 utilizzare un testo minimalista sul corpo della tazza o sul coperchio. \u00c8 un tocco molto gradevole per una serie di prodotti per aromaterapia o per confezioni regalo di alta qualit\u00e0.<\/li>\n<\/ol>","protected":false},"excerpt":{"rendered":"<p>Eleganti design in vetro realizzati da fornitori di barattoli per candele, con barattoli vuoti con coperchio. Prodotti direttamente dalla fabbrica, campioni gratuiti e personalizzazione flessibile in grandi quantit\u00e0 per i marchi.<\/p>","protected":false},"featured_media":5159,"template":"","meta":{"postBodyCss":"","postBodyMargin":[],"postBodyPadding":[],"postBodyBackground":{"backgroundType":"classic","gradient":""}},"product_brand":[],"product_cat":[15,82,17],"product_tag":[94],"class_list":{"0":"post-5150","1":"product","2":"type-product","3":"status-publish","4":"has-post-thumbnail","6":"product_cat-glass-containers","7":"product_cat-candle-jars","8":"product_cat-glass-jars","9":"product_tag-glass-decoration-bottles","11":"first","12":"instock","13":"shipping-taxable","14":"product-type-simple"},"jetpack_sharing_enabled":true,"_links":{"self":[{"href":"https:\/\/minghanggroup.com\/it\/wp-json\/wp\/v2\/product\/5150","targetHints":{"allow":["GET"]}}],"collection":[{"href":"https:\/\/minghanggroup.com\/it\/wp-json\/wp\/v2\/product"}],"about":[{"href":"https:\/\/minghanggroup.com\/it\/wp-json\/wp\/v2\/types\/product"}],"wp:featuredmedia":[{"embeddable":true,"href":"https:\/\/minghanggroup.com\/it\/wp-json\/wp\/v2\/media\/5159"}],"wp:attachment":[{"href":"https:\/\/minghanggroup.com\/it\/wp-json\/wp\/v2\/media?parent=5150"}],"wp:term":[{"taxonomy":"product_brand","embeddable":true,"href":"https:\/\/minghanggroup.com\/it\/wp-json\/wp\/v2\/product_brand?post=5150"},{"taxonomy":"product_cat","embeddable":true,"href":"https:\/\/minghanggroup.com\/it\/wp-json\/wp\/v2\/product_cat?post=5150"},{"taxonomy":"product_tag","embeddable":true,"href":"https:\/\/minghanggroup.com\/it\/wp-json\/wp\/v2\/product_tag?post=5150"}],"curies":[{"name":"wp","href":"https:\/\/api.w.org\/{rel}","templated":true}]}}