{"id":5149,"date":"2026-01-23T11:34:39","date_gmt":"2026-01-23T03:34:39","guid":{"rendered":"https:\/\/minghanggroup.com\/?post_type=product&#038;p=5149"},"modified":"2026-01-23T13:10:52","modified_gmt":"2026-01-23T05:10:52","slug":"clear-large-glass-containers-for-candles-wholesale","status":"publish","type":"product","link":"https:\/\/minghanggroup.com\/it\/prodotto\/clear-large-glass-containers-for-candles-wholesale\/","title":{"rendered":"Contenitori in vetro trasparente da 275 ml per candele all&#039;ingrosso"},"content":{"rendered":"<p>Questi contenitori in vetro per candele sono progettati a forma di cilindro corto e robusto, con un&#039;ampia apertura in cui \u00e8 possibile versare facilmente la cera. Ogni barattolo \u00e8 un oggetto decorativo privato e pratico, la cui stabilit\u00e0 \u00e8 garantita dalla presenza di un fondo spesso e resistente.<\/p>\n<h2>Caratteristiche del prodotto<\/h2>\n<ul>\n<li><strong>Base stabile, ispessita:<\/strong> Grazie alla base ispessita, il peso del barattolo aumenta notevolmente e quindi non si ribalter\u00e0 nemmeno quando si usano candele di grandi dimensioni.<\/li>\n<li><strong>Design cilindrico semplice a parete dritta:<\/strong> Il design cilindrico semplice \u00e8 versatile, facile da etichettare e ha un&#039;elevata capacit\u00e0.<\/li>\n<li><strong>Grande capacit\u00e0 275 ml:<\/strong> Vale la pena avere una capacit\u00e0 di 275 ml poich\u00e9 ha la capacit\u00e0 maggiore di contenere candele grandi e lunghe.<\/li>\n<\/ul>\n<h2 style=\"text-align: left;\">Specifiche chiave<\/h2>\n<table class=\"aligncenter\" style=\"border-collapse: collapse; width: 378.77pt;\" border=\"0\" width=\"505\" cellspacing=\"0\" cellpadding=\"0\">\n<tbody>\n<tr style=\"height: 13.50pt;\">\n<td style=\"height: 13.50pt; width: 120.75pt;\" width=\"161\" height=\"18\">Specifica<\/td>\n<td style=\"width: 258.00pt;\" width=\"344\">Dettagli<\/td>\n<\/tr>\n<tr style=\"height: 13.50pt;\">\n<td style=\"height: 13.50pt;\" height=\"18\">Capacit\u00e0<\/td>\n<td>275 ml<\/td>\n<\/tr>\n<tr style=\"height: 13.50pt;\">\n<td style=\"height: 13.50pt;\" height=\"18\">Dimensioni<\/td>\n<td>85\u00d780mm<\/td>\n<\/tr>\n<tr style=\"height: 13.50pt;\">\n<td style=\"height: 13.50pt;\" height=\"18\">Materiale<\/td>\n<td>Vetro trasparente resistente<\/td>\n<\/tr>\n<tr style=\"height: 13.50pt;\">\n<td style=\"height: 13.50pt;\" height=\"18\">Forma del barattolo<\/td>\n<td>Cilindro a lati dritti con base ispessita<\/td>\n<\/tr>\n<tr style=\"height: 13.50pt;\">\n<td style=\"height: 13.50pt;\" height=\"18\">Ambito di personalizzazione<\/td>\n<td>Colore, dimensione, goffratura, serigrafia<\/td>\n<\/tr>\n<tr style=\"height: 13.50pt;\">\n<td style=\"height: 13.50pt;\" height=\"18\">Artigianato<\/td>\n<td>Formatura del vetro resistente a base pesante<\/td>\n<\/tr>\n<tr style=\"height: 13.50pt;\">\n<td style=\"height: 13.50pt;\" height=\"18\">Scopo del prodotto<\/td>\n<td>Grandi barattoli per candele, contenitori per candele di servizio<\/td>\n<\/tr>\n<tr style=\"height: 13.50pt;\">\n<td style=\"height: 13.50pt;\" height=\"18\">Industrie adatte<\/td>\n<td>Produttori di candele, grandi rivenditori<\/td>\n<\/tr>\n<\/tbody>\n<\/table>\n<h2>Storia di successo: uno dei pi\u00f9 grandi servizi di abbonamento a candele degli Stati Uniti<\/h2>\n<p>Una delle pi\u00f9 grandi aziende di candele profumate degli Stati Uniti era abbonata mensilmente ai nostri grandi barattoli di candele. Hanno modificato un grigio chiaro e gelido, di natura morbida. La superficie grigia vellutata si adatta perfettamente alla loro immagine semplice del marchio. La sensazione di pregio del barattolo, dovuta al peso, \u00e8 una delle preferite dai clienti. Questo barattolo di candele \u00e8 stato il loro regalo pi\u00f9 venduto e ha portato a un aumento delle vendite di candele del 300% su base annua. Sulla scia del successo, hanno recentemente inoltrato un&#039;altra richiesta di 350.000 barattoli di candele per soddisfare la domanda di tutti i negozi entro due anni.<\/p>\n<h2>Personalizzazione di grandi barattoli di candele<\/h2>\n<ul>\n<li>Incisione laser: incidere segretamente numeri di lotto, nomi di marchi o linee ornamentali sui barattoli di vetro.<\/li>\n<li>Finitura personalizzata per unghie: scegli tra un bordo liscio lucidato a fuoco o un bordo perlato specifico.<\/li>\n<li>Rivestimento interno: verr\u00e0 applicato un rivestimento interno colorato o perlescente per conferire un effetto visivo distintivo.<\/li>\n<li>Regolazione dello spessore della base: regolare lo spessore della base in base alle esigenze di peso\/sensazione.<\/li>\n<\/ul>","protected":false},"excerpt":{"rendered":"<p>Contenitori in vetro minimalisti per candele con fondo spesso, adatti per l&#039;arredamento della casa e la produzione di candele. Disponibili all&#039;ingrosso anche durevoli barattoli per candele di grandi dimensioni.<\/p>","protected":false},"featured_media":5152,"template":"","meta":{"postBodyCss":"","postBodyMargin":[],"postBodyPadding":[],"postBodyBackground":{"backgroundType":"classic","gradient":""}},"product_brand":[],"product_cat":[15,82,17],"product_tag":[],"class_list":{"0":"post-5149","1":"product","2":"type-product","3":"status-publish","4":"has-post-thumbnail","6":"product_cat-glass-containers","7":"product_cat-candle-jars","8":"product_cat-glass-jars","10":"first","11":"instock","12":"shipping-taxable","13":"product-type-simple"},"jetpack_sharing_enabled":true,"_links":{"self":[{"href":"https:\/\/minghanggroup.com\/it\/wp-json\/wp\/v2\/product\/5149","targetHints":{"allow":["GET"]}}],"collection":[{"href":"https:\/\/minghanggroup.com\/it\/wp-json\/wp\/v2\/product"}],"about":[{"href":"https:\/\/minghanggroup.com\/it\/wp-json\/wp\/v2\/types\/product"}],"wp:featuredmedia":[{"embeddable":true,"href":"https:\/\/minghanggroup.com\/it\/wp-json\/wp\/v2\/media\/5152"}],"wp:attachment":[{"href":"https:\/\/minghanggroup.com\/it\/wp-json\/wp\/v2\/media?parent=5149"}],"wp:term":[{"taxonomy":"product_brand","embeddable":true,"href":"https:\/\/minghanggroup.com\/it\/wp-json\/wp\/v2\/product_brand?post=5149"},{"taxonomy":"product_cat","embeddable":true,"href":"https:\/\/minghanggroup.com\/it\/wp-json\/wp\/v2\/product_cat?post=5149"},{"taxonomy":"product_tag","embeddable":true,"href":"https:\/\/minghanggroup.com\/it\/wp-json\/wp\/v2\/product_tag?post=5149"}],"curies":[{"name":"wp","href":"https:\/\/api.w.org\/{rel}","templated":true}]}}