{"id":5134,"date":"2026-01-23T10:09:57","date_gmt":"2026-01-23T02:09:57","guid":{"rendered":"https:\/\/minghanggroup.com\/?post_type=product&#038;p=5134"},"modified":"2026-01-23T10:09:59","modified_gmt":"2026-01-23T02:09:59","slug":"glass-unique-candle-jars-with-embossed-design-for-brand-bulk","status":"publish","type":"product","link":"https:\/\/minghanggroup.com\/it\/prodotto\/glass-unique-candle-jars-with-embossed-design-for-brand-bulk\/","title":{"rendered":"Barattoli di vetro unici per candele da 460 ml con design in rilievo per marchi all&#039;ingrosso"},"content":{"rendered":"<p>I tuoi esclusivi barattoli per candele non dovrebbero contenere solo cera: dovrebbero far brillare il tuo negozio come un giardino segreto. Come specialisti all&#039;ingrosso di barattoli per candele in vetro, realizziamo contenitori per candele di lusso che trasformeranno la tua linea di candele all&#039;ingrosso in un must-have per i clienti.<\/p>\n<h2>Caratteristiche del prodotto<\/h2>\n<ul>\n<li><strong>Stile del modello:<\/strong> Il motivo a nido d&#039;ape ha un aspetto molto contemporaneo, mentre quello a foglia di palma ha un aspetto pi\u00f9 rustico, e il tuo portacandele racconta una storia che \u00e8 unicamente tua.<\/li>\n<li><strong>Base stabile:<\/strong> Il design della base rialzata garantisce la perfetta stabilit\u00e0 del portacandele anche su un tavolo in marmo. Il tuo portacandele non \u00e8 solo robusto e durevole, ma anche di qualit\u00e0 eccezionale.<\/li>\n<li><strong>Cristallino:<\/strong> Il vetro trasparente consente di vedere tutti i colori dell&#039;olio aromaterapico in modo molto chiaro, senza effetti sfocati o filtranti.<\/li>\n<\/ul>\n<h2>Specifiche chiave<\/h2>\n<table style=\"border-collapse: collapse; width: 80%; margin-left: auto; margin-right: auto;\" border=\"0\" width=\"288\" cellspacing=\"0\" cellpadding=\"0\">\n<tbody>\n<tr style=\"height: 13.50pt;\">\n<td style=\"height: 13.5pt; width: 54pt; text-align: center;\" width=\"72\" height=\"18\">Misurare<\/td>\n<td style=\"width: 54pt; text-align: center;\" width=\"72\">Dimensioni (mm)<\/td>\n<td style=\"width: 54pt; text-align: center;\" width=\"72\">Modelli disponibili<\/td>\n<td style=\"width: 54pt; text-align: center;\" width=\"72\">Colore<\/td>\n<\/tr>\n<tr style=\"height: 13.50pt;\">\n<td style=\"height: 13.5pt; text-align: center;\" height=\"18\">460 ml<\/td>\n<td style=\"text-align: center;\">67 \u00d7 85 \u00d7 130<\/td>\n<td style=\"text-align: center;\">Palma, Mosaico, Nido d&#039;ape, Monete, Punti, Ventaglio<\/td>\n<td style=\"text-align: center;\">Cancella\/personalizzato<\/td>\n<\/tr>\n<\/tbody>\n<\/table>\n<h2>Caso di successo<\/h2>\n<p>Un marchio nordamericano di aromaterapia di alta gamma ha scelto i nostri esclusivi barattoli per candele come packaging principale per la sua nuova gamma di prodotti. Il cliente ha modificato in modo originale vari motivi in \u200b\u200brilievo, ha scelto una finitura sabbiata opaca con accenti lucidi a contrasto, ha applicato il logo del marchio sul fondo e ha ordinato diverse combinazioni di capacit\u00e0.<\/p>\n<p>Nei primi tre mesi successivi al lancio del prodotto, i &#034;barattoli testurizzati in edizione limitata&#034; si sono trasformati in un prodotto di successo e di successo. Il cliente \u00e8 tornato per un secondo ordine all&#039;ingrosso appena tre mesi dopo il primo, con una quantit\u00e0 superiore del 45% rispetto all&#039;ordine iniziale.<\/p>\n<h2>Le tue opzioni di personalizzazione<\/h2>\n<ol>\n<li><strong>Opzioni di finitura superficiale:<\/strong> Supporta processi misti come sabbiatura + aree lucidate, verniciatura interna + trasparenza esterna, per migliorare l&#039;estetica del display.<\/li>\n<li><strong>Coperchi personalizzabili:<\/strong> Il prodotto \u00e8 disponibile con coperchi in legno, vetro o metallo e supporta anche la personalizzazione tramite colori, incisioni o loghi incisi al laser.<\/li>\n<li><strong>Marchio inferiore:<\/strong> Il nome del marchio, la capacit\u00e0 o l&#039;origine delle informazioni possono essere impressi sul fondo della tazza, conferendole cos\u00ec un aspetto pi\u00f9 professionale e rispettando gli standard per la vendita al dettaglio.<\/li>\n<\/ol>","protected":false},"excerpt":{"rendered":"<p>Scopri i nostri esclusivi barattoli per candele dalle texture ricche, ideali per le collezioni dei tuoi brand. Vendita all&#039;ingrosso di barattoli per candele in vetro, direttamente dalla fabbrica, con spedizione rapida.<\/p>","protected":false},"featured_media":5143,"template":"","meta":{"postBodyCss":"","postBodyMargin":[],"postBodyPadding":[],"postBodyBackground":{"backgroundType":"classic","gradient":""}},"product_brand":[],"product_cat":[15,82,17],"product_tag":[],"class_list":{"0":"post-5134","1":"product","2":"type-product","3":"status-publish","4":"has-post-thumbnail","6":"product_cat-glass-containers","7":"product_cat-candle-jars","8":"product_cat-glass-jars","10":"first","11":"instock","12":"shipping-taxable","13":"product-type-simple"},"jetpack_sharing_enabled":true,"_links":{"self":[{"href":"https:\/\/minghanggroup.com\/it\/wp-json\/wp\/v2\/product\/5134","targetHints":{"allow":["GET"]}}],"collection":[{"href":"https:\/\/minghanggroup.com\/it\/wp-json\/wp\/v2\/product"}],"about":[{"href":"https:\/\/minghanggroup.com\/it\/wp-json\/wp\/v2\/types\/product"}],"wp:featuredmedia":[{"embeddable":true,"href":"https:\/\/minghanggroup.com\/it\/wp-json\/wp\/v2\/media\/5143"}],"wp:attachment":[{"href":"https:\/\/minghanggroup.com\/it\/wp-json\/wp\/v2\/media?parent=5134"}],"wp:term":[{"taxonomy":"product_brand","embeddable":true,"href":"https:\/\/minghanggroup.com\/it\/wp-json\/wp\/v2\/product_brand?post=5134"},{"taxonomy":"product_cat","embeddable":true,"href":"https:\/\/minghanggroup.com\/it\/wp-json\/wp\/v2\/product_cat?post=5134"},{"taxonomy":"product_tag","embeddable":true,"href":"https:\/\/minghanggroup.com\/it\/wp-json\/wp\/v2\/product_tag?post=5134"}],"curies":[{"name":"wp","href":"https:\/\/api.w.org\/{rel}","templated":true}]}}