{"id":5105,"date":"2026-01-22T15:58:16","date_gmt":"2026-01-22T07:58:16","guid":{"rendered":"https:\/\/minghanggroup.com\/?post_type=product&#038;p=5105"},"modified":"2026-01-22T16:51:00","modified_gmt":"2026-01-22T08:51:00","slug":"frosted-glass-candle-containers-with-lids-wholesale","status":"publish","type":"product","link":"https:\/\/minghanggroup.com\/it\/prodotto\/frosted-glass-candle-containers-with-lids-wholesale\/","title":{"rendered":"Contenitori per candele in vetro smerigliato da 80 ml e 95 ml con coperchi all&#039;ingrosso"},"content":{"rendered":"<p>I tuoi contenitori per candele con coperchio non dovrebbero contenere solo cera: dovrebbero rendere il tuo negozio il posto preferito dai clienti. Come specialisti in barattoli per candele smerigliati, realizziamo confezioni in vetro che trasformeranno la tua linea di candele all&#039;ingrosso nel prodotto preferito dai clienti.<\/p>\n<h2>Caratteristiche del prodotto<\/h2>\n<ul>\n<li><strong>Finitura morbida e satinata:<\/strong> Una texture satinata diffonde la luce delle candele in modo molto delicato e simile al chiaro di luna, in questo modo la sensazione di intimit\u00e0 della fragranza per la tua casa viene immediatamente migliorata.<\/li>\n<li><strong>Coperchio sicuro:<\/strong> Un coperchio in legno che si adatta perfettamente, impedendo cos\u00ec la fuoriuscita di cera e l&#039;accumulo di polvere. Il tuo contenitore per candele \u00e8 robusto, durevole e di altissima qualit\u00e0.<\/li>\n<li><strong>Design cilindrico semplice:<\/strong> L&#039;intramontabile forma cilindrica \u00e8 ideale per lo stile minimalista scandinavo e pu\u00f2 essere impreziosita con etichette o stampe per esprimere un look sofisticato.<\/li>\n<\/ul>\n<h2>Specifiche chiave<\/h2>\n<table style=\"border-collapse: collapse; width: 80%; margin-left: auto; margin-right: auto;\" border=\"0\" width=\"288\" cellspacing=\"0\" cellpadding=\"0\">\n<tbody>\n<tr style=\"height: 13.50pt;\">\n<td style=\"height: 13.5pt; width: 54pt; text-align: center;\" width=\"72\" height=\"18\">Dimensioni (ml)<\/td>\n<td style=\"width: 54pt; text-align: center;\" width=\"72\">Dimensioni (mm)<\/td>\n<td style=\"width: 54pt; text-align: center;\" width=\"72\">Tipo di coperchio<\/td>\n<td style=\"width: 54pt; text-align: center;\" width=\"72\">Colore<\/td>\n<\/tr>\n<tr style=\"height: 13.50pt;\">\n<td style=\"height: 13.5pt; text-align: center;\" align=\"right\" height=\"18\">80<\/td>\n<td style=\"text-align: center;\">52 \u00d7 45 \u00d7 62<\/td>\n<td class=\"et2\" style=\"text-align: center;\" rowspan=\"2\">Plastica o legno<\/td>\n<td class=\"et2\" style=\"text-align: center;\" rowspan=\"2\">Satinato o personalizzato<\/td>\n<\/tr>\n<tr style=\"height: 13.50pt;\">\n<td style=\"height: 13.5pt; text-align: center;\" align=\"right\" height=\"18\">95<\/td>\n<td style=\"text-align: center;\">56 \u00d7 47 \u00d7 66<\/td>\n<\/tr>\n<\/tbody>\n<\/table>\n<h2>Caso di successo<\/h2>\n<p>Un marchio nordamericano di aromaterapia ha scelto il nostro portacandele in vetro smerigliato come packaging principale per la sua nuova linea di prodotti. Il portacandele presenta un logo serigrafato in seta bianca, mentre il coperchio \u00e8 realizzato in legno naturale e inciso con la storia del marchio, garantendone la riconoscibilit\u00e0 sia a candela accesa che spenta.<\/p>\n<p>Dopo il lancio, le vendite di questa serie sono aumentate di circa il 42% in tre mesi, il che ha portato a un aumento degli ordini di versioni personalizzate in varie dimensioni per ampliare le linee di prodotti per le vacanze e gli abbonamenti.<\/p>\n<h2>Le tue opzioni di personalizzazione<\/h2>\n<ol>\n<li><strong>Materiale e struttura del coperchio migliorati: <\/strong>I nostri coperchi sono strutturalmente progettati per supportare una variet\u00e0 di opzioni di legno come bamb\u00f9, faggio e quercia e possono anche essere dotati di un anello di tenuta in silicone per renderli pi\u00f9 ermetici e quindi trattenere pi\u00f9 aroma.<\/li>\n<li><strong>Branding personalizzabile del corpo della tazza: <\/strong>Il corpo della tazza pu\u00f2 essere decorato con serigrafia, stampa a caldo (oro o argento) o spruzzatura parziale. Il posizionamento e le dimensioni del logo possono essere regolati in modo molto flessibile in base alle esigenze espositive.<\/li>\n<li><strong>Opzioni di imballaggio e combinazione corrispondenti: <\/strong>\u00c8 possibile abbinare una scatola colorata personalizzata con un vassoio interno ecologico o una confezione regalo. Questo la rende ideale per la vendita al dettaglio del marchio o per la promozione diretta durante le festivit\u00e0.<\/li>\n<\/ol>","protected":false},"excerpt":{"rendered":"<p>Barattoli per candele smerigliati, progettati per confezioni di candele di alta qualit\u00e0. Questi contenitori per candele con coperchio supportano la fornitura diretta dalla fabbrica e la personalizzazione selettiva di grandi quantit\u00e0.<\/p>","protected":false},"featured_media":5116,"template":"","meta":{"postBodyCss":"","postBodyMargin":[],"postBodyPadding":[],"postBodyBackground":{"backgroundType":"classic","gradient":""}},"product_brand":[],"product_cat":[15,82,17],"product_tag":[],"class_list":{"0":"post-5105","1":"product","2":"type-product","3":"status-publish","4":"has-post-thumbnail","6":"product_cat-glass-containers","7":"product_cat-candle-jars","8":"product_cat-glass-jars","10":"first","11":"instock","12":"shipping-taxable","13":"product-type-simple"},"jetpack_sharing_enabled":true,"_links":{"self":[{"href":"https:\/\/minghanggroup.com\/it\/wp-json\/wp\/v2\/product\/5105","targetHints":{"allow":["GET"]}}],"collection":[{"href":"https:\/\/minghanggroup.com\/it\/wp-json\/wp\/v2\/product"}],"about":[{"href":"https:\/\/minghanggroup.com\/it\/wp-json\/wp\/v2\/types\/product"}],"wp:featuredmedia":[{"embeddable":true,"href":"https:\/\/minghanggroup.com\/it\/wp-json\/wp\/v2\/media\/5116"}],"wp:attachment":[{"href":"https:\/\/minghanggroup.com\/it\/wp-json\/wp\/v2\/media?parent=5105"}],"wp:term":[{"taxonomy":"product_brand","embeddable":true,"href":"https:\/\/minghanggroup.com\/it\/wp-json\/wp\/v2\/product_brand?post=5105"},{"taxonomy":"product_cat","embeddable":true,"href":"https:\/\/minghanggroup.com\/it\/wp-json\/wp\/v2\/product_cat?post=5105"},{"taxonomy":"product_tag","embeddable":true,"href":"https:\/\/minghanggroup.com\/it\/wp-json\/wp\/v2\/product_tag?post=5105"}],"curies":[{"name":"wp","href":"https:\/\/api.w.org\/{rel}","templated":true}]}}