{"id":5082,"date":"2026-01-22T14:34:21","date_gmt":"2026-01-22T06:34:21","guid":{"rendered":"https:\/\/minghanggroup.com\/?post_type=product&#038;p=5082"},"modified":"2026-03-02T15:04:55","modified_gmt":"2026-03-02T07:04:55","slug":"textured-clear-glass-empty-candle-jars-bulk","status":"publish","type":"product","link":"https:\/\/minghanggroup.com\/it\/prodotto\/textured-clear-glass-empty-candle-jars-bulk\/","title":{"rendered":"Barattoli per candele vuoti in vetro trasparente testurizzato da 360 ml, sfusi"},"content":{"rendered":"<p>I tuoi barattoli di candele vuoti non dovrebbero restare semplicemente sullo scaffale: dovrebbero diventare i protagonisti della tua esposizione natalizia. Come specialisti nella vendita all&#039;ingrosso di barattoli di candele, realizziamo confezioni in vetro che trasformeranno la tua linea di candele all&#039;ingrosso nel prodotto preferito dai clienti.<\/p>\n<h2>Caratteristiche del prodotto<\/h2>\n<ul>\n<li><strong>Gioco di luci a motivi: <\/strong>I puntini di riso testurizzati diffondono la luce delle candele come polvere di stelle: una fragranza istantanea di lusso per la casa.<\/li>\n<li><strong>Base in vetro robusto: <\/strong>Fondo spesso, non traballa sui tavoli di marmo. Il portacandele \u00e8 robusto e di alta qualit\u00e0.<\/li>\n<li><strong>Arte su tela bianca:<\/strong> I tuoi barattoli di candele vuoti si trasformano in sculture da scrivania: niente sprechi, massimo stile.<\/li>\n<\/ul>\n<h2>Specifiche chiave<\/h2>\n<table style=\"border-collapse: collapse; width: 80%; margin-right: auto; margin-left: auto;\" border=\"0\" width=\"288\" cellspacing=\"0\" cellpadding=\"0\">\n<tbody>\n<tr style=\"height: 13.50pt;\">\n<td style=\"height: 13.5pt; width: 54pt; text-align: center;\" width=\"72\" height=\"18\">Misurare<\/td>\n<td style=\"width: 54pt; text-align: center;\" width=\"72\">Dimensioni (mm)<\/td>\n<td style=\"width: 54pt; text-align: center;\" width=\"72\">Modelli disponibili<\/td>\n<td style=\"width: 54pt; text-align: center;\" width=\"72\">Colore<\/td>\n<\/tr>\n<tr style=\"height: 13.50pt;\">\n<td style=\"height: 13.5pt; text-align: center;\" height=\"18\">360 ml<\/td>\n<td style=\"text-align: center;\">95\u00d795\u00d787<\/td>\n<td style=\"text-align: center;\">Punto di riso, diamante, verticale, goccia d&#039;acqua<\/td>\n<td style=\"text-align: center;\">Trasparente o personalizzato<\/td>\n<\/tr>\n<\/tbody>\n<\/table>\n<h2>Caso di successo<\/h2>\n<p>Un marchio di fragranze per la casa specializzato in candele artigianali in cera di soia ha optato per i nostri barattoli in vetro testurizzato e li ha modificati aggiungendo un elegante logo in rilievo sul fondo. I barattoli presentano un elegante vetro color rosa fum\u00e9 e un semplice design serigrafato che si armonizza perfettamente con la storia della fragranza.<\/p>\n<p>Dopo il lancio della linea di prodotti, il marchio ha registrato una crescita del 45% negli acquisti ripetuti e un netto miglioramento dell&#039;attrattiva sugli scaffali dei suoi concept store. Pertanto, ha deciso di continuare a effettuare ordini all&#039;ingrosso per i successivi trimestri.<\/p>\n<h2>Le tue opzioni di personalizzazione<\/h2>\n<ol>\n<li><strong>Progettazione del logo in rilievo\/a secco:<\/strong> Proponiamo un tocco originale del marchio del distillato, un leggero logo in rilievo sulla parte anteriore o sul fondo della bottiglia che funger\u00e0 da identificazione permanente del marchio.<\/li>\n<li><strong>Opzioni di colore del vetro personalizzate:<\/strong> Oltre al classico vetro trasparente, offriamo la possibilit\u00e0 di scegliere colori personalizzati, come grigio fum\u00e9, ambra, marrone chiaro o qualsiasi altra tonalit\u00e0.<\/li>\n<li><strong>Serigrafia di motivi e testi:<\/strong> Siamo in grado di fornire la stampa serigrafica a uno o pi\u00f9 colori per la stampa di nomi di fragranze, slogan di marchi, ecc., al fine di aumentare la visibilit\u00e0 sugli scaffali.<\/li>\n<\/ol>","protected":false},"excerpt":{"rendered":"<p>Eleganti barattoli per candele in vetro testurizzato, sfusi. Fornitura diretta dalla fabbrica di barattoli per candele vuoti, con finiture personalizzate, campioni gratuiti e produzione all&#039;ingrosso stabile.<\/p>","protected":false},"featured_media":5098,"template":"","meta":{"postBodyCss":"","postBodyMargin":[],"postBodyPadding":[],"postBodyBackground":{"backgroundType":"classic","gradient":""}},"product_brand":[],"product_cat":[15,82,17],"product_tag":[97,96],"class_list":{"0":"post-5082","1":"product","2":"type-product","3":"status-publish","4":"has-post-thumbnail","6":"product_cat-glass-containers","7":"product_cat-candle-jars","8":"product_cat-glass-jars","9":"product_tag-rocks-glass","10":"product_tag-whiskey-tumblers","12":"first","13":"instock","14":"shipping-taxable","15":"product-type-simple"},"jetpack_sharing_enabled":true,"_links":{"self":[{"href":"https:\/\/minghanggroup.com\/it\/wp-json\/wp\/v2\/product\/5082","targetHints":{"allow":["GET"]}}],"collection":[{"href":"https:\/\/minghanggroup.com\/it\/wp-json\/wp\/v2\/product"}],"about":[{"href":"https:\/\/minghanggroup.com\/it\/wp-json\/wp\/v2\/types\/product"}],"wp:featuredmedia":[{"embeddable":true,"href":"https:\/\/minghanggroup.com\/it\/wp-json\/wp\/v2\/media\/5098"}],"wp:attachment":[{"href":"https:\/\/minghanggroup.com\/it\/wp-json\/wp\/v2\/media?parent=5082"}],"wp:term":[{"taxonomy":"product_brand","embeddable":true,"href":"https:\/\/minghanggroup.com\/it\/wp-json\/wp\/v2\/product_brand?post=5082"},{"taxonomy":"product_cat","embeddable":true,"href":"https:\/\/minghanggroup.com\/it\/wp-json\/wp\/v2\/product_cat?post=5082"},{"taxonomy":"product_tag","embeddable":true,"href":"https:\/\/minghanggroup.com\/it\/wp-json\/wp\/v2\/product_tag?post=5082"}],"curies":[{"name":"wp","href":"https:\/\/api.w.org\/{rel}","templated":true}]}}