{"id":4916,"date":"2026-01-21T09:37:40","date_gmt":"2026-01-21T01:37:40","guid":{"rendered":"https:\/\/minghanggroup.com\/?post_type=product&#038;p=4916"},"modified":"2026-01-21T10:57:26","modified_gmt":"2026-01-21T02:57:26","slug":"empty-glass-diffuser-bottles-with-vertical-grooves-bulk","status":"publish","type":"product","link":"https:\/\/minghanggroup.com\/it\/prodotto\/empty-glass-diffuser-bottles-with-vertical-grooves-bulk\/","title":{"rendered":"Flaconi diffusori in vetro vuoti da 120 ml con scanalature verticali sfusi"},"content":{"rendered":"<p>Questi flaconi vuoti per diffusori in vetro hanno una forma cilindrica. Il contenitore in vetro trasparente presenta delle scanalature verticali decorative sulla finitura e il fondo \u00e8 inciso con graziosi motivi. Il design multiplo con collo a vite \u00e8 sia utile che bello.<\/p>\n<h2>Caratteristiche del prodotto<\/h2>\n<ul>\n<li><strong>Corpo a coste verticali:<\/strong> Numerose nervature verticali creano una sottile profondit\u00e0 visiva attraverso la rifrazione della luce, migliorando al contempo la presa.<\/li>\n<li><strong>Tappo a vite multistrato:<\/strong> Il design del tappo a vite multistrato consente una chiusura ermetica per evitare perdite, semplificando al contempo il riempimento e ottenendo cos\u00ec un equilibrio tra praticit\u00e0 e tenuta stagna.<\/li>\n<li><strong>Grande capacit\u00e0 120 ml:<\/strong> Il generoso formato da 120 ml garantisce un rilascio continuo della fragranza per un tempo pi\u00f9 lungo in ambienti di medie e grandi dimensioni.<\/li>\n<\/ul>\n<h2 style=\"text-align: left;\">Specifiche chiave<\/h2>\n<table class=\"aligncenter\" style=\"border-collapse: collapse; width: 426.02pt;\" border=\"0\" width=\"568\" cellspacing=\"0\" cellpadding=\"0\">\n<tbody>\n<tr style=\"height: 13.50pt;\">\n<td style=\"height: 13.50pt; width: 116.25pt;\" width=\"155\" height=\"18\">Specifica<\/td>\n<td style=\"width: 309.75pt;\" width=\"413\">Dettagli<\/td>\n<\/tr>\n<tr style=\"height: 13.50pt;\">\n<td style=\"height: 13.50pt;\" height=\"18\">Capacit\u00e0<\/td>\n<td>120 ml<\/td>\n<\/tr>\n<tr style=\"height: 13.50pt;\">\n<td style=\"height: 13.50pt;\" height=\"18\">Dimensioni<\/td>\n<td>70\u00d781mm<\/td>\n<\/tr>\n<tr style=\"height: 13.50pt;\">\n<td style=\"height: 13.50pt;\" height=\"18\">Diametro del collo interno\/esterno<\/td>\n<td>17 mm \/ 27 mm<\/td>\n<\/tr>\n<tr style=\"height: 13.50pt;\">\n<td style=\"height: 13.50pt;\" height=\"18\">Materiale<\/td>\n<td>Vetro trasparente<\/td>\n<\/tr>\n<tr style=\"height: 13.50pt;\">\n<td style=\"height: 13.50pt;\" height=\"18\">Ambito di personalizzazione<\/td>\n<td>Colore, dimensione, forma, coperchi<\/td>\n<\/tr>\n<tr style=\"height: 13.50pt;\">\n<td style=\"height: 13.50pt;\" height=\"18\">Artigianato<\/td>\n<td>Stampaggio del vetro scanalato, taglio della filettatura<\/td>\n<\/tr>\n<tr style=\"height: 13.50pt;\">\n<td style=\"height: 13.50pt;\" height=\"18\">Scopo del prodotto<\/td>\n<td>Flacone di profumo diffusore, flaconi di diffusore decorativi<\/td>\n<\/tr>\n<tr style=\"height: 13.50pt;\">\n<td style=\"height: 13.50pt;\" height=\"18\">Industrie adatte<\/td>\n<td>Marchi di profumi per la casa di alta qualit\u00e0, design d&#039;interni<\/td>\n<\/tr>\n<\/tbody>\n<\/table>\n<h2>Storia di successo: servizi esclusivi della catena di boutique hotel<\/h2>\n<p>I nostri flaconi di profumo da 120 ml sono stati commissionati da un lussuoso boutique hotel negli Stati Uniti. Sono stati progettati in un delicato color ambra con fondo placcato oro. La capacit\u00e0 di 120 ml consentir\u00e0 di effettuare una sola ricarica ogni 3 mesi, con un risparmio del 30% sui costi operativi. Il prezzo al dettaglio \u00e8 stato inoltre dimezzato grazie al suo aspetto robusto e di alta qualit\u00e0. L&#039;hotel \u00e8 rimasto pienamente soddisfatto del feedback ricevuto dagli ospiti e delle prestazioni del prodotto e, pertanto, ha ordinato altri 400.000 flaconi per servire tutti i suoi hotel nei prossimi cinque anni.<\/p>\n<h2>Opzioni di personalizzazione per bottiglie di diffusore in vetro vuote<\/h2>\n<ul>\n<li>Colore e trasparenza del vetro: sono disponibili vetri trasparenti, fum\u00e9, ambrati o bianchi opachi.<\/li>\n<li>Design della bottiglia: larghezza, profondit\u00e0 o motivo delle scanalature verticali selezionabili.<\/li>\n<li>Incisione personalizzata sul fondo: aggiungi una fascia decorativa speciale o combina il logo con il design del fondo.<\/li>\n<li>Accenti in vetro colorato: si tratta di una tecnica a due colori che applica uno sfondo in vetro colorato al vetro trasparente.<\/li>\n<\/ul>","protected":false},"excerpt":{"rendered":"<p>Diffusore per auto compatto con cordino in perline di legno, ricaricabile per oli essenziali e profumi, diffusori per auto vuoti di qualit\u00e0 all&#039;ingrosso, spedizione veloce.<\/p>","protected":false},"featured_media":4942,"template":"","meta":{"postBodyCss":"","postBodyMargin":[],"postBodyPadding":[],"postBodyBackground":{"backgroundType":"classic","gradient":""}},"product_brand":[],"product_cat":[15,16,63],"product_tag":[],"class_list":{"0":"post-4916","1":"product","2":"type-product","3":"status-publish","4":"has-post-thumbnail","6":"product_cat-glass-containers","7":"product_cat-glass-bottles","8":"product_cat-reed-diffuser-bottles","10":"first","11":"instock","12":"shipping-taxable","13":"product-type-simple"},"jetpack_sharing_enabled":true,"_links":{"self":[{"href":"https:\/\/minghanggroup.com\/it\/wp-json\/wp\/v2\/product\/4916","targetHints":{"allow":["GET"]}}],"collection":[{"href":"https:\/\/minghanggroup.com\/it\/wp-json\/wp\/v2\/product"}],"about":[{"href":"https:\/\/minghanggroup.com\/it\/wp-json\/wp\/v2\/types\/product"}],"wp:featuredmedia":[{"embeddable":true,"href":"https:\/\/minghanggroup.com\/it\/wp-json\/wp\/v2\/media\/4942"}],"wp:attachment":[{"href":"https:\/\/minghanggroup.com\/it\/wp-json\/wp\/v2\/media?parent=4916"}],"wp:term":[{"taxonomy":"product_brand","embeddable":true,"href":"https:\/\/minghanggroup.com\/it\/wp-json\/wp\/v2\/product_brand?post=4916"},{"taxonomy":"product_cat","embeddable":true,"href":"https:\/\/minghanggroup.com\/it\/wp-json\/wp\/v2\/product_cat?post=4916"},{"taxonomy":"product_tag","embeddable":true,"href":"https:\/\/minghanggroup.com\/it\/wp-json\/wp\/v2\/product_tag?post=4916"}],"curies":[{"name":"wp","href":"https:\/\/api.w.org\/{rel}","templated":true}]}}