{"id":4911,"date":"2026-01-21T10:08:14","date_gmt":"2026-01-21T02:08:14","guid":{"rendered":"https:\/\/minghanggroup.com\/?post_type=product&#038;p=4911"},"modified":"2026-01-21T10:08:16","modified_gmt":"2026-01-21T02:08:16","slug":"octagonal-ribbed-empty-oil-diffuser-bottles-wholesale","status":"publish","type":"product","link":"https:\/\/minghanggroup.com\/it\/prodotto\/octagonal-ribbed-empty-oil-diffuser-bottles-wholesale\/","title":{"rendered":"Bottiglie vuote per diffusori di oli essenziali ottagonali a coste da 100 ml, 200 ml, 500 ml e 1000 ml all&#039;ingrosso"},"content":{"rendered":"<p>I tuoi flaconi vuoti per diffusori di oli essenziali non dovrebbero restare vuoti: dovrebbero trasformarsi in opere d&#039;arte da scrivania una volta finiti. Come specialisti all&#039;ingrosso di flaconi vuoti per diffusori di oli essenziali, realizziamo diffusori di oli essenziali in vetro che trasformano il tuo diffusore di oli essenziali in un capolavoro silenzioso per la tua stanza.<\/p>\n<h2>Caratteristiche del prodotto<\/h2>\n<ul>\n<li><strong>Design a nervature verticali ottagonali:<\/strong> La bottiglia \u00e8 caratterizzata dalla sua forma ottagonale cristallina e trasparente e dalla struttura a nervature verticali che garantiscono una presa pi\u00f9 sicura e giocano con luci e ombre, aggiungendo un effetto di profondit\u00e0 visiva.<\/li>\n<li><strong>Vetro inferiore alto, spesso e trasparente:<\/strong> La bottiglia \u00e8 realizzata in vetro ad alta trasparenza, che conferisce una texture molto pura ed elegante. Il fondo in vetro \u00e8 piuttosto spesso, il che non solo rende la bottiglia pi\u00f9 stabile, ma le conferisce anche un effetto espositivo di lusso.<\/li>\n<li><strong>Versatile e facile da esporre:<\/strong> Il design geometrico \u00e8 un mix perfetto di stile contemporaneo ed elementi decorativi che possono adattarsi a diversi ambienti, come case, hotel e rivenditori di marchi di profumi.<\/li>\n<\/ul>\n<h2>Specifiche chiave<\/h2>\n<table style=\"border-collapse: collapse; width: 80%; margin-left: auto; margin-right: auto;\" border=\"0\" width=\"288\" cellspacing=\"0\" cellpadding=\"0\">\n<tbody>\n<tr style=\"height: 13.50pt;\">\n<td style=\"height: 13.5pt; width: 54pt; text-align: center;\" width=\"72\" height=\"18\">Dimensioni (ml)<\/td>\n<td style=\"width: 54pt; text-align: center;\" width=\"72\">Dimensioni (mm)<\/td>\n<td style=\"width: 54pt; text-align: center;\" width=\"72\">Tipo di collo<\/td>\n<td style=\"width: 54pt; text-align: center;\" width=\"72\">Forma<\/td>\n<\/tr>\n<tr style=\"height: 13.50pt;\">\n<td style=\"height: 13.5pt; text-align: center;\" align=\"right\" height=\"18\">100<\/td>\n<td style=\"text-align: center;\">61\u00d7105<\/td>\n<td class=\"et2\" style=\"text-align: center;\" rowspan=\"4\">A scatto<\/td>\n<td class=\"et2\" style=\"text-align: center;\" rowspan=\"4\">creste ottagonali<\/td>\n<\/tr>\n<tr style=\"height: 13.50pt;\">\n<td style=\"height: 13.5pt; text-align: center;\" align=\"right\" height=\"18\">200<\/td>\n<td style=\"text-align: center;\">70\u00d7121<\/td>\n<\/tr>\n<tr style=\"height: 13.50pt;\">\n<td style=\"height: 13.5pt; text-align: center;\" align=\"right\" height=\"18\">500<\/td>\n<td style=\"text-align: center;\">89\u00d7149<\/td>\n<\/tr>\n<tr style=\"height: 13.50pt;\">\n<td style=\"height: 13.5pt; text-align: center;\" align=\"right\" height=\"18\">1000<\/td>\n<td style=\"text-align: center;\">109\u00d7178<\/td>\n<\/tr>\n<\/tbody>\n<\/table>\n<h2>Caso di successo<\/h2>\n<p>Un marchio di nicchia di fragranze per la casa era alla ricerca di un flacone diffusore che non solo riflettesse un&#039;identit\u00e0 di marca pi\u00f9 raffinata, ma che fosse anche un elemento accattivante sugli scaffali dei negozi. Per la nuova linea, il marchio ha scelto i nostri flaconi diffusori in vetro ottagonale rigato e li ha modificati, come una finitura satinata, un logo in rilievo sul pannello frontale e una delicata tonalit\u00e0 grigio fumo.<\/p>\n<p>Grazie al nuovo lancio, i tassi di reso del marchio per perdite e problemi estetici sono diminuiti del 35% grazie al packaging migliorato. I riordini dei clienti sono aumentati del 45% dopo soli due cicli di produzione.<\/p>\n<h2>Le tue opzioni di personalizzazione<\/h2>\n<ol>\n<li><strong>Colore e materiale del vetro:<\/strong> Pu\u00f2 essere realizzato in vetro grigio fum\u00e9, ambra, sfumato o bianco trasparente, ed \u00e8 quindi adatto a prodotti di aromaterapia di alta gamma, decorazioni per la casa o linee regalo che richiedono un posizionamento diverso.<\/li>\n<li><strong>Personalizzazione dell&#039;identit\u00e0 del marchio:<\/strong> I loghi in rilievo\/debossing possono essere realizzati sulla parte anteriore o sulle parti sfaccettate della bottiglia e, inoltre, \u00e8 possibile applicare motivi di serigrafia e stampa a caldo per aumentare la riconoscibilit\u00e0 del marchio.<\/li>\n<li><strong>Opzioni per collo di bottiglia e accessori:<\/strong> \u00c8 adattabile a diverse misure di collo e pu\u00f2 essere abbinato in modo naturale a bastoncini di rattan, bastoncini in fibra o bastoncini diffusori colorati personalizzati per un aspetto generale pi\u00f9 armonioso.<\/li>\n<\/ol>","protected":false},"excerpt":{"rendered":"<p>Flaconi vuoti per diffusori di oli essenziali, in vetro ottagonale rigato, venduti direttamente dalla fabbrica. Questi flaconi vuoti per diffusori di oli essenziali sono disponibili anche con personalizzazione all&#039;ingrosso. Spedizione veloce.<\/p>","protected":false},"featured_media":4926,"template":"","meta":{"postBodyCss":"","postBodyMargin":[],"postBodyPadding":[],"postBodyBackground":{"backgroundType":"classic","gradient":""}},"product_brand":[],"product_cat":[15,16,63],"product_tag":[],"class_list":{"0":"post-4911","1":"product","2":"type-product","3":"status-publish","4":"has-post-thumbnail","6":"product_cat-glass-containers","7":"product_cat-glass-bottles","8":"product_cat-reed-diffuser-bottles","10":"first","11":"instock","12":"shipping-taxable","13":"product-type-simple"},"jetpack_sharing_enabled":true,"_links":{"self":[{"href":"https:\/\/minghanggroup.com\/it\/wp-json\/wp\/v2\/product\/4911","targetHints":{"allow":["GET"]}}],"collection":[{"href":"https:\/\/minghanggroup.com\/it\/wp-json\/wp\/v2\/product"}],"about":[{"href":"https:\/\/minghanggroup.com\/it\/wp-json\/wp\/v2\/types\/product"}],"wp:featuredmedia":[{"embeddable":true,"href":"https:\/\/minghanggroup.com\/it\/wp-json\/wp\/v2\/media\/4926"}],"wp:attachment":[{"href":"https:\/\/minghanggroup.com\/it\/wp-json\/wp\/v2\/media?parent=4911"}],"wp:term":[{"taxonomy":"product_brand","embeddable":true,"href":"https:\/\/minghanggroup.com\/it\/wp-json\/wp\/v2\/product_brand?post=4911"},{"taxonomy":"product_cat","embeddable":true,"href":"https:\/\/minghanggroup.com\/it\/wp-json\/wp\/v2\/product_cat?post=4911"},{"taxonomy":"product_tag","embeddable":true,"href":"https:\/\/minghanggroup.com\/it\/wp-json\/wp\/v2\/product_tag?post=4911"}],"curies":[{"name":"wp","href":"https:\/\/api.w.org\/{rel}","templated":true}]}}