{"id":4864,"date":"2026-01-20T15:08:24","date_gmt":"2026-01-20T07:08:24","guid":{"rendered":"https:\/\/minghanggroup.com\/?post_type=product&#038;p=4864"},"modified":"2026-01-21T09:31:22","modified_gmt":"2026-01-21T01:31:22","slug":"hanging-empty-car-diffuser-bottles-wholesale","status":"publish","type":"product","link":"https:\/\/minghanggroup.com\/it\/prodotto\/hanging-empty-car-diffuser-bottles-wholesale\/","title":{"rendered":"Flaconi di diffusore per auto vuoti da appendere da 8 ml all&#039;ingrosso"},"content":{"rendered":"<p>Questo diffusore per auto ha un design unico. Il taglio sulla superficie multisfaccettata del flacone crea un&#039;originale forma conica che si restringe verso la punta. L&#039;apertura \u00e8 coperta da un tappo in legno multistrato ed \u00e8 inoltre dotata di un cordino intrecciato con perline di legno, per poter appendere facilmente il flacone.<\/p>\n<h2>Caratteristiche del prodotto<\/h2>\n<ul>\n<li><strong>Bottiglia conica romboidale:<\/strong> Il design del cono romboidale \u00e8 nitido e, pertanto, aggiunge profondit\u00e0 all&#039;immagine e rende i prodotti pi\u00f9 riconoscibili.<\/li>\n<li><strong>Tappo in legno multistrato:<\/strong> Il tappo in legno multistrato \u00e8 un mix di tenuta e diffusione delle fragranze.<\/li>\n<li><strong>Design del cordino con colori contrastanti:<\/strong> Il cordino intrecciato colorato e luminoso con perline di legno pu\u00f2 essere facilmente applicato sullo specchietto retrovisore di un&#039;auto.<\/li>\n<\/ul>\n<h2 style=\"text-align: left;\">Specifiche chiave<\/h2>\n<table class=\"aligncenter\" style=\"border-collapse: collapse; width: 393.77pt;\" border=\"0\" width=\"525\" cellspacing=\"0\" cellpadding=\"0\">\n<tbody>\n<tr style=\"height: 13.50pt;\">\n<td style=\"height: 13.50pt; width: 116.25pt;\" width=\"155\" height=\"18\">Specifica<\/td>\n<td style=\"width: 277.50pt;\" width=\"370\">Dettagli<\/td>\n<\/tr>\n<tr style=\"height: 13.50pt;\">\n<td style=\"height: 13.50pt;\" height=\"18\">Capacit\u00e0<\/td>\n<td>8 ml<\/td>\n<\/tr>\n<tr style=\"height: 13.50pt;\">\n<td style=\"height: 13.50pt;\" height=\"18\">Dimensioni<\/td>\n<td>37\u00d746 mm<\/td>\n<\/tr>\n<tr style=\"height: 13.50pt;\">\n<td style=\"height: 13.50pt;\" height=\"18\">Materiale<\/td>\n<td>Vetro sodico-calcico, legno, corda di cotone<\/td>\n<\/tr>\n<tr style=\"height: 13.50pt;\">\n<td style=\"height: 13.50pt;\" height=\"18\">Forma della bottiglia<\/td>\n<td>Diamante\/Cono esagonale<\/td>\n<\/tr>\n<tr style=\"height: 13.50pt;\">\n<td style=\"height: 13.50pt;\" height=\"18\">Ambito di personalizzazione<\/td>\n<td>Variazioni di colore, coperchi, finitura, dimensioni, forma<\/td>\n<\/tr>\n<tr style=\"height: 13.50pt;\">\n<td style=\"height: 13.50pt;\" height=\"18\">Artigianato<\/td>\n<td>Stampaggio di vetro sfaccettato, assemblaggio di cavi<\/td>\n<\/tr>\n<tr style=\"height: 13.50pt;\">\n<td style=\"height: 13.50pt;\" height=\"18\">Scopo del prodotto<\/td>\n<td>Bottiglie diffusori sospese, bottiglie diffusori per auto<\/td>\n<\/tr>\n<tr style=\"height: 13.50pt;\">\n<td style=\"height: 13.50pt;\" height=\"18\">Industrie adatte<\/td>\n<td>Accessori per auto, rivenditori di boutique<\/td>\n<\/tr>\n<\/tbody>\n<\/table>\n<h2>Caso di studio<\/h2>\n<p>Uno dei marchi europei di accessori per auto ha ordinato il nostro flacone di diffusore per auto a forma romboidale. Il design distintivo \u00e8 rapidamente diventato iconico, portando a un aumento del 400% delle menzioni della categoria di prodotto sui social media. Un altro elemento distintivo del marchio \u00e8 stato l&#039;uso del cordino colorato e audace, che ha contribuito ad aumentare la notoriet\u00e0 del marchio presso il suo target di mercato del 60%. Il marchio \u00e8 stato cos\u00ec entusiasta dell&#039;enorme successo che ha ordinato un altro lotto di 600.000 flaconi da utilizzare in una campagna promozionale a livello nazionale.<\/p>\n<h2>Bottiglie vuote per diffusori per auto all&#039;ingrosso\u00a0<span class=\"text-[#00CEC8]\">Opzioni di personalizzazione<\/span><\/h2>\n<ul>\n<li>Finitura del tappo in legno: i tappi sono disponibili in vari tipi di legno o con finiture tinteggiate per abbinarsi alla tavolozza dei colori del tuo marchio.<\/li>\n<li>Tappi in legno: sono disponibili tappi realizzati in vari tipi di legno o con finitura tinta, pensati per adattarsi alla combinazione di colori del marchio.<\/li>\n<li>Finitura satinata: \u00e8 possibile applicare una finitura satinata alla superficie del vetro per conferire alla superficie un aspetto pi\u00f9 diffuso.<\/li>\n<li>Forma e proporzioni: modifica leggermente l&#039;angolo del cono o le sfaccettature per creare una forma speciale.<\/li>\n<\/ul>","protected":false},"excerpt":{"rendered":"<p>Diffusore per auto compatto con cordino in perline di legno, ricaricabile per oli essenziali e profumi, diffusori per auto vuoti di qualit\u00e0 all&#039;ingrosso, spedizione veloce.<\/p>","protected":false},"featured_media":4913,"template":"","meta":{"postBodyCss":"","postBodyMargin":[],"postBodyPadding":[],"postBodyBackground":{"backgroundType":"classic","gradient":""}},"product_brand":[],"product_cat":[15,16,63],"product_tag":[],"class_list":{"0":"post-4864","1":"product","2":"type-product","3":"status-publish","4":"has-post-thumbnail","6":"product_cat-glass-containers","7":"product_cat-glass-bottles","8":"product_cat-reed-diffuser-bottles","10":"first","11":"instock","12":"shipping-taxable","13":"product-type-simple"},"jetpack_sharing_enabled":true,"_links":{"self":[{"href":"https:\/\/minghanggroup.com\/it\/wp-json\/wp\/v2\/product\/4864","targetHints":{"allow":["GET"]}}],"collection":[{"href":"https:\/\/minghanggroup.com\/it\/wp-json\/wp\/v2\/product"}],"about":[{"href":"https:\/\/minghanggroup.com\/it\/wp-json\/wp\/v2\/types\/product"}],"wp:featuredmedia":[{"embeddable":true,"href":"https:\/\/minghanggroup.com\/it\/wp-json\/wp\/v2\/media\/4913"}],"wp:attachment":[{"href":"https:\/\/minghanggroup.com\/it\/wp-json\/wp\/v2\/media?parent=4864"}],"wp:term":[{"taxonomy":"product_brand","embeddable":true,"href":"https:\/\/minghanggroup.com\/it\/wp-json\/wp\/v2\/product_brand?post=4864"},{"taxonomy":"product_cat","embeddable":true,"href":"https:\/\/minghanggroup.com\/it\/wp-json\/wp\/v2\/product_cat?post=4864"},{"taxonomy":"product_tag","embeddable":true,"href":"https:\/\/minghanggroup.com\/it\/wp-json\/wp\/v2\/product_tag?post=4864"}],"curies":[{"name":"wp","href":"https:\/\/api.w.org\/{rel}","templated":true}]}}