{"id":4858,"date":"2026-01-20T15:02:49","date_gmt":"2026-01-20T07:02:49","guid":{"rendered":"https:\/\/minghanggroup.com\/?post_type=product&#038;p=4858"},"modified":"2026-01-20T15:39:31","modified_gmt":"2026-01-20T07:39:31","slug":"empty-diffuser-bottles-and-reeds-with-ribbed-design-bulk","status":"publish","type":"product","link":"https:\/\/minghanggroup.com\/it\/prodotto\/empty-diffuser-bottles-and-reeds-with-ribbed-design-bulk\/","title":{"rendered":"Flaconi diffusori vuoti rotondi da 50 ml e 100 ml con bastoncini e design a coste, sfusi"},"content":{"rendered":"<p>I tuoi diffusori e bastoncini vuoti non dovrebbero restare sulla scrivania: dovrebbero trasformarsi in opere d&#039;arte una volta vuoti. Come specialisti in eleganti diffusori con bastoncini, realizziamo flaconi in vetro che trasformano il tuo diffusore di oli essenziali in un elemento d&#039;arredo silenzioso e scenografico.<\/p>\n<h2>Caratteristiche del prodotto<\/h2>\n<ul>\n<li><strong>Scanalature leggere e sparse: <\/strong>Le linee verticali riflettono la luce come se fossero diamanti liquidi: magia istantanea per la fragranza della tua casa.<\/li>\n<li><strong>Vite, tappo di sicurezza: <\/strong>Ruotare le canne di rattan naturale per bloccarle in posizione, senza scuoterle e senza rovesciarle.<\/li>\n<li><strong>Eleganza della bottiglia vuota: <\/strong>Le tue bottiglie di diffusore vuote si trasformano in sculture da scrivania: nessuno spreco, stile sublime.<\/li>\n<\/ul>\n<h2>Specifiche chiave<\/h2>\n<table style=\"border-collapse: collapse; width: 80%; margin-left: auto; margin-right: auto;\" border=\"0\" width=\"360\" cellspacing=\"0\" cellpadding=\"0\">\n<tbody>\n<tr style=\"height: 13.50pt;\">\n<td style=\"height: 13.5pt; width: 54pt; text-align: center;\" width=\"72\" height=\"18\">Dimensioni (ml)<\/td>\n<td style=\"width: 54pt; text-align: center;\" width=\"72\">Dimensioni (mm)<\/td>\n<td style=\"width: 54pt; text-align: center;\" width=\"72\">Tipo di collo<\/td>\n<td style=\"width: 54pt; text-align: center;\" width=\"72\">Caratteristica<\/td>\n<td style=\"width: 54pt; text-align: center;\" width=\"72\">Forma<\/td>\n<\/tr>\n<tr style=\"height: 13.50pt;\">\n<td style=\"height: 13.5pt; text-align: center;\" align=\"right\" height=\"18\">50<\/td>\n<td style=\"text-align: center;\">58 \u00d7 68<\/td>\n<td class=\"et2\" style=\"text-align: center;\" rowspan=\"2\">Tappo a vite<\/td>\n<td class=\"et2\" style=\"text-align: center;\" rowspan=\"2\">Scanalature verticali<\/td>\n<td class=\"et2\" style=\"text-align: center;\" rowspan=\"2\">Girare<\/td>\n<\/tr>\n<tr style=\"height: 13.50pt;\">\n<td style=\"height: 13.5pt; text-align: center;\" align=\"right\" height=\"18\">100<\/td>\n<td style=\"text-align: center;\">74 \u00d7 85<\/td>\n<\/tr>\n<\/tbody>\n<\/table>\n<h2>Caso di successo<\/h2>\n<p>Un marchio di profumi per la casa ha scelto i nostri flaconi diffusori in vetro rigato e li ha personalizzati con un elegante logo in rilievo sulla spalla. I flaconi sono decorati con una delicata finitura satinata e raffinati motivi serigrafati che si abbinano perfettamente alle note della fragranza.<\/p>\n<p>Grazie all&#039;utilizzo di questo packaging personalizzato, il marchio ha registrato un notevole aumento dell&#039;interazione con i clienti presso il punto vendita, un miglioramento del 35% dell&#039;aspetto visivo del prodotto e un aumento del 30% degli acquisti ripetuti nell&#039;arco di due trimestri. Il marchio ha adottato questo flacone diffusore personalizzato come packaging standard e continua a effettuare ordini costanti all&#039;ingrosso per diverse linee di prodotti.<\/p>\n<h2>Le tue opzioni di personalizzazione<\/h2>\n<ol>\n<li><strong>Logo del marchio in rilievo o in rilievo:<\/strong> Per aumentare la familiarit\u00e0 del cliente con il marchio e migliorare l&#039;appeal visivo del prodotto, \u00e8 possibile goffrare il logo o aggiungere un semplice simbolo sulla parte anteriore, sulla spalla o sul fondo della bottiglia. In questo modo, non \u00e8 necessario dipendere dalle etichette.<\/li>\n<li><strong>Decorazione tramite stampa serigrafica o stampa a caldo:<\/strong> Perch\u00e9 non aggiungere alla bottiglia delle linee sottili, delle forme geometriche o delle descrizioni della fragranza? \u00c8 possibile scegliere la stampa serigrafica a colori, ma \u00e8 anche possibile utilizzare la stampa a caldo in oro\/argento per rendere l&#039;esposizione pi\u00f9 accattivante.<\/li>\n<li><strong>Abbinamento collo bottiglia e accessori:<\/strong> \u00c8 possibile decidere la dimensione del collo della bottiglia in base alla posizione di mercato del marchio e poi creare una combinazione utilizzando bastoncini di rattan naturale, bastoncini di fibra o diffusori di fiori decorativi, in base alla dimensione del collo selezionata.<\/li>\n<\/ol>","protected":false},"excerpt":{"rendered":"<p>Design per flaconi e bastoncini vuoti per diffusori, ideale per i marchi di fragranze per la casa. Spedizione gratuita, personalizzazione in grandi quantit\u00e0. Un&#039;ottima scelta per graziosi flaconi per diffusori a bastoncini.<\/p>","protected":false},"featured_media":4862,"template":"","meta":{"postBodyCss":"","postBodyMargin":[],"postBodyPadding":[],"postBodyBackground":{"backgroundType":"classic","gradient":""}},"product_brand":[],"product_cat":[15,16,63],"product_tag":[],"class_list":{"0":"post-4858","1":"product","2":"type-product","3":"status-publish","4":"has-post-thumbnail","6":"product_cat-glass-containers","7":"product_cat-glass-bottles","8":"product_cat-reed-diffuser-bottles","10":"first","11":"instock","12":"shipping-taxable","13":"product-type-simple"},"jetpack_sharing_enabled":true,"_links":{"self":[{"href":"https:\/\/minghanggroup.com\/it\/wp-json\/wp\/v2\/product\/4858","targetHints":{"allow":["GET"]}}],"collection":[{"href":"https:\/\/minghanggroup.com\/it\/wp-json\/wp\/v2\/product"}],"about":[{"href":"https:\/\/minghanggroup.com\/it\/wp-json\/wp\/v2\/types\/product"}],"wp:featuredmedia":[{"embeddable":true,"href":"https:\/\/minghanggroup.com\/it\/wp-json\/wp\/v2\/media\/4862"}],"wp:attachment":[{"href":"https:\/\/minghanggroup.com\/it\/wp-json\/wp\/v2\/media?parent=4858"}],"wp:term":[{"taxonomy":"product_brand","embeddable":true,"href":"https:\/\/minghanggroup.com\/it\/wp-json\/wp\/v2\/product_brand?post=4858"},{"taxonomy":"product_cat","embeddable":true,"href":"https:\/\/minghanggroup.com\/it\/wp-json\/wp\/v2\/product_cat?post=4858"},{"taxonomy":"product_tag","embeddable":true,"href":"https:\/\/minghanggroup.com\/it\/wp-json\/wp\/v2\/product_tag?post=4858"}],"curies":[{"name":"wp","href":"https:\/\/api.w.org\/{rel}","templated":true}]}}