{"id":4849,"date":"2026-01-20T13:37:54","date_gmt":"2026-01-20T05:37:54","guid":{"rendered":"https:\/\/minghanggroup.com\/?post_type=product&#038;p=4849"},"modified":"2026-01-20T13:51:49","modified_gmt":"2026-01-20T05:51:49","slug":"hanging-car-air-diffuser-bottles-with-wooden-lids-bulk","status":"publish","type":"product","link":"https:\/\/minghanggroup.com\/it\/prodotto\/hanging-car-air-diffuser-bottles-with-wooden-lids-bulk\/","title":{"rendered":"Flaconi diffusori d&#039;aria per auto da appendere da 8 ml con coperchi in legno, sfusi"},"content":{"rendered":"<p>Questo diffusore d&#039;aria per auto \u00e8 scolpito in vetro sodico-calcico. La bottiglia \u00e8 piccola, con un tappo quadrato in legno liscio. \u00c8 facile da appendere allo specchietto retrovisore dell&#039;auto, con un morbido cordino beige intrecciato (con una perlina di legno in cima).<\/p>\n<h2>Caratteristiche del prodotto<\/h2>\n<ul>\n<li><strong>Bottiglia quadrata:<\/strong> La forma mini quadrata non solo occupa meno spazio nella tua auto, ma le linee geometriche pulite sono anche accattivanti da vedere.<\/li>\n<li><strong>Tappo diffusore quadrato in legno:<\/strong> Il tappo diffusore quadrato in legno ha funzioni di tenuta e diffusione e la sua texture naturale si adatta molto bene all&#039;atmosfera calda della tua auto.<\/li>\n<li><strong>Design del cavo intrecciato:<\/strong> Le perline di legno sul cordino beige intrecciato consentono di appenderlo all&#039;interno dell&#039;auto (ad esempio nello specchietto retrovisore).<\/li>\n<\/ul>\n<h2 style=\"text-align: left;\">Specifiche chiave<\/h2>\n<table class=\"aligncenter\" style=\"border-collapse: collapse; width: 454.52pt;\" border=\"0\" width=\"606\" cellspacing=\"0\" cellpadding=\"0\">\n<tbody>\n<tr style=\"height: 13.50pt;\">\n<td style=\"height: 13.50pt; width: 116.25pt;\" width=\"155\" height=\"18\">Specifica<\/td>\n<td style=\"width: 338.25pt;\" width=\"451\">Dettagli<\/td>\n<\/tr>\n<tr style=\"height: 13.50pt;\">\n<td style=\"height: 13.50pt;\" height=\"18\">Capacit\u00e0<\/td>\n<td>8 ml<\/td>\n<\/tr>\n<tr style=\"height: 13.50pt;\">\n<td style=\"height: 13.50pt;\" height=\"18\">Dimensioni<\/td>\n<td>27\u00d746mm<\/td>\n<\/tr>\n<tr style=\"height: 13.50pt;\">\n<td style=\"height: 13.50pt;\" height=\"18\">Materiale<\/td>\n<td>Vetro sodico-calcico, legno, corda di cotone<\/td>\n<\/tr>\n<tr style=\"height: 13.50pt;\">\n<td style=\"height: 13.50pt;\" height=\"18\">Forma della bottiglia<\/td>\n<td>Cubo in miniatura<\/td>\n<\/tr>\n<tr style=\"height: 13.50pt;\">\n<td style=\"height: 13.50pt;\" height=\"18\">Ambito di personalizzazione<\/td>\n<td>Colore, dimensione, forma, finitura, coperchi<\/td>\n<\/tr>\n<tr style=\"height: 13.50pt;\">\n<td style=\"height: 13.50pt;\" height=\"18\">Scopo del prodotto<\/td>\n<td>Diffusori per auto sospesi, diffusori in vetro<\/td>\n<\/tr>\n<tr style=\"height: 13.50pt;\">\n<td style=\"height: 13.50pt;\" height=\"18\">Industrie adatte<\/td>\n<td>Accessori per auto, articoli essenziali da viaggio<\/td>\n<\/tr>\n<\/tbody>\n<\/table>\n<h2>Storia di successo<\/h2>\n<p>I nostri flaconi da 8 ml per diffusore auto da appendere sono stati scelti da un marchio di lifestyle automobilistico come accessorio essenziale per la fragranza. Questa forma cubica ha registrato una soddisfazione del cliente del 95% ed \u00e8 stato l&#039;articolo pi\u00f9 richiesto nella loro scatola in abbonamento. Il suo aspetto elegante ha fatto registrare una crescita del 300% nella condivisione video sui social media durante l&#039;unboxing. Questo ha soddisfatto a tal punto il marchio che ha ordinato un altro lotto di 500.000 flaconi per avere una fornitura di due anni.<\/p>\n<h2>Personalizzazione delle bottiglie per diffusori d&#039;aria per auto<\/h2>\n<ul>\n<li>Colori e finiture del vetro: disponibile trasparente, fum\u00e9 o satinato.<\/li>\n<li>Personalizzazione di corde e perline: \u00e8 possibile modificare il colore e il materiale della corda, la forma delle perline o il legno.<\/li>\n<li>Incisione laser: incidere un piccolo logo, un motivo o delle iniziali su uno dei lati del cubo di vetro o del tappo di legno.<\/li>\n<li>Goffratura: aggiungere un piccolo distintivo in rilievo sul fondo del tappo o del cubo di legno.<\/li>\n<\/ul>","protected":false},"excerpt":{"rendered":"<p>Piccole bottigliette diffusori d&#039;aria per auto con tappo quadrato in legno e corda, eleganti bottigliette diffusori da appendere per oli aromatici e regali, servizio personalizzato, disponibile OEM.<\/p>","protected":false},"featured_media":4851,"template":"","meta":{"postBodyCss":"","postBodyMargin":[],"postBodyPadding":[],"postBodyBackground":{"backgroundType":"classic","gradient":""}},"product_brand":[],"product_cat":[15,16,63],"product_tag":[],"class_list":{"0":"post-4849","1":"product","2":"type-product","3":"status-publish","4":"has-post-thumbnail","6":"product_cat-glass-containers","7":"product_cat-glass-bottles","8":"product_cat-reed-diffuser-bottles","10":"first","11":"instock","12":"shipping-taxable","13":"product-type-simple"},"jetpack_sharing_enabled":true,"_links":{"self":[{"href":"https:\/\/minghanggroup.com\/it\/wp-json\/wp\/v2\/product\/4849","targetHints":{"allow":["GET"]}}],"collection":[{"href":"https:\/\/minghanggroup.com\/it\/wp-json\/wp\/v2\/product"}],"about":[{"href":"https:\/\/minghanggroup.com\/it\/wp-json\/wp\/v2\/types\/product"}],"wp:featuredmedia":[{"embeddable":true,"href":"https:\/\/minghanggroup.com\/it\/wp-json\/wp\/v2\/media\/4851"}],"wp:attachment":[{"href":"https:\/\/minghanggroup.com\/it\/wp-json\/wp\/v2\/media?parent=4849"}],"wp:term":[{"taxonomy":"product_brand","embeddable":true,"href":"https:\/\/minghanggroup.com\/it\/wp-json\/wp\/v2\/product_brand?post=4849"},{"taxonomy":"product_cat","embeddable":true,"href":"https:\/\/minghanggroup.com\/it\/wp-json\/wp\/v2\/product_cat?post=4849"},{"taxonomy":"product_tag","embeddable":true,"href":"https:\/\/minghanggroup.com\/it\/wp-json\/wp\/v2\/product_tag?post=4849"}],"curies":[{"name":"wp","href":"https:\/\/api.w.org\/{rel}","templated":true}]}}