{"id":4848,"date":"2026-01-20T14:03:32","date_gmt":"2026-01-20T06:03:32","guid":{"rendered":"https:\/\/minghanggroup.com\/?post_type=product&#038;p=4848"},"modified":"2026-01-20T14:03:34","modified_gmt":"2026-01-20T06:03:34","slug":"diffuser-bottle-and-sticks-with-flat-round-shape-wholesale","status":"publish","type":"product","link":"https:\/\/minghanggroup.com\/it\/prodotto\/diffuser-bottle-and-sticks-with-flat-round-shape-wholesale\/","title":{"rendered":"Diffusore da 100 ml e 200 ml con flacone e bastoncini di forma rotonda piatta all&#039;ingrosso"},"content":{"rendered":"<p>Il flacone e i bastoncini del diffusore non dovrebbero solo contenere il profumo: dovrebbero far danzare la luce sulla scrivania come seta liquida. Come specialisti nella produzione di flaconi vuoti per diffusori, realizziamo diffusori a bastoncini in vetro che trasformano il tuo diffusore di oli essenziali nel battito silenzioso di una stanza.<\/p>\n<h2>Caratteristiche del prodotto<\/h2>\n<ul>\n<li><strong>Gioco di luci quadrate piatte:<\/strong> I bordi diffondono la luce come un diamante, trasformandosi in un&#039;opera d&#039;arte nella tua casa dopo solo un momento in cui ti senti avvolto dalla tua fragranza.<\/li>\n<li><strong>Tappo a vite sicuro:<\/strong> Avvitare le canne di rattan naturale, senza oscillazioni e senza perdite.<\/li>\n<li><strong>Chiarezza cristallina:<\/strong> Attraverso il vetro trasparente \u00e8 possibile vedere ogni goccia di oli essenziali profumati, senza filtri opachi.<\/li>\n<\/ul>\n<h2>Specifiche chiave<\/h2>\n<table style=\"border-collapse: collapse; width: 80%; margin-left: auto; margin-right: auto;\" border=\"0\" width=\"288\" cellspacing=\"0\" cellpadding=\"0\">\n<tbody>\n<tr style=\"height: 13.50pt;\">\n<td style=\"height: 13.5pt; width: 54pt; text-align: center;\" width=\"72\" height=\"18\">Dimensioni (ml)<\/td>\n<td style=\"width: 54pt; text-align: center;\" width=\"72\">Dimensioni (mm)<\/td>\n<td style=\"width: 54pt; text-align: center;\" width=\"72\">Diametro del collo (mm)<\/td>\n<td style=\"width: 54pt; text-align: center;\" width=\"72\">Forma<\/td>\n<\/tr>\n<tr style=\"height: 13.50pt;\">\n<td style=\"height: 13.5pt; text-align: center;\" align=\"right\" height=\"18\">100<\/td>\n<td style=\"text-align: center;\">95\u00d7100<\/td>\n<td style=\"text-align: center;\">15\/26<\/td>\n<td class=\"et2\" style=\"text-align: center;\" rowspan=\"2\">Quadrato piatto<\/td>\n<\/tr>\n<tr style=\"height: 13.50pt;\">\n<td style=\"height: 13.5pt; text-align: center;\" align=\"right\" height=\"18\">200<\/td>\n<td style=\"text-align: center;\">113\u00d7120<\/td>\n<td style=\"text-align: center;\">19\/31<\/td>\n<\/tr>\n<\/tbody>\n<\/table>\n<h2>Caso di successo<\/h2>\n<p>Un marchio di fragranze per la casa specializzato in fragranze moderne per interni era alla ricerca di un flacone diffusore di aromi che non solo riflettesse il suo posizionamento premium, ma fosse anche pratico per l&#039;uso quotidiano. Per presentare la sua nuova linea di prodotti, il marchio ha optato per i nostri flaconi diffusori in vetro trasparente e li ha rinnovati: i flaconi sono ora satinati, un elegante logo del marchio in rilievo \u00e8 posizionato sulla spalla e viene utilizzato un motivo geometrico serigrafato che richiama il marchio.<\/p>\n<p>Ci\u00f2 ha portato a un aumento del 35% del numero di clienti che hanno effettuato acquisti ripetuti entro due mesi. Forte di un&#039;accoglienza cos\u00ec positiva sul mercato, il marchio continua a effettuare regolarmente ordini consistenti per i prossimi lanci di prodotti stagionali.<\/p>\n<h2>Le tue opzioni di personalizzazione<\/h2>\n<ol>\n<li><strong>Miglioramento dell&#039;identit\u00e0 del marchio:<\/strong> Con l&#039;ausilio di queste tecniche, \u00e8 possibile aggiungere un logo in rilievo o in rilievo a un marchio e la parte anteriore della bottiglia pu\u00f2 essere stampata con serigrafia, stampa a caldo o lamina d&#039;argento per aumentare ulteriormente la notoriet\u00e0 del marchio.<\/li>\n<li><strong>Opzioni colore bottiglia:<\/strong> Oltre al vetro bianco ad alta trasparenza, anche i colori a bassa saturazione, come il grigio fum\u00e9 chiaro, l&#039;ambra e il verde chiaro, possono essere adattati a diverse composizioni di fragranze e stili di arredamento per la casa.<\/li>\n<li><strong>Abbinamento collo bottiglia e accessori:<\/strong> Con questi modelli di bottiglia \u00e8 possibile utilizzare colli di bottiglia di diverse altezze e diametri, in modo che l&#039;abbinamento sia sufficientemente versatile con bastoncini di rattan, bastoncini di fibra o bastoncini diffusori a forma di fiori, per valorizzare lo stile decorativo complessivo.<\/li>\n<\/ol>","protected":false},"excerpt":{"rendered":"<p>Diffusore con flacone e bastoncini dal design trasparente e arrotondato. Fornitura diretta in fabbrica di flaconi vuoti per diffusore e possibilit\u00e0 di personalizzazione in grandi quantit\u00e0.<\/p>","protected":false},"featured_media":4857,"template":"","meta":{"postBodyCss":"","postBodyMargin":[],"postBodyPadding":[],"postBodyBackground":{"backgroundType":"classic","gradient":""}},"product_brand":[],"product_cat":[15,16,63],"product_tag":[],"class_list":{"0":"post-4848","1":"product","2":"type-product","3":"status-publish","4":"has-post-thumbnail","6":"product_cat-glass-containers","7":"product_cat-glass-bottles","8":"product_cat-reed-diffuser-bottles","10":"first","11":"instock","12":"shipping-taxable","13":"product-type-simple"},"jetpack_sharing_enabled":true,"_links":{"self":[{"href":"https:\/\/minghanggroup.com\/it\/wp-json\/wp\/v2\/product\/4848","targetHints":{"allow":["GET"]}}],"collection":[{"href":"https:\/\/minghanggroup.com\/it\/wp-json\/wp\/v2\/product"}],"about":[{"href":"https:\/\/minghanggroup.com\/it\/wp-json\/wp\/v2\/types\/product"}],"wp:featuredmedia":[{"embeddable":true,"href":"https:\/\/minghanggroup.com\/it\/wp-json\/wp\/v2\/media\/4857"}],"wp:attachment":[{"href":"https:\/\/minghanggroup.com\/it\/wp-json\/wp\/v2\/media?parent=4848"}],"wp:term":[{"taxonomy":"product_brand","embeddable":true,"href":"https:\/\/minghanggroup.com\/it\/wp-json\/wp\/v2\/product_brand?post=4848"},{"taxonomy":"product_cat","embeddable":true,"href":"https:\/\/minghanggroup.com\/it\/wp-json\/wp\/v2\/product_cat?post=4848"},{"taxonomy":"product_tag","embeddable":true,"href":"https:\/\/minghanggroup.com\/it\/wp-json\/wp\/v2\/product_tag?post=4848"}],"curies":[{"name":"wp","href":"https:\/\/api.w.org\/{rel}","templated":true}]}}