{"id":4819,"date":"2026-01-20T10:03:15","date_gmt":"2026-01-20T02:03:15","guid":{"rendered":"https:\/\/minghanggroup.com\/?post_type=product&#038;p=4819"},"modified":"2026-01-20T11:53:28","modified_gmt":"2026-01-20T03:53:28","slug":"empty-car-air-freshener-diffuser-bottles-bulk","status":"publish","type":"product","link":"https:\/\/minghanggroup.com\/it\/prodotto\/empty-car-air-freshener-diffuser-bottles-bulk\/","title":{"rendered":"Flaconi vuoti da 10 ml per diffusore di deodorante per auto alla rinfusa"},"content":{"rendered":"<p>Questi flaconi diffusori di deodorante per auto sono realizzati in vetro sodico-calcico. Sono compatti e a forma di cupola, con una parte superiore sferica in legno naturale; il cordino \u00e8 finemente intrecciato e decorato con perline di cristallo scintillanti, quindi possono essere facilmente fissati allo specchietto retrovisore dell&#039;auto.<\/p>\n<h2>Caratteristiche del prodotto<\/h2>\n<ul>\n<li><strong>Calotta sferica in legno naturale:<\/strong> La calotta sferica in legno ha capacit\u00e0 di tenuta e diffusione.<\/li>\n<li><strong>Bottiglia a cupola:<\/strong> La forma a mini cupola lascia spazio all&#039;interno dell&#039;auto e le curve delicate sono piuttosto eleganti.<\/li>\n<li><strong>Design del cordone decorativo:<\/strong> Quello intrecciato sar\u00e0 dotato di perline di cristallo, il che significa che potr\u00e0 essere facilmente appeso all&#039;interno dell&#039;auto (ad esempio allo specchietto retrovisore).<\/li>\n<\/ul>\n<h2 style=\"text-align: left;\">Specifiche chiave<\/h2>\n<table class=\"aligncenter\" style=\"border-collapse: collapse; width: 443.27pt;\" border=\"0\" width=\"591\" cellspacing=\"0\" cellpadding=\"0\">\n<tbody>\n<tr style=\"height: 13.50pt;\">\n<td style=\"height: 13.50pt; width: 116.25pt;\" width=\"155\" height=\"18\">Specifica<\/td>\n<td style=\"width: 327.00pt;\" width=\"436\">Dettagli<\/td>\n<\/tr>\n<tr style=\"height: 13.50pt;\">\n<td style=\"height: 13.50pt;\" height=\"18\">Capacit\u00e0<\/td>\n<td>10 ml<\/td>\n<\/tr>\n<tr style=\"height: 13.50pt;\">\n<td style=\"height: 13.50pt;\" height=\"18\">Dimensioni<\/td>\n<td>54\u00d730mm<\/td>\n<\/tr>\n<tr style=\"height: 13.50pt;\">\n<td style=\"height: 13.50pt;\" height=\"18\">Materiale<\/td>\n<td>Vetro sodico-calcico, legno, cordino di cotone, perlina di cristallo<\/td>\n<\/tr>\n<tr style=\"height: 13.50pt;\">\n<td style=\"height: 13.50pt;\" height=\"18\">Forma della bottiglia<\/td>\n<td>Piccola campana\/cupola<\/td>\n<\/tr>\n<tr style=\"height: 13.50pt;\">\n<td style=\"height: 13.50pt;\" height=\"18\">Ambito di personalizzazione<\/td>\n<td>Colore, Coperchi, Forma, Dimensione<\/td>\n<\/tr>\n<tr style=\"height: 13.50pt;\">\n<td style=\"height: 13.50pt;\" height=\"18\">Artigianato<\/td>\n<td>Soffiatura del vetro, tornitura del legno, assemblaggio di corde<\/td>\n<\/tr>\n<tr style=\"height: 13.50pt;\">\n<td style=\"height: 13.50pt;\" height=\"18\">Industrie adatte<\/td>\n<td>Accessori per auto, marchi lifestyle, aromaterapia<\/td>\n<\/tr>\n<\/tbody>\n<\/table>\n<h2>Storia di successo: un marchio coreano di ricambi auto al botteghino<\/h2>\n<p>Un marchio coreano di accessori per auto ha acquistato un&#039;ingente quantit\u00e0 dei nostri flaconi da 10 ml per deodorante per auto. I clienti hanno apprezzato il cordino intrecciato preinstallato, che non solo ha fatto risparmiare loro tempo, ma ha anche aumentato la soddisfazione del cliente del 35%. Utilizzando una combinazione di perline di legno e cristallo, il prodotto si \u00e8 rivelato un regalo molto attraente, con un aumento del 200% delle vendite durante le festivit\u00e0. L&#039;azienda \u00e8 stata molto soddisfatta del successo del prodotto e, per essere pronta per l&#039;anno successivo, ha effettuato un ulteriore ordine di 800.000 flaconi.<\/p>\n<h2>Personalizzazione delle bottiglie vuote del diffusore per auto<\/h2>\n<ul>\n<li>Finiture e colori del vetro: \u00e8 possibile scegliere tra trasparente e fum\u00e9 oppure ambrato e opaco.<\/li>\n<li>Opzioni del coperchio in legno: il coperchio \u00e8 realizzato in diversi tipi di legno, come bamb\u00f9, sandalo o noce.<\/li>\n<li>Personalizzazione di cordini e perline: puoi scegliere il colore e il materiale del cordino (cotone, pelle) e anche il tipo di perline (pietra, metallo, ceramica) che desideri utilizzare.<\/li>\n<li>Serigrafia: con la serigrafia \u00e8 possibile stampare sul vetro sia disegni semplici che parole.<\/li>\n<\/ul>","protected":false},"excerpt":{"rendered":"<p>Eleganti flaconi vuoti per diffusori per auto con tappo in legno e cordino in cristallo, perfetti come flaconi per diffusori di deodoranti per auto con oli essenziali, direttamente dalla fabbrica.<\/p>","protected":false},"featured_media":4824,"template":"","meta":{"postBodyCss":"","postBodyMargin":[],"postBodyPadding":[],"postBodyBackground":{"backgroundType":"classic","gradient":""}},"product_brand":[],"product_cat":[15,16,63],"product_tag":[],"class_list":{"0":"post-4819","1":"product","2":"type-product","3":"status-publish","4":"has-post-thumbnail","6":"product_cat-glass-containers","7":"product_cat-glass-bottles","8":"product_cat-reed-diffuser-bottles","10":"first","11":"instock","12":"shipping-taxable","13":"product-type-simple"},"jetpack_sharing_enabled":true,"_links":{"self":[{"href":"https:\/\/minghanggroup.com\/it\/wp-json\/wp\/v2\/product\/4819","targetHints":{"allow":["GET"]}}],"collection":[{"href":"https:\/\/minghanggroup.com\/it\/wp-json\/wp\/v2\/product"}],"about":[{"href":"https:\/\/minghanggroup.com\/it\/wp-json\/wp\/v2\/types\/product"}],"wp:featuredmedia":[{"embeddable":true,"href":"https:\/\/minghanggroup.com\/it\/wp-json\/wp\/v2\/media\/4824"}],"wp:attachment":[{"href":"https:\/\/minghanggroup.com\/it\/wp-json\/wp\/v2\/media?parent=4819"}],"wp:term":[{"taxonomy":"product_brand","embeddable":true,"href":"https:\/\/minghanggroup.com\/it\/wp-json\/wp\/v2\/product_brand?post=4819"},{"taxonomy":"product_cat","embeddable":true,"href":"https:\/\/minghanggroup.com\/it\/wp-json\/wp\/v2\/product_cat?post=4819"},{"taxonomy":"product_tag","embeddable":true,"href":"https:\/\/minghanggroup.com\/it\/wp-json\/wp\/v2\/product_tag?post=4819"}],"curies":[{"name":"wp","href":"https:\/\/api.w.org\/{rel}","templated":true}]}}