{"id":4808,"date":"2026-01-19T16:20:22","date_gmt":"2026-01-19T08:20:22","guid":{"rendered":"https:\/\/minghanggroup.com\/?post_type=product&#038;p=4808"},"modified":"2026-01-19T16:20:24","modified_gmt":"2026-01-19T08:20:24","slug":"octagonal-clear-reed-diffuser-glass-bottles-bulk","status":"publish","type":"product","link":"https:\/\/minghanggroup.com\/it\/prodotto\/octagonal-clear-reed-diffuser-glass-bottles-bulk\/","title":{"rendered":"Diffusore di fragranza in vetro trasparente ottagonale da 100 ml, 200 ml e 500 ml, sfuso"},"content":{"rendered":"<p>I vostri diffusori non dovrebbero solo contenere la fragranza, ma anche far danzare la luce come una scultura moderna. Come fornitori di diffusori specializzati in soluzioni con bastoncini di vetro, realizziamo flaconi di lusso che trasformano il vostro diffusore di oli essenziali nella stella silenziosa di una stanza.<\/p>\n<h2>Caratteristiche del prodotto<\/h2>\n<ul>\n<li><strong>Design ottagonale sfaccettato:<\/strong> La forma ottagonale della struttura regolare e simmetrica non solo accresce la bellezza geometrica, ma aumenta anche la rifrazione della luce, creando un&#039;esposizione pi\u00f9 accattivante, unica e accattivante.<\/li>\n<li><strong>Materiale in vetro ad alta trasparenza:<\/strong> La bottiglia per aromaterapia \u00e8 realizzata in vetro ad alta trasparenza, che consente di vedere chiaramente sia il colore che il livello del liquido, contribuendo cos\u00ec all&#039;aspetto estetico complessivo.<\/li>\n<li><strong>Base stabile e ispessita:<\/strong> Grazie alla base stabile, \u00e8 meno probabile che la bottiglia si ribalti accidentalmente, quindi pu\u00f2 essere lasciata in casa o in un punto elevato in un ambiente commerciale per un lungo periodo di tempo.<\/li>\n<\/ul>\n<h2>Specifiche chiave<\/h2>\n<table style=\"border-collapse: collapse; width: 80%; margin-left: auto; margin-right: auto;\" border=\"0\" width=\"288\" cellspacing=\"0\" cellpadding=\"0\">\n<tbody>\n<tr style=\"height: 13.50pt;\">\n<td style=\"height: 13.5pt; width: 54pt; text-align: center;\" width=\"72\" height=\"18\">Dimensioni (ml)<\/td>\n<td style=\"width: 54pt; text-align: center;\" width=\"72\">Dimensioni (mm)<\/td>\n<td style=\"width: 54pt; text-align: center;\" width=\"72\">Diametro del collo (mm)<\/td>\n<td style=\"width: 54pt; text-align: center;\" width=\"72\">Forma<\/td>\n<\/tr>\n<tr style=\"height: 13.50pt;\">\n<td style=\"height: 13.5pt; text-align: center;\" align=\"right\" height=\"18\">100<\/td>\n<td style=\"text-align: center;\">84 \u00d7 100<\/td>\n<td style=\"text-align: center;\">17\/27<\/td>\n<td class=\"et2\" style=\"text-align: center;\" rowspan=\"3\">Ottagonale<\/td>\n<\/tr>\n<tr style=\"height: 13.50pt;\">\n<td style=\"height: 13.5pt; text-align: center;\" align=\"right\" height=\"18\">200<\/td>\n<td style=\"text-align: center;\">101 \u00d7 117<\/td>\n<td style=\"text-align: center;\">17\/27<\/td>\n<\/tr>\n<tr style=\"height: 13.50pt;\">\n<td style=\"height: 13.5pt; text-align: center;\" align=\"right\" height=\"18\">500<\/td>\n<td style=\"text-align: center;\">155 \u00d7 153<\/td>\n<td style=\"text-align: center;\">18\/27<\/td>\n<\/tr>\n<\/tbody>\n<\/table>\n<h2>Caso di successo<\/h2>\n<p>Un&#039;azienda specializzata in fragranze per la casa e soluzioni di aromaterapia per hotel ha deciso di collaborare con noi per progettare il suo flacone diffusore in vetro ottagonale. Il cliente ha scelto un vetro ad alta trasparenza, ha personalizzato il collo del flacone in metallo galvanizzato e, selezionando un formato personalizzato in fibra di vetro nera, ha creato un forte contrasto visivo con il vetro trasparente.<\/p>\n<p>Dopo il lancio del prodotto, il volume totale delle vendite \u00e8 aumentato di circa il 30% nel primo trimestre, aumentando cos\u00ec la competitivit\u00e0 del marchio nel mercato degli acquisti all&#039;ingrosso.<\/p>\n<h2>Le tue opzioni di personalizzazione<\/h2>\n<ol>\n<li><strong>Colore del vetro e processo di rivestimento interno:<\/strong> Il prodotto \u00e8 disponibile in colore trasparente, grigio fum\u00e9 chiaro, ambra o in un colore traslucido rivestito internamente che bilancia l&#039;aspetto decorativo e la protezione dalla luce del liquido profumato.<\/li>\n<li><strong>Aggiornamenti dei componenti delle lamelle e del diffusore: <\/strong>Le opzioni includono canne di rattan naturale, canne in fibra o canne con lunghezza\/diametro personalizzati, e supporti tinti o con design di canne dalla forma unica.<\/li>\n<li><strong>Personalizzazione esclusiva del marchio:<\/strong> Sono supportate la serigrafia, la stampa a caldo e i loghi in rilievo sul corpo della bottiglia, insieme a codici incisi o marchi anticontraffazione sul fondo della bottiglia, garantendo cos\u00ec un livello pi\u00f9 elevato di esclusivit\u00e0 del marchio.<\/li>\n<\/ol>","protected":false},"excerpt":{"rendered":"<p>Questi flaconi diffusori in vetro presentano un esclusivo design ottagonale. Come fornitori di flaconi diffusori, offriamo la vendita diretta in fabbrica e supportiamo la personalizzazione all&#039;ingrosso.<\/p>","protected":false},"featured_media":4816,"template":"","meta":{"postBodyCss":"","postBodyMargin":[],"postBodyPadding":[],"postBodyBackground":{"backgroundType":"classic","gradient":""}},"product_brand":[],"product_cat":[15,16,63],"product_tag":[],"class_list":{"0":"post-4808","1":"product","2":"type-product","3":"status-publish","4":"has-post-thumbnail","6":"product_cat-glass-containers","7":"product_cat-glass-bottles","8":"product_cat-reed-diffuser-bottles","10":"first","11":"instock","12":"shipping-taxable","13":"product-type-simple"},"jetpack_sharing_enabled":true,"_links":{"self":[{"href":"https:\/\/minghanggroup.com\/it\/wp-json\/wp\/v2\/product\/4808","targetHints":{"allow":["GET"]}}],"collection":[{"href":"https:\/\/minghanggroup.com\/it\/wp-json\/wp\/v2\/product"}],"about":[{"href":"https:\/\/minghanggroup.com\/it\/wp-json\/wp\/v2\/types\/product"}],"wp:featuredmedia":[{"embeddable":true,"href":"https:\/\/minghanggroup.com\/it\/wp-json\/wp\/v2\/media\/4816"}],"wp:attachment":[{"href":"https:\/\/minghanggroup.com\/it\/wp-json\/wp\/v2\/media?parent=4808"}],"wp:term":[{"taxonomy":"product_brand","embeddable":true,"href":"https:\/\/minghanggroup.com\/it\/wp-json\/wp\/v2\/product_brand?post=4808"},{"taxonomy":"product_cat","embeddable":true,"href":"https:\/\/minghanggroup.com\/it\/wp-json\/wp\/v2\/product_cat?post=4808"},{"taxonomy":"product_tag","embeddable":true,"href":"https:\/\/minghanggroup.com\/it\/wp-json\/wp\/v2\/product_tag?post=4808"}],"curies":[{"name":"wp","href":"https:\/\/api.w.org\/{rel}","templated":true}]}}