{"id":4789,"date":"2026-01-19T16:21:28","date_gmt":"2026-01-19T08:21:28","guid":{"rendered":"https:\/\/minghanggroup.com\/?post_type=product&#038;p=4789"},"modified":"2026-01-19T16:45:02","modified_gmt":"2026-01-19T08:45:02","slug":"tree-shaped-beautiful-diffuser-bottles-for-decorative-bulk","status":"publish","type":"product","link":"https:\/\/minghanggroup.com\/it\/prodotto\/tree-shaped-beautiful-diffuser-bottles-for-decorative-bulk\/","title":{"rendered":"80 ml 98 ml Bellissime bottiglie diffusore a forma di albero per decorazioni all&#039;ingrosso"},"content":{"rendered":"<p>I tuoi splendidi flaconi diffusori non dovrebbero solo contenere il profumo: dovrebbero anche far danzare la luce come una brezza di bosco. Come specialisti in flaconi decorativi per diffusori a bastoncini, realizziamo flaconi diffusori in vetro che trasformano il tuo diffusore di oli essenziali in un capolavoro silenzioso per la tua stanza.<\/p>\n<h2>Caratteristiche del prodotto<\/h2>\n<ul>\n<li><strong>Silhouette di albero organico:<\/strong> Le curve sagomate dei rami riflettono la luce come se fossero legno vero, trasformando immediatamente la fragranza per la tua casa in un&#039;opera d&#039;arte.<\/li>\n<li><strong>Doppio, versatilit\u00e0 d&#039;uso:<\/strong> Che si tratti di un tappo di vetro o di bastoncini di rattan naturale, la confezione del diffusore \u00e8 immediatamente adattabile.<\/li>\n<li><strong>Base stabile dell&#039;albero:<\/strong> Niente vibrazioni sui tavoli di marmo. Il flacone diffusore in vetro \u00e8 solido e lussuoso al tatto.<\/li>\n<\/ul>\n<h2>Specifiche chiave<\/h2>\n<table style=\"border-collapse: collapse; width: 80%; margin-left: auto; margin-right: auto;\" border=\"0\" width=\"288\" cellspacing=\"0\" cellpadding=\"0\">\n<tbody>\n<tr style=\"height: 13.50pt;\">\n<td style=\"height: 13.5pt; width: 54pt; text-align: center;\" width=\"72\" height=\"18\">Dimensioni (ml)<\/td>\n<td style=\"width: 54pt; text-align: center;\" width=\"72\">Dimensioni (mm)<\/td>\n<td style=\"width: 54pt; text-align: center;\" width=\"72\">Diametro del collo (mm)<\/td>\n<td style=\"width: 54pt; text-align: center;\" width=\"72\">Forma<\/td>\n<\/tr>\n<tr style=\"height: 13.50pt;\">\n<td style=\"height: 13.5pt; text-align: center;\" align=\"right\" height=\"18\">80<\/td>\n<td style=\"text-align: center;\">66 \u00d7 108<\/td>\n<td style=\"text-align: center;\">15\/24<\/td>\n<td class=\"et2\" style=\"text-align: center;\" rowspan=\"2\">sagoma di albero<\/td>\n<\/tr>\n<tr style=\"height: 13.50pt;\">\n<td style=\"height: 13.5pt; text-align: center;\" align=\"right\" height=\"18\">98<\/td>\n<td style=\"text-align: center;\">66 \u00d7 101<\/td>\n<td style=\"text-align: center;\">15\/25<\/td>\n<\/tr>\n<\/tbody>\n<\/table>\n<h2>Caso di successo<\/h2>\n<p>Un marchio di fragranze per la casa specializzato in articoli da regalo ha collaborato con noi per personalizzare questo diffusore in vetro a forma di albero per la sua collezione natalizia in edizione limitata. Per la confezione a tema natalizio, il cliente ha optato per un vetro verde personalizzato. Il flacone, inciso con il logo del marchio, \u00e8 decorato anche con dettagli dorati.<\/p>\n<p>Dopo l&#039;introduzione del prodotto, le vendite sono aumentate di quasi il 28% nel primo trimestre, rafforzando cos\u00ec significativamente la posizione del marchio nel mercato delle fragranze decorative.<\/p>\n<h2>Le tue opzioni di personalizzazione<\/h2>\n<ol>\n<li><strong>Colore del vetro e trattamento superficiale:<\/strong> A seconda del livello di trasparenza, \u00e8 possibile scegliere tra una variet\u00e0 di opzioni, come colori sfumati, tonalit\u00e0 di luce interne o effetti smerigliati specifici per area, per migliorare l&#039;aspetto decorativo e creare una certa atmosfera nello spazio.<\/li>\n<li><strong>Accessori decorativi di livello superiore:<\/strong> Se abbinate a pezzi in rattan realizzati su misura (che possono avere un motivo dritto, a spirale o floreale) o a un insolito coperchio in vetro, queste caratteristiche rafforzano l&#039;attrattiva del prodotto come regalo e il suo impatto visivo.<\/li>\n<li><strong>Combinazioni di capacit\u00e0 e set:<\/strong> Il prodotto \u00e8 disponibile in diverse capacit\u00e0 e pu\u00f2 essere combinato in set regalo o set di fragranze, ideali per vacanze, hotel o progetti personalizzati.<\/li>\n<\/ol>","protected":false},"excerpt":{"rendered":"<p>Bellissimi flaconi diffusori, progettati come flaconi decorativi con bastoncini. Fornitura diretta dalla fabbrica con personalizzazione all&#039;ingrosso e spedizione rapida per i vostri marchi.<\/p>","protected":false},"featured_media":4807,"template":"","meta":{"postBodyCss":"","postBodyMargin":[],"postBodyPadding":[],"postBodyBackground":{"backgroundType":"classic","gradient":""}},"product_brand":[],"product_cat":[15,16,63],"product_tag":[],"class_list":{"0":"post-4789","1":"product","2":"type-product","3":"status-publish","4":"has-post-thumbnail","6":"product_cat-glass-containers","7":"product_cat-glass-bottles","8":"product_cat-reed-diffuser-bottles","10":"first","11":"instock","12":"shipping-taxable","13":"product-type-simple"},"jetpack_sharing_enabled":true,"_links":{"self":[{"href":"https:\/\/minghanggroup.com\/it\/wp-json\/wp\/v2\/product\/4789","targetHints":{"allow":["GET"]}}],"collection":[{"href":"https:\/\/minghanggroup.com\/it\/wp-json\/wp\/v2\/product"}],"about":[{"href":"https:\/\/minghanggroup.com\/it\/wp-json\/wp\/v2\/types\/product"}],"wp:featuredmedia":[{"embeddable":true,"href":"https:\/\/minghanggroup.com\/it\/wp-json\/wp\/v2\/media\/4807"}],"wp:attachment":[{"href":"https:\/\/minghanggroup.com\/it\/wp-json\/wp\/v2\/media?parent=4789"}],"wp:term":[{"taxonomy":"product_brand","embeddable":true,"href":"https:\/\/minghanggroup.com\/it\/wp-json\/wp\/v2\/product_brand?post=4789"},{"taxonomy":"product_cat","embeddable":true,"href":"https:\/\/minghanggroup.com\/it\/wp-json\/wp\/v2\/product_cat?post=4789"},{"taxonomy":"product_tag","embeddable":true,"href":"https:\/\/minghanggroup.com\/it\/wp-json\/wp\/v2\/product_tag?post=4789"}],"curies":[{"name":"wp","href":"https:\/\/api.w.org\/{rel}","templated":true}]}}